{"id":2091,"date":"2023-02-21T17:16:18","date_gmt":"2023-02-21T17:16:18","guid":{"rendered":"https:\/\/schluesseldienstbremen.org\/?page_id=2091"},"modified":"2024-06-21T12:11:38","modified_gmt":"2024-06-21T12:11:38","slug":"oyten","status":"publish","type":"page","link":"https:\/\/schluesseldienstbremen.org\/en\/oyten\/","title":{"rendered":"Schl\u00fcsseldienst Oyten"},"content":{"rendered":"<p><strong>Schl\u00fcsseldienst Oyten<\/strong><\/p>\n\n\n\n<p><\/p>\n\n\n\n<p>Unser <a href=\"https:\/\/schluesseldienstbremen.org\/en\/\">Locksmith<\/a> Edu in Bremen Schweizer eck in Osterholz&nbsp;ist eine Schl\u00fcsselnotdienst f\u00fcr 24h am Tag 365 Tage in Jahr, falls Sie Ihre Schl\u00fcssel vergessen, verloren oder einfach abgebrochen, haben wir rund um die Uhr ein Schl\u00fcsseldienst in Oyten und Um zu f\u00fcr Sie. <\/p>\n\n\n\n<p>Wir sind  ein speziell ausgebildet  Schl\u00fcsseldienst und ausgestattet mit Moderne Werkzeug um jede Art von T\u00fcr ohne Sch\u00e4den zu \u00f6ffnen.<\/p>\n\n\n\n<h5 class=\"wp-block-heading\"> Schl\u00fcsseldienst Edu in Bremen Osterholz(Schweizer Eck),&nbsp; bieten Schl\u00fcsselnotdienst in  Oyten und Bremen. Unser Notruf: 0176\/3874258 <\/h5>\n\n\n\n<p>F\u00fcr eine erfolgreiche Schl\u00fcsseldienst ist es wichtig, einen qualifizierten Fachmann zu beauftragen, der \u00fcber die notwendigen Werkzeuge und F\u00e4higkeiten verf\u00fcgt, um Jeder T\u00fcr sicher ohne Sch\u00e4den zu \u00f6ffnen.<\/p>\n\n\n\n<p>Unser Schl\u00fcsseldienst Bremen-Eck bietet Schl\u00fcsselnotdienst am Oyten, 28325, 28329, 28307 <a href=\"https:\/\/de.wikipedia.org\/wiki\/Bremen\">Bremen<\/a> 24 Stunden\u00a0ist auch Anbieter von Schl\u00fcsseldienst in Ganz Bremen.<\/p>\n\n\n\n<p><strong>Schl\u00fcsseldienst Oyten <\/strong><\/p>\n\n\n\n<p>Wir sind rund um die Uhr f\u00fcr unser treue Kunden da und k\u00f6nnen innerhalb von 10-30 Minuten vor Ort sein, um eine L\u00f6sung zu bieten.<\/p>\n\n\n\n<p> Es ist wichtig, sicherzustellen, dass man einen vertrauensw\u00fcrdigen Schl\u00fcsseldienst mit einem Festen Sitzplatz ausw\u00e4hlt, um sicherzustellen, dass die T\u00fcr sicher und effektiv aufgemacht wird.<\/p>\n\n\n\n<p>Schl\u00fcsseln sind ein wichtiger Bestandteil unseres t\u00e4glichen Lebens und sorgen daf\u00fcr, dass wir Zugang zu unseren H\u00e4usern, Autos und anderen privaten Bereichen haben.<\/p>\n\n\n\n<p>Doch was passiert, wenn wir unseren Schl\u00fcssel verlieren oder unbeabsichtigt im Schloss stecken lassen? Hier kommen Schl\u00fcsseldienste ins Spiel.<\/p>\n\n\n\n<figure data-spectra-id=\"spectra-5a7e6f23-1f22-4eec-bf7b-9074b43c3591\" class=\"wp-block-image size-large\"><img fetchpriority=\"high\" decoding=\"async\" width=\"1024\" height=\"680\" src=\"https:\/\/schluesseldienstbremen.org\/wp-content\/uploads\/2024\/06\/DSC_7722_ver-1024x680.jpg\" alt=\"DSC 7722 Ver 1024x680\" class=\"wp-image-2750\" title=\"Schl\u00fcsseldienst Oyten\" srcset=\"https:\/\/schluesseldienstbremen.org\/wp-content\/uploads\/2024\/06\/DSC_7722_ver-1024x680.jpg 1024w, https:\/\/schluesseldienstbremen.org\/wp-content\/uploads\/2024\/06\/DSC_7722_ver-300x199.jpg 300w, https:\/\/schluesseldienstbremen.org\/wp-content\/uploads\/2024\/06\/DSC_7722_ver-768x510.jpg 768w, https:\/\/schluesseldienstbremen.org\/wp-content\/uploads\/2024\/06\/DSC_7722_ver-1536x1020.jpg 1536w, https:\/\/schluesseldienstbremen.org\/wp-content\/uploads\/2024\/06\/DSC_7722_ver-18x12.jpg 18w, https:\/\/schluesseldienstbremen.org\/wp-content\/uploads\/2024\/06\/DSC_7722_ver-600x398.jpg 600w, https:\/\/schluesseldienstbremen.org\/wp-content\/uploads\/2024\/06\/DSC_7722_ver.jpg 1920w\" sizes=\"(max-width: 1024px) 100vw, 1024px\" \/><\/figure>\n\n\n\n<p>Schl\u00fcsseldienste sind Dienstleister, weil die rund um die Uhr verf\u00fcgbar sind, um Menschen bei Schl\u00fcsselproblemen zu helfen. Sie bieten eine schnelle und effektive L\u00f6sung f\u00fcr den Zugang zu verschlossenen T\u00fcren und Autos.<\/p>\n\n\n\n<p>Schl\u00fcsseldienst Bremen-Eck ist ausgestattet, mit den neuesten Werkzeugen und Technologien, um jedes Schloss oder jede T\u00fcr ohne Sch\u00e4den zu \u00f6ffnen.<\/p>\n\n\n\n<p>Es ist wichtig und bei der Wahl eines Schl\u00fcsseldienstes auf die Reputation und die Erfahrung zu achten. um sicherzustellen, dass man in guten H\u00e4nden ist. Daher Rufen Sie uns unter <strong>der Nummer: 0421-425385 <\/strong>an.<\/p>\n\n\n\n<p>Schl\u00fcsseldienst Oyten <\/p>\n\n\n\n<p>&nbsp;<\/p>","protected":false},"excerpt":{"rendered":"<p>Schl\u00fcsseldienst Oyten Unser Schl\u00fcsseldienst Edu in Bremen Schweizer eck in Osterholz&nbsp;ist eine Schl\u00fcsselnotdienst f\u00fcr 24h am Tag 365 Tage in Jahr, falls Sie Ihre Schl\u00fcssel vergessen, verloren oder einfach abgebrochen, haben wir rund um die Uhr ein Schl\u00fcsseldienst in Oyten und Um zu f\u00fcr Sie. Wir sind ein speziell ausgebildet Schl\u00fcsseldienst und ausgestattet mit Moderne [&hellip;]<\/p>\n","protected":false},"author":2,"featured_media":2510,"parent":0,"menu_order":0,"comment_status":"closed","ping_status":"closed","template":"","meta":{"_uag_custom_page_level_css":"","site-sidebar-layout":"default","site-content-layout":"","ast-site-content-layout":"default","site-content-style":"default","site-sidebar-style":"default","ast-global-header-display":"","ast-banner-title-visibility":"","ast-main-header-display":"","ast-hfb-above-header-display":"","ast-hfb-below-header-display":"","ast-hfb-mobile-header-display":"","site-post-title":"","ast-breadcrumbs-content":"","ast-featured-img":"","footer-sml-layout":"","ast-disable-related-posts":"","theme-transparent-header-meta":"","adv-header-id-meta":"","stick-header-meta":"","header-above-stick-meta":"","header-main-stick-meta":"","header-below-stick-meta":"","astra-migrate-meta-layouts":"default","ast-page-background-enabled":"default","ast-page-background-meta":{"desktop":{"background-color":"","background-image":"","background-repeat":"repeat","background-position":"center center","background-size":"auto","background-attachment":"scroll","background-type":"","background-media":"","overlay-type":"","overlay-color":"","overlay-opacity":"","overlay-gradient":""},"tablet":{"background-color":"","background-image":"","background-repeat":"repeat","background-position":"center center","background-size":"auto","background-attachment":"scroll","background-type":"","background-media":"","overlay-type":"","overlay-color":"","overlay-opacity":"","overlay-gradient":""},"mobile":{"background-color":"","background-image":"","background-repeat":"repeat","background-position":"center center","background-size":"auto","background-attachment":"scroll","background-type":"","background-media":"","overlay-type":"","overlay-color":"","overlay-opacity":"","overlay-gradient":""}},"ast-content-background-meta":{"desktop":{"background-color":"var(--ast-global-color-5)","background-image":"","background-repeat":"repeat","background-position":"center center","background-size":"auto","background-attachment":"scroll","background-type":"","background-media":"","overlay-type":"","overlay-color":"","overlay-opacity":"","overlay-gradient":""},"tablet":{"background-color":"var(--ast-global-color-5)","background-image":"","background-repeat":"repeat","background-position":"center center","background-size":"auto","background-attachment":"scroll","background-type":"","background-media":"","overlay-type":"","overlay-color":"","overlay-opacity":"","overlay-gradient":""},"mobile":{"background-color":"var(--ast-global-color-5)","background-image":"","background-repeat":"repeat","background-position":"center center","background-size":"auto","background-attachment":"scroll","background-type":"","background-media":"","overlay-type":"","overlay-color":"","overlay-opacity":"","overlay-gradient":""}},"footnotes":""},"class_list":["post-2091","page","type-page","status-publish","has-post-thumbnail","hentry"],"yoast_head":"<!-- This site is optimized with the Yoast SEO plugin v27.1.1 - https:\/\/yoast.com\/product\/yoast-seo-wordpress\/ -->\n<title>Schl\u00fcsseldienst Oyten 24h T\u00fcr\u00f6ffnung<\/title>\n<meta name=\"description\" content=\"Schl\u00fcsseldienst Oyten 24h \u2714\ufe0f 10-30 Min. vor Ort\u2714\ufe0f 24h Schl\u00fcsselnotdienst\u2714\ufe0f \u2714\ufe0flangj\u00e4hrige Erfahrung\u2714\ufe0f \u260e\ufe0f 0421-425385\" \/>\n<meta name=\"robots\" content=\"index, follow, max-snippet:-1, max-image-preview:large, max-video-preview:-1\" \/>\n<link rel=\"canonical\" href=\"https:\/\/schluesseldienstbremen.org\/en\/oyten\/\" \/>\n<meta property=\"og:locale\" content=\"en_US\" \/>\n<meta property=\"og:type\" content=\"article\" \/>\n<meta property=\"og:title\" content=\"Schl\u00fcsseldienst Oyten 24h T\u00fcr\u00f6ffnung\" \/>\n<meta property=\"og:description\" content=\"Schl\u00fcsseldienst Oyten 24h \u2714\ufe0f 10-30 Min. vor Ort\u2714\ufe0f 24h Schl\u00fcsselnotdienst\u2714\ufe0f \u2714\ufe0flangj\u00e4hrige Erfahrung\u2714\ufe0f \u260e\ufe0f 0421-425385\" \/>\n<meta property=\"og:url\" content=\"https:\/\/schluesseldienstbremen.org\/en\/oyten\/\" \/>\n<meta property=\"og:site_name\" content=\"Schl\u00fcsseldienst Edu\" \/>\n<meta property=\"article:modified_time\" content=\"2024-06-21T12:11:38+00:00\" \/>\n<meta property=\"og:image\" content=\"https:\/\/schluesseldienstbremen.org\/wp-content\/uploads\/2023\/03\/Schluesseldienst-fuer-Bremen-Horn-11.png\" \/>\n\t<meta property=\"og:image:width\" content=\"1366\" \/>\n\t<meta property=\"og:image:height\" content=\"768\" \/>\n\t<meta property=\"og:image:type\" content=\"image\/png\" \/>\n<meta name=\"twitter:card\" content=\"summary_large_image\" \/>\n<meta name=\"twitter:label1\" content=\"Est. reading time\" \/>\n\t<meta name=\"twitter:data1\" content=\"3 minutes\" \/>\n<script type=\"application\/ld+json\" class=\"yoast-schema-graph\">{\"@context\":\"https:\/\/schema.org\",\"@graph\":[{\"@type\":\"WebPage\",\"@id\":\"https:\/\/schluesseldienstbremen.org\/oyten\/\",\"url\":\"https:\/\/schluesseldienstbremen.org\/oyten\/\",\"name\":\"Schl\u00fcsseldienst Oyten 24h T\u00fcr\u00f6ffnung\",\"isPartOf\":{\"@id\":\"https:\/\/schluesseldienstbremen.org\/#website\"},\"primaryImageOfPage\":{\"@id\":\"https:\/\/schluesseldienstbremen.org\/oyten\/#primaryimage\"},\"image\":{\"@id\":\"https:\/\/schluesseldienstbremen.org\/oyten\/#primaryimage\"},\"thumbnailUrl\":\"https:\/\/schluesseldienstbremen.org\/wp-content\/uploads\/2023\/03\/Schluesseldienst-fuer-Bremen-Horn-11.png\",\"datePublished\":\"2023-02-21T17:16:18+00:00\",\"dateModified\":\"2024-06-21T12:11:38+00:00\",\"description\":\"Schl\u00fcsseldienst Oyten 24h \u2714\ufe0f 10-30 Min. vor Ort\u2714\ufe0f 24h Schl\u00fcsselnotdienst\u2714\ufe0f \u2714\ufe0flangj\u00e4hrige Erfahrung\u2714\ufe0f \u260e\ufe0f 0421-425385\",\"breadcrumb\":{\"@id\":\"https:\/\/schluesseldienstbremen.org\/oyten\/#breadcrumb\"},\"inLanguage\":\"en-US\",\"potentialAction\":[{\"@type\":\"ReadAction\",\"target\":[\"https:\/\/schluesseldienstbremen.org\/oyten\/\"]}]},{\"@type\":\"ImageObject\",\"inLanguage\":\"en-US\",\"@id\":\"https:\/\/schluesseldienstbremen.org\/oyten\/#primaryimage\",\"url\":\"https:\/\/schluesseldienstbremen.org\/wp-content\/uploads\/2023\/03\/Schluesseldienst-fuer-Bremen-Horn-11.png\",\"contentUrl\":\"https:\/\/schluesseldienstbremen.org\/wp-content\/uploads\/2023\/03\/Schluesseldienst-fuer-Bremen-Horn-11.png\",\"width\":1366,\"height\":768,\"caption\":\"Schl\u00fcsseldienst Bremen Horn\"},{\"@type\":\"BreadcrumbList\",\"@id\":\"https:\/\/schluesseldienstbremen.org\/oyten\/#breadcrumb\",\"itemListElement\":[{\"@type\":\"ListItem\",\"position\":1,\"name\":\"Startseite\",\"item\":\"https:\/\/schluesseldienstbremen.org\/\"},{\"@type\":\"ListItem\",\"position\":2,\"name\":\"Schl\u00fcsseldienst Oyten\"}]},{\"@type\":\"WebSite\",\"@id\":\"https:\/\/schluesseldienstbremen.org\/#website\",\"url\":\"https:\/\/schluesseldienstbremen.org\/\",\"name\":\"Schl\u00fcsseldienst Edu\",\"description\":\"Schl\u00fcsseldienst 24 Stunden Festpreis\",\"publisher\":{\"@id\":\"https:\/\/schluesseldienstbremen.org\/#organization\"},\"potentialAction\":[{\"@type\":\"SearchAction\",\"target\":{\"@type\":\"EntryPoint\",\"urlTemplate\":\"https:\/\/schluesseldienstbremen.org\/?s={search_term_string}\"},\"query-input\":{\"@type\":\"PropertyValueSpecification\",\"valueRequired\":true,\"valueName\":\"search_term_string\"}}],\"inLanguage\":\"en-US\"},{\"@type\":\"Organization\",\"@id\":\"https:\/\/schluesseldienstbremen.org\/#organization\",\"name\":\"Schl\u00fcsseldienst-Bremen-Eck\",\"url\":\"https:\/\/schluesseldienstbremen.org\/\",\"logo\":{\"@type\":\"ImageObject\",\"inLanguage\":\"en-US\",\"@id\":\"https:\/\/schluesseldienstbremen.org\/#\/schema\/logo\/image\/\",\"url\":\"https:\/\/schluesseldienstbremen.org\/wp-content\/uploads\/2023\/02\/sweet-cakes-1.png\",\"contentUrl\":\"https:\/\/schluesseldienstbremen.org\/wp-content\/uploads\/2023\/02\/sweet-cakes-1.png\",\"width\":500,\"height\":500,\"caption\":\"Schl\u00fcsseldienst-Bremen-Eck\"},\"image\":{\"@id\":\"https:\/\/schluesseldienstbremen.org\/#\/schema\/logo\/image\/\"},\"sameAs\":[\"https:\/\/instagram.com\/schluesseldienstbremen\"]}]}<\/script>\n<!-- \/ Yoast SEO plugin. -->","yoast_head_json":{"title":"Schl\u00fcsseldienst Oyten 24h T\u00fcr\u00f6ffnung","description":"Schl\u00fcsseldienst Oyten 24h \u2714\ufe0f 10-30 Min. vor Ort\u2714\ufe0f 24h Schl\u00fcsselnotdienst\u2714\ufe0f \u2714\ufe0flangj\u00e4hrige Erfahrung\u2714\ufe0f \u260e\ufe0f 0421-425385","robots":{"index":"index","follow":"follow","max-snippet":"max-snippet:-1","max-image-preview":"max-image-preview:large","max-video-preview":"max-video-preview:-1"},"canonical":"https:\/\/schluesseldienstbremen.org\/en\/oyten\/","og_locale":"en_US","og_type":"article","og_title":"Schl\u00fcsseldienst Oyten 24h T\u00fcr\u00f6ffnung","og_description":"Schl\u00fcsseldienst Oyten 24h \u2714\ufe0f 10-30 Min. vor Ort\u2714\ufe0f 24h Schl\u00fcsselnotdienst\u2714\ufe0f \u2714\ufe0flangj\u00e4hrige Erfahrung\u2714\ufe0f \u260e\ufe0f 0421-425385","og_url":"https:\/\/schluesseldienstbremen.org\/en\/oyten\/","og_site_name":"Schl\u00fcsseldienst Edu","article_modified_time":"2024-06-21T12:11:38+00:00","og_image":[{"width":1366,"height":768,"url":"https:\/\/schluesseldienstbremen.org\/wp-content\/uploads\/2023\/03\/Schluesseldienst-fuer-Bremen-Horn-11.png","type":"image\/png"}],"twitter_card":"summary_large_image","twitter_misc":{"Est. reading time":"3 minutes"},"schema":{"@context":"https:\/\/schema.org","@graph":[{"@type":"WebPage","@id":"https:\/\/schluesseldienstbremen.org\/oyten\/","url":"https:\/\/schluesseldienstbremen.org\/oyten\/","name":"Schl\u00fcsseldienst Oyten 24h T\u00fcr\u00f6ffnung","isPartOf":{"@id":"https:\/\/schluesseldienstbremen.org\/#website"},"primaryImageOfPage":{"@id":"https:\/\/schluesseldienstbremen.org\/oyten\/#primaryimage"},"image":{"@id":"https:\/\/schluesseldienstbremen.org\/oyten\/#primaryimage"},"thumbnailUrl":"https:\/\/schluesseldienstbremen.org\/wp-content\/uploads\/2023\/03\/Schluesseldienst-fuer-Bremen-Horn-11.png","datePublished":"2023-02-21T17:16:18+00:00","dateModified":"2024-06-21T12:11:38+00:00","description":"Schl\u00fcsseldienst Oyten 24h \u2714\ufe0f 10-30 Min. vor Ort\u2714\ufe0f 24h Schl\u00fcsselnotdienst\u2714\ufe0f \u2714\ufe0flangj\u00e4hrige Erfahrung\u2714\ufe0f \u260e\ufe0f 0421-425385","breadcrumb":{"@id":"https:\/\/schluesseldienstbremen.org\/oyten\/#breadcrumb"},"inLanguage":"en-US","potentialAction":[{"@type":"ReadAction","target":["https:\/\/schluesseldienstbremen.org\/oyten\/"]}]},{"@type":"ImageObject","inLanguage":"en-US","@id":"https:\/\/schluesseldienstbremen.org\/oyten\/#primaryimage","url":"https:\/\/schluesseldienstbremen.org\/wp-content\/uploads\/2023\/03\/Schluesseldienst-fuer-Bremen-Horn-11.png","contentUrl":"https:\/\/schluesseldienstbremen.org\/wp-content\/uploads\/2023\/03\/Schluesseldienst-fuer-Bremen-Horn-11.png","width":1366,"height":768,"caption":"Schl\u00fcsseldienst Bremen Horn"},{"@type":"BreadcrumbList","@id":"https:\/\/schluesseldienstbremen.org\/oyten\/#breadcrumb","itemListElement":[{"@type":"ListItem","position":1,"name":"Startseite","item":"https:\/\/schluesseldienstbremen.org\/"},{"@type":"ListItem","position":2,"name":"Schl\u00fcsseldienst Oyten"}]},{"@type":"WebSite","@id":"https:\/\/schluesseldienstbremen.org\/#website","url":"https:\/\/schluesseldienstbremen.org\/","name":"Schl\u00fcsseldienst Edu","description":"Schl\u00fcsseldienst 24 Stunden Festpreis","publisher":{"@id":"https:\/\/schluesseldienstbremen.org\/#organization"},"potentialAction":[{"@type":"SearchAction","target":{"@type":"EntryPoint","urlTemplate":"https:\/\/schluesseldienstbremen.org\/?s={search_term_string}"},"query-input":{"@type":"PropertyValueSpecification","valueRequired":true,"valueName":"search_term_string"}}],"inLanguage":"en-US"},{"@type":"Organization","@id":"https:\/\/schluesseldienstbremen.org\/#organization","name":"Schl\u00fcsseldienst-Bremen-Eck","url":"https:\/\/schluesseldienstbremen.org\/","logo":{"@type":"ImageObject","inLanguage":"en-US","@id":"https:\/\/schluesseldienstbremen.org\/#\/schema\/logo\/image\/","url":"https:\/\/schluesseldienstbremen.org\/wp-content\/uploads\/2023\/02\/sweet-cakes-1.png","contentUrl":"https:\/\/schluesseldienstbremen.org\/wp-content\/uploads\/2023\/02\/sweet-cakes-1.png","width":500,"height":500,"caption":"Schl\u00fcsseldienst-Bremen-Eck"},"image":{"@id":"https:\/\/schluesseldienstbremen.org\/#\/schema\/logo\/image\/"},"sameAs":["https:\/\/instagram.com\/schluesseldienstbremen"]}]}},"uagb_featured_image_src":{"full":["https:\/\/schluesseldienstbremen.org\/wp-content\/uploads\/2023\/03\/Schluesseldienst-fuer-Bremen-Horn-11.png",1366,768,false],"thumbnail":["https:\/\/schluesseldienstbremen.org\/wp-content\/uploads\/2023\/03\/Schluesseldienst-fuer-Bremen-Horn-11-150x150.png",150,150,true],"medium":["https:\/\/schluesseldienstbremen.org\/wp-content\/uploads\/2023\/03\/Schluesseldienst-fuer-Bremen-Horn-11-300x169.png",300,169,true],"medium_large":["https:\/\/schluesseldienstbremen.org\/wp-content\/uploads\/2023\/03\/Schluesseldienst-fuer-Bremen-Horn-11-768x432.png",768,432,true],"large":["https:\/\/schluesseldienstbremen.org\/wp-content\/uploads\/2023\/03\/Schluesseldienst-fuer-Bremen-Horn-11-1024x576.png",1024,576,true],"1536x1536":["https:\/\/schluesseldienstbremen.org\/wp-content\/uploads\/2023\/03\/Schluesseldienst-fuer-Bremen-Horn-11.png",1366,768,false],"2048x2048":["https:\/\/schluesseldienstbremen.org\/wp-content\/uploads\/2023\/03\/Schluesseldienst-fuer-Bremen-Horn-11.png",1366,768,false],"trp-custom-language-flag":["https:\/\/schluesseldienstbremen.org\/wp-content\/uploads\/2023\/03\/Schluesseldienst-fuer-Bremen-Horn-11-18x10.png",18,10,true]},"uagb_author_info":{"display_name":"said yah","author_link":"https:\/\/schluesseldienstbremen.org\/en\/author\/said\/"},"uagb_comment_info":0,"uagb_excerpt":"Schl\u00fcsseldienst Oyten Unser Schl\u00fcsseldienst Edu in Bremen Schweizer eck in Osterholz&nbsp;ist eine Schl\u00fcsselnotdienst f\u00fcr 24h am Tag 365 Tage in Jahr, falls Sie Ihre Schl\u00fcssel vergessen, verloren oder einfach abgebrochen, haben wir rund um die Uhr ein Schl\u00fcsseldienst in Oyten und Um zu f\u00fcr Sie. Wir sind ein speziell ausgebildet Schl\u00fcsseldienst und ausgestattet mit Moderne&hellip;","_links":{"self":[{"href":"https:\/\/schluesseldienstbremen.org\/en\/wp-json\/wp\/v2\/pages\/2091","targetHints":{"allow":["GET"]}}],"collection":[{"href":"https:\/\/schluesseldienstbremen.org\/en\/wp-json\/wp\/v2\/pages"}],"about":[{"href":"https:\/\/schluesseldienstbremen.org\/en\/wp-json\/wp\/v2\/types\/page"}],"author":[{"embeddable":true,"href":"https:\/\/schluesseldienstbremen.org\/en\/wp-json\/wp\/v2\/users\/2"}],"replies":[{"embeddable":true,"href":"https:\/\/schluesseldienstbremen.org\/en\/wp-json\/wp\/v2\/comments?post=2091"}],"version-history":[{"count":1,"href":"https:\/\/schluesseldienstbremen.org\/en\/wp-json\/wp\/v2\/pages\/2091\/revisions"}],"predecessor-version":[{"id":2751,"href":"https:\/\/schluesseldienstbremen.org\/en\/wp-json\/wp\/v2\/pages\/2091\/revisions\/2751"}],"wp:featuredmedia":[{"embeddable":true,"href":"https:\/\/schluesseldienstbremen.org\/en\/wp-json\/wp\/v2\/media\/2510"}],"wp:attachment":[{"href":"https:\/\/schluesseldienstbremen.org\/en\/wp-json\/wp\/v2\/media?parent=2091"}],"curies":[{"name":"wp","href":"https:\/\/api.w.org\/{rel}","templated":true}]}}