{"id":2249,"date":"2023-03-05T15:22:31","date_gmt":"2023-03-05T15:22:31","guid":{"rendered":"https:\/\/schluesseldienstbremen.org\/?page_id=2249"},"modified":"2023-04-03T15:07:52","modified_gmt":"2023-04-03T15:07:52","slug":"schluesseldienst-bremen-osterholz","status":"publish","type":"page","link":"https:\/\/schluesseldienstbremen.org\/en\/schluesseldienst-bremen-osterholz\/","title":{"rendered":"Schl\u00fcsseldienst Bremen Osterholz"},"content":{"rendered":"<p><strong>Schl\u00fcsseldienst Bremen Osterholz <\/strong><\/p>\n\n\n\n<p><a href=\"https:\/\/schluesseldienstbremen.org\/en\/\">Locksmith<\/a>  Edu in Bremen Osterholz (Schweizer Viertel) ist seit 25 Jahren ein Treue Schl\u00fcsseldienst f\u00fcr seinen Kunden.<\/p>\n\n\n\n<p>Unser Schl\u00fcsseldienst in Bremen Schweizer Eck ist 24 Stunden am Tag auch am Feiertagen f\u00fcr Sie da.<\/p>\n\n\n\n<p><strong> 356 Tage in Jahr<\/strong>. <\/p>\n\n\n\n<p>Bei Verlust oder Vergessen des Hausschl\u00fcssels ist unser Schl\u00fcsselnotdienst rund um die Uhr f\u00fcr Sie verf\u00fcgbar.<\/p>\n\n\n\n<p>Schl\u00fcsseldienst Edu bittet Schl\u00fcsselnotdienst in ganz<a href=\"https:\/\/de.wikipedia.org\/wiki\/Bremen\"> Bremen<\/a>, wir bieten auch andere Dienstleistungen wie das Austauschen oder Reparieren von Zylinderschlosser an.<\/p>\n\n\n\n<p><strong>Es ist sehr wichtig,<\/strong> dass man in Notfall ein fairer Schl\u00fcsseldienst (Schl\u00fcsseldienst Edu in Bremen) mit Erfahrung zu erreichen. <\/p>\n\n\n\n<p>Ein nicht qualifizierter Versuch, die T\u00fcr selbst zu \u00f6ffnen, kann zu Sch\u00e4den am Haust\u00fcr oder an dem Schloss selbst f\u00fchren. <\/p>\n\n\n\n<p>Das kann nat\u00fcrlich auch gef\u00e4hrlich werden.<\/p>\n\n\n\n<p><strong>Unser Schl\u00fcsseldienst in Bremen Osterholz ist ein Anbieter von Schl\u00fcsselnotdienst in Bremen. <\/strong><\/p>\n\n\n\n<p>Wir sind rund um die Uhr verf\u00fcgbar und k\u00f6nnen innerhalb von 10\u201330 Minuten vor Ort sein, um eine L\u00f6sung zu bieten. <\/p>\n\n\n\n<p>Es ist wichtig, sicherzustellen, dass man einen vertrauensw\u00fcrdigen Dienstleister, der eine Fest Ladenlokal hat ausw\u00e4hlt, um sicherzustellen, dass die T\u00fcr\u00f6ffnung sicher und effektiv durchgef\u00fchrt wird. <\/p>\n\n\n\n<p>Unsere Adresse lautet.<\/p>\n\n\n\n<p>Schl\u00fcsseldienst Ed ( Damalige Schl\u00fcsseldienst Schweizer Viertel)<\/p>\n\n\n\n<p><strong>Sankt-Gotthard-Str&nbsp;8 \/ 28325 Bremen <\/strong><\/p>\n\n\n\n<p><strong>Sie k\u00f6nnen auch in unserm Laden Schlosser kaufen oder Schl\u00fcssel nachmachen lassen oder&nbsp;sogar Schuhe reparieren lassen<\/strong>, Glasgravur und vieles mehr.<\/p>\n\n\n\n<p>Schl\u00fcsseln sind ein wichtiger Bestandteil unseres t\u00e4glichen Lebens und sorgen daf\u00fcr, dass wir Zugang zu unseren H\u00e4usern, Autos und anderen privaten Bereichen haben.<\/p>\n\n\n\n<p>Doch was passiert, wenn wir unseren Schl\u00fcssel verlieren oder unbeabsichtigt im zu Hause vergessen? Hier kommen eure Schl\u00fcsseldienste Bremen ins Spiel.<\/p>\n\n\n\n<p>Schl\u00fcsseldienste Bremen Osterholz ist ein Dienstleister, weil wir rund um die Uhr verf\u00fcgbar sind, um Menschen in Notf\u00e4lle zu helfen. <\/p>\n\n\n\n<p>Wir bieten eine schnelle und effektive L\u00f6sung f\u00fcr den Zugang zu verschlossenen T\u00fcren und Autos.<\/p>\n\n\n\n<p>Unser Schl\u00fcsseldienst in Bremen ist ausgestattet, mit den neuesten Werkzeugen und Technologien, um jedes Schloss oder jede T\u00fcr ohne Sch\u00e4den zu \u00f6ffnen.<\/p>\n\n\n\n<p>Es ist wichtig und bei der Wahl eines Schl\u00fcsseldienstes auf die Reputation und die Erfahrung zu achten, um sicherzustellen, dass man in guten H\u00e4nden ist. <\/p>\n\n\n\n<p><strong>Daher rufen Sie uns unter die Nummer: 0421-425385 an.<\/strong><\/p>\n\n\n\n<p><\/p>\n\n\n\n<p><\/p>","protected":false},"excerpt":{"rendered":"<p>Schl\u00fcsseldienst Bremen Osterholz Schl\u00fcsseldienst Edu in Bremen Osterholz (Schweizer Viertel) ist seit 25 Jahren ein Treue Schl\u00fcsseldienst f\u00fcr seinen Kunden. Unser Schl\u00fcsseldienst in Bremen Schweizer Eck ist 24 Stunden am Tag auch am Feiertagen f\u00fcr Sie da. 356 Tage in Jahr. Bei Verlust oder Vergessen des Hausschl\u00fcssels ist unser Schl\u00fcsselnotdienst rund um die Uhr f\u00fcr [&hellip;]<\/p>\n","protected":false},"author":2,"featured_media":2552,"parent":0,"menu_order":0,"comment_status":"closed","ping_status":"closed","template":"","meta":{"_uag_custom_page_level_css":"","site-sidebar-layout":"default","site-content-layout":"","ast-site-content-layout":"default","site-content-style":"default","site-sidebar-style":"default","ast-global-header-display":"","ast-banner-title-visibility":"","ast-main-header-display":"","ast-hfb-above-header-display":"","ast-hfb-below-header-display":"","ast-hfb-mobile-header-display":"","site-post-title":"","ast-breadcrumbs-content":"","ast-featured-img":"","footer-sml-layout":"","ast-disable-related-posts":"","theme-transparent-header-meta":"","adv-header-id-meta":"","stick-header-meta":"","header-above-stick-meta":"","header-main-stick-meta":"","header-below-stick-meta":"","astra-migrate-meta-layouts":"default","ast-page-background-enabled":"default","ast-page-background-meta":{"desktop":{"background-color":"","background-image":"","background-repeat":"repeat","background-position":"center center","background-size":"auto","background-attachment":"scroll","background-type":"","background-media":"","overlay-type":"","overlay-color":"","overlay-opacity":"","overlay-gradient":""},"tablet":{"background-color":"","background-image":"","background-repeat":"repeat","background-position":"center center","background-size":"auto","background-attachment":"scroll","background-type":"","background-media":"","overlay-type":"","overlay-color":"","overlay-opacity":"","overlay-gradient":""},"mobile":{"background-color":"","background-image":"","background-repeat":"repeat","background-position":"center center","background-size":"auto","background-attachment":"scroll","background-type":"","background-media":"","overlay-type":"","overlay-color":"","overlay-opacity":"","overlay-gradient":""}},"ast-content-background-meta":{"desktop":{"background-color":"var(--ast-global-color-5)","background-image":"","background-repeat":"repeat","background-position":"center center","background-size":"auto","background-attachment":"scroll","background-type":"","background-media":"","overlay-type":"","overlay-color":"","overlay-opacity":"","overlay-gradient":""},"tablet":{"background-color":"var(--ast-global-color-5)","background-image":"","background-repeat":"repeat","background-position":"center center","background-size":"auto","background-attachment":"scroll","background-type":"","background-media":"","overlay-type":"","overlay-color":"","overlay-opacity":"","overlay-gradient":""},"mobile":{"background-color":"var(--ast-global-color-5)","background-image":"","background-repeat":"repeat","background-position":"center center","background-size":"auto","background-attachment":"scroll","background-type":"","background-media":"","overlay-type":"","overlay-color":"","overlay-opacity":"","overlay-gradient":""}},"footnotes":""},"class_list":["post-2249","page","type-page","status-publish","has-post-thumbnail","hentry"],"yoast_head":"<!-- This site is optimized with the Yoast SEO plugin v27.1.1 - https:\/\/yoast.com\/product\/yoast-seo-wordpress\/ -->\n<title>Schl\u00fcsseldienst Bremen Osterholz in Schweizer Eck<\/title>\n<meta name=\"description\" content=\"Schl\u00fcsseldienst Bremen Osterholz \u2705T\u00fcr\u00f6ffnung 24\/7 \u270510-30 Min Vor Ort\u2705 Festpreisgarantie \u2705 G\u00fcnstig \u2705\u260e\ufe0f0421\/425385\" \/>\n<meta name=\"robots\" content=\"index, follow, max-snippet:-1, max-image-preview:large, max-video-preview:-1\" \/>\n<link rel=\"canonical\" href=\"https:\/\/schluesseldienstbremen.org\/en\/schluesseldienst-bremen-osterholz\/\" \/>\n<meta property=\"og:locale\" content=\"en_US\" \/>\n<meta property=\"og:type\" content=\"article\" \/>\n<meta property=\"og:title\" content=\"Schl\u00fcsseldienst Bremen Osterholz in Schweizer Eck\" \/>\n<meta property=\"og:description\" content=\"Schl\u00fcsseldienst Bremen Osterholz \u2705T\u00fcr\u00f6ffnung 24\/7 \u270510-30 Min Vor Ort\u2705 Festpreisgarantie \u2705 G\u00fcnstig \u2705\u260e\ufe0f0421\/425385\" \/>\n<meta property=\"og:url\" content=\"https:\/\/schluesseldienstbremen.org\/en\/schluesseldienst-bremen-osterholz\/\" \/>\n<meta property=\"og:site_name\" content=\"Schl\u00fcsseldienst Edu\" \/>\n<meta property=\"article:modified_time\" content=\"2023-04-03T15:07:52+00:00\" \/>\n<meta property=\"og:image\" content=\"https:\/\/schluesseldienstbremen.org\/wp-content\/uploads\/2023\/04\/2.png\" \/>\n\t<meta property=\"og:image:width\" content=\"1366\" \/>\n\t<meta property=\"og:image:height\" content=\"768\" \/>\n\t<meta property=\"og:image:type\" content=\"image\/png\" \/>\n<meta name=\"twitter:card\" content=\"summary_large_image\" \/>\n<meta name=\"twitter:label1\" content=\"Est. reading time\" \/>\n\t<meta name=\"twitter:data1\" content=\"2 minutes\" \/>\n<script type=\"application\/ld+json\" class=\"yoast-schema-graph\">{\"@context\":\"https:\/\/schema.org\",\"@graph\":[{\"@type\":\"WebPage\",\"@id\":\"https:\/\/schluesseldienstbremen.org\/schluesseldienst-bremen-osterholz\/\",\"url\":\"https:\/\/schluesseldienstbremen.org\/schluesseldienst-bremen-osterholz\/\",\"name\":\"Schl\u00fcsseldienst Bremen Osterholz in Schweizer Eck\",\"isPartOf\":{\"@id\":\"https:\/\/schluesseldienstbremen.org\/#website\"},\"primaryImageOfPage\":{\"@id\":\"https:\/\/schluesseldienstbremen.org\/schluesseldienst-bremen-osterholz\/#primaryimage\"},\"image\":{\"@id\":\"https:\/\/schluesseldienstbremen.org\/schluesseldienst-bremen-osterholz\/#primaryimage\"},\"thumbnailUrl\":\"https:\/\/schluesseldienstbremen.org\/wp-content\/uploads\/2023\/04\/2.png\",\"datePublished\":\"2023-03-05T15:22:31+00:00\",\"dateModified\":\"2023-04-03T15:07:52+00:00\",\"description\":\"Schl\u00fcsseldienst Bremen Osterholz \u2705T\u00fcr\u00f6ffnung 24\/7 \u270510-30 Min Vor Ort\u2705 Festpreisgarantie \u2705 G\u00fcnstig \u2705\u260e\ufe0f0421\/425385\",\"breadcrumb\":{\"@id\":\"https:\/\/schluesseldienstbremen.org\/schluesseldienst-bremen-osterholz\/#breadcrumb\"},\"inLanguage\":\"en-US\",\"potentialAction\":[{\"@type\":\"ReadAction\",\"target\":[\"https:\/\/schluesseldienstbremen.org\/schluesseldienst-bremen-osterholz\/\"]}]},{\"@type\":\"ImageObject\",\"inLanguage\":\"en-US\",\"@id\":\"https:\/\/schluesseldienstbremen.org\/schluesseldienst-bremen-osterholz\/#primaryimage\",\"url\":\"https:\/\/schluesseldienstbremen.org\/wp-content\/uploads\/2023\/04\/2.png\",\"contentUrl\":\"https:\/\/schluesseldienstbremen.org\/wp-content\/uploads\/2023\/04\/2.png\",\"width\":1366,\"height\":768,\"caption\":\"Schl\u00fcsseldienst in Bremen und um zu\"},{\"@type\":\"BreadcrumbList\",\"@id\":\"https:\/\/schluesseldienstbremen.org\/schluesseldienst-bremen-osterholz\/#breadcrumb\",\"itemListElement\":[{\"@type\":\"ListItem\",\"position\":1,\"name\":\"Startseite\",\"item\":\"https:\/\/schluesseldienstbremen.org\/\"},{\"@type\":\"ListItem\",\"position\":2,\"name\":\"Schl\u00fcsseldienst Bremen Osterholz\"}]},{\"@type\":\"WebSite\",\"@id\":\"https:\/\/schluesseldienstbremen.org\/#website\",\"url\":\"https:\/\/schluesseldienstbremen.org\/\",\"name\":\"Schl\u00fcsseldienst Edu\",\"description\":\"Schl\u00fcsseldienst 24 Stunden Festpreis\",\"publisher\":{\"@id\":\"https:\/\/schluesseldienstbremen.org\/#organization\"},\"potentialAction\":[{\"@type\":\"SearchAction\",\"target\":{\"@type\":\"EntryPoint\",\"urlTemplate\":\"https:\/\/schluesseldienstbremen.org\/?s={search_term_string}\"},\"query-input\":{\"@type\":\"PropertyValueSpecification\",\"valueRequired\":true,\"valueName\":\"search_term_string\"}}],\"inLanguage\":\"en-US\"},{\"@type\":\"Organization\",\"@id\":\"https:\/\/schluesseldienstbremen.org\/#organization\",\"name\":\"Schl\u00fcsseldienst-Bremen-Eck\",\"url\":\"https:\/\/schluesseldienstbremen.org\/\",\"logo\":{\"@type\":\"ImageObject\",\"inLanguage\":\"en-US\",\"@id\":\"https:\/\/schluesseldienstbremen.org\/#\/schema\/logo\/image\/\",\"url\":\"https:\/\/schluesseldienstbremen.org\/wp-content\/uploads\/2023\/02\/sweet-cakes-1.png\",\"contentUrl\":\"https:\/\/schluesseldienstbremen.org\/wp-content\/uploads\/2023\/02\/sweet-cakes-1.png\",\"width\":500,\"height\":500,\"caption\":\"Schl\u00fcsseldienst-Bremen-Eck\"},\"image\":{\"@id\":\"https:\/\/schluesseldienstbremen.org\/#\/schema\/logo\/image\/\"},\"sameAs\":[\"https:\/\/instagram.com\/schluesseldienstbremen\"]}]}<\/script>\n<!-- \/ Yoast SEO plugin. -->","yoast_head_json":{"title":"Schl\u00fcsseldienst Bremen Osterholz in Schweizer Eck","description":"Schl\u00fcsseldienst Bremen Osterholz \u2705T\u00fcr\u00f6ffnung 24\/7 \u270510-30 Min Vor Ort\u2705 Festpreisgarantie \u2705 G\u00fcnstig \u2705\u260e\ufe0f0421\/425385","robots":{"index":"index","follow":"follow","max-snippet":"max-snippet:-1","max-image-preview":"max-image-preview:large","max-video-preview":"max-video-preview:-1"},"canonical":"https:\/\/schluesseldienstbremen.org\/en\/schluesseldienst-bremen-osterholz\/","og_locale":"en_US","og_type":"article","og_title":"Schl\u00fcsseldienst Bremen Osterholz in Schweizer Eck","og_description":"Schl\u00fcsseldienst Bremen Osterholz \u2705T\u00fcr\u00f6ffnung 24\/7 \u270510-30 Min Vor Ort\u2705 Festpreisgarantie \u2705 G\u00fcnstig \u2705\u260e\ufe0f0421\/425385","og_url":"https:\/\/schluesseldienstbremen.org\/en\/schluesseldienst-bremen-osterholz\/","og_site_name":"Schl\u00fcsseldienst Edu","article_modified_time":"2023-04-03T15:07:52+00:00","og_image":[{"width":1366,"height":768,"url":"https:\/\/schluesseldienstbremen.org\/wp-content\/uploads\/2023\/04\/2.png","type":"image\/png"}],"twitter_card":"summary_large_image","twitter_misc":{"Est. reading time":"2 minutes"},"schema":{"@context":"https:\/\/schema.org","@graph":[{"@type":"WebPage","@id":"https:\/\/schluesseldienstbremen.org\/schluesseldienst-bremen-osterholz\/","url":"https:\/\/schluesseldienstbremen.org\/schluesseldienst-bremen-osterholz\/","name":"Schl\u00fcsseldienst Bremen Osterholz in Schweizer Eck","isPartOf":{"@id":"https:\/\/schluesseldienstbremen.org\/#website"},"primaryImageOfPage":{"@id":"https:\/\/schluesseldienstbremen.org\/schluesseldienst-bremen-osterholz\/#primaryimage"},"image":{"@id":"https:\/\/schluesseldienstbremen.org\/schluesseldienst-bremen-osterholz\/#primaryimage"},"thumbnailUrl":"https:\/\/schluesseldienstbremen.org\/wp-content\/uploads\/2023\/04\/2.png","datePublished":"2023-03-05T15:22:31+00:00","dateModified":"2023-04-03T15:07:52+00:00","description":"Schl\u00fcsseldienst Bremen Osterholz \u2705T\u00fcr\u00f6ffnung 24\/7 \u270510-30 Min Vor Ort\u2705 Festpreisgarantie \u2705 G\u00fcnstig \u2705\u260e\ufe0f0421\/425385","breadcrumb":{"@id":"https:\/\/schluesseldienstbremen.org\/schluesseldienst-bremen-osterholz\/#breadcrumb"},"inLanguage":"en-US","potentialAction":[{"@type":"ReadAction","target":["https:\/\/schluesseldienstbremen.org\/schluesseldienst-bremen-osterholz\/"]}]},{"@type":"ImageObject","inLanguage":"en-US","@id":"https:\/\/schluesseldienstbremen.org\/schluesseldienst-bremen-osterholz\/#primaryimage","url":"https:\/\/schluesseldienstbremen.org\/wp-content\/uploads\/2023\/04\/2.png","contentUrl":"https:\/\/schluesseldienstbremen.org\/wp-content\/uploads\/2023\/04\/2.png","width":1366,"height":768,"caption":"Schl\u00fcsseldienst in Bremen und um zu"},{"@type":"BreadcrumbList","@id":"https:\/\/schluesseldienstbremen.org\/schluesseldienst-bremen-osterholz\/#breadcrumb","itemListElement":[{"@type":"ListItem","position":1,"name":"Startseite","item":"https:\/\/schluesseldienstbremen.org\/"},{"@type":"ListItem","position":2,"name":"Schl\u00fcsseldienst Bremen Osterholz"}]},{"@type":"WebSite","@id":"https:\/\/schluesseldienstbremen.org\/#website","url":"https:\/\/schluesseldienstbremen.org\/","name":"Schl\u00fcsseldienst Edu","description":"Schl\u00fcsseldienst 24 Stunden Festpreis","publisher":{"@id":"https:\/\/schluesseldienstbremen.org\/#organization"},"potentialAction":[{"@type":"SearchAction","target":{"@type":"EntryPoint","urlTemplate":"https:\/\/schluesseldienstbremen.org\/?s={search_term_string}"},"query-input":{"@type":"PropertyValueSpecification","valueRequired":true,"valueName":"search_term_string"}}],"inLanguage":"en-US"},{"@type":"Organization","@id":"https:\/\/schluesseldienstbremen.org\/#organization","name":"Schl\u00fcsseldienst-Bremen-Eck","url":"https:\/\/schluesseldienstbremen.org\/","logo":{"@type":"ImageObject","inLanguage":"en-US","@id":"https:\/\/schluesseldienstbremen.org\/#\/schema\/logo\/image\/","url":"https:\/\/schluesseldienstbremen.org\/wp-content\/uploads\/2023\/02\/sweet-cakes-1.png","contentUrl":"https:\/\/schluesseldienstbremen.org\/wp-content\/uploads\/2023\/02\/sweet-cakes-1.png","width":500,"height":500,"caption":"Schl\u00fcsseldienst-Bremen-Eck"},"image":{"@id":"https:\/\/schluesseldienstbremen.org\/#\/schema\/logo\/image\/"},"sameAs":["https:\/\/instagram.com\/schluesseldienstbremen"]}]}},"uagb_featured_image_src":{"full":["https:\/\/schluesseldienstbremen.org\/wp-content\/uploads\/2023\/04\/2.png",1366,768,false],"thumbnail":["https:\/\/schluesseldienstbremen.org\/wp-content\/uploads\/2023\/04\/2-150x150.png",150,150,true],"medium":["https:\/\/schluesseldienstbremen.org\/wp-content\/uploads\/2023\/04\/2-300x169.png",300,169,true],"medium_large":["https:\/\/schluesseldienstbremen.org\/wp-content\/uploads\/2023\/04\/2-768x432.png",768,432,true],"large":["https:\/\/schluesseldienstbremen.org\/wp-content\/uploads\/2023\/04\/2-1024x576.png",1024,576,true],"1536x1536":["https:\/\/schluesseldienstbremen.org\/wp-content\/uploads\/2023\/04\/2.png",1366,768,false],"2048x2048":["https:\/\/schluesseldienstbremen.org\/wp-content\/uploads\/2023\/04\/2.png",1366,768,false],"trp-custom-language-flag":["https:\/\/schluesseldienstbremen.org\/wp-content\/uploads\/2023\/04\/2-18x10.png",18,10,true]},"uagb_author_info":{"display_name":"said yah","author_link":"https:\/\/schluesseldienstbremen.org\/en\/author\/said\/"},"uagb_comment_info":0,"uagb_excerpt":"Schl\u00fcsseldienst Bremen Osterholz Schl\u00fcsseldienst Edu in Bremen Osterholz (Schweizer Viertel) ist seit 25 Jahren ein Treue Schl\u00fcsseldienst f\u00fcr seinen Kunden. Unser Schl\u00fcsseldienst in Bremen Schweizer Eck ist 24 Stunden am Tag auch am Feiertagen f\u00fcr Sie da. 356 Tage in Jahr. Bei Verlust oder Vergessen des Hausschl\u00fcssels ist unser Schl\u00fcsselnotdienst rund um die Uhr f\u00fcr&hellip;","_links":{"self":[{"href":"https:\/\/schluesseldienstbremen.org\/en\/wp-json\/wp\/v2\/pages\/2249","targetHints":{"allow":["GET"]}}],"collection":[{"href":"https:\/\/schluesseldienstbremen.org\/en\/wp-json\/wp\/v2\/pages"}],"about":[{"href":"https:\/\/schluesseldienstbremen.org\/en\/wp-json\/wp\/v2\/types\/page"}],"author":[{"embeddable":true,"href":"https:\/\/schluesseldienstbremen.org\/en\/wp-json\/wp\/v2\/users\/2"}],"replies":[{"embeddable":true,"href":"https:\/\/schluesseldienstbremen.org\/en\/wp-json\/wp\/v2\/comments?post=2249"}],"version-history":[{"count":0,"href":"https:\/\/schluesseldienstbremen.org\/en\/wp-json\/wp\/v2\/pages\/2249\/revisions"}],"wp:featuredmedia":[{"embeddable":true,"href":"https:\/\/schluesseldienstbremen.org\/en\/wp-json\/wp\/v2\/media\/2552"}],"wp:attachment":[{"href":"https:\/\/schluesseldienstbremen.org\/en\/wp-json\/wp\/v2\/media?parent=2249"}],"curies":[{"name":"wp","href":"https:\/\/api.w.org\/{rel}","templated":true}]}}