{"id":2412,"date":"2023-03-12T18:34:53","date_gmt":"2023-03-12T18:34:53","guid":{"rendered":"https:\/\/schluesseldienstbremen.org\/?page_id=2412"},"modified":"2023-03-12T18:34:54","modified_gmt":"2023-03-12T18:34:54","slug":"schluesseldienst-bremen-nord","status":"publish","type":"page","link":"https:\/\/schluesseldienstbremen.org\/en\/schluesseldienst-bremen-nord\/","title":{"rendered":"Schl\u00fcsseldienst Bremen Nord"},"content":{"rendered":"<p>Unser Schl\u00fcsseldienst bittet Schl\u00fcsselnotdienst in Bremen und Umgebung rund um die Uhr 365 Tage. <\/p>\n\n\n\n<p>Schl\u00fcsseldienst Edu k\u00f6nnen Sie unter die Telefonnummer: 0421-425385 erreichen.<\/p>\n\n\n\n<p>Das Finden eines guten Schl\u00fcsseldienstes in Bremen kann schwierig sein, da es viele unseri\u00f6se Schl\u00fcsseldienste gibt, die \u00fcberh\u00f6hte Preise verlangen und oft schlechte Arbeit leisten. <\/p>\n\n\n\n<p>Schl\u00fcsseldienst Edu in Bremen bittet ein Seri\u00f6se Schl\u00fcsseldienst in Bremen Nord.<\/p>\n\n\n\n<p>Es gibt mehrere Anzeichen, an denen Sie erkennen k\u00f6nnen, ob ein Schl\u00fcsseldienst seri\u00f6s ist oder nicht:<\/p>\n\n\n\n<p>Transparente Preise: <a href=\"https:\/\/schluesseldienstbremen.org\/en\/\">Locksmith<\/a> Edu in <a href=\"https:\/\/de.wikipedia.org\/wiki\/Bremen\">Bremen<\/a> Nord wird Ihnen im Voraus transparente Preise nennen, die auch Anfahrtskosten und eventuelle Zusatzkosten beinhalten. <\/p>\n\n\n\n<p> Seri\u00f6se Schl\u00fcsseldienste sind in der Regel lizenziert, versichert und zertifiziert. \u00dcberpr\u00fcfen Sie die Zertifikate des Anbieters, um sicherzustellen, dass er die notwendigen Qualifikationen besitzt.<\/p>\n\n\n\n<p> \u00dcberpr\u00fcfen Sie Online-Bewertungen und Erfahrungsberichte von anderen Kunden, um sich ein Bild von der Arbeit des Schl\u00fcsseldienstes zu machen. Seri\u00f6se Schl\u00fcsseldienste haben in der Regel viele positive Bewertungen, w\u00e4hrend unseri\u00f6se Anbieter oft negative Bewertungen und Beschwerden haben.<\/p>\n\n\n\n<p>Ein seri\u00f6ser Schl\u00fcsseldienst wird Ihnen einen schriftlichen Kostenvoranschlag geben, bevor er mit der Arbeit beginnt. Stellen Sie sicher, dass alle Kosten, einschlie\u00dflich der Anfahrtskosten und eventueller Zusatzkosten, aufgef\u00fchrt sind.<\/p>\n\n\n\n<p>Schl\u00fcsseldienst Edu Bremen Nord wird Sie immer nach einem Ausweis oder anderen Dokumenten fragen, um sicherzustellen, dass Sie der Eigent\u00fcmer des Hauses oder der Wohnung sind. <\/p>\n\n\n\n<p>Dies ist ein Zeichen daf\u00fcr, dass Schl\u00fcsseldienst Edu sicherstellen m\u00f6chte, dass er nur autorisierten Personen Zugang gew\u00e4hrt.<\/p>\n\n\n\n<p> Schl\u00fcsseldienst Edu wird schnell auf Ihre Anfrage reagieren und innerhalb 10-30 Minuten bei Ihnen vor Ort sein, um das Problem zu l\u00f6sen.<\/p>\n\n\n\n<p>Unser Schl\u00fcsseldienst in Bremen garantiert Ihnen, dass Sie eine gute Qualit\u00e4t und faire Preise erhalten.<\/p>\n\n\n\n<p>Unser Schl\u00fcsseldienst bittet Schl\u00fcsselnotdienst in Bremen und Umgebung rund um die Uhr 365 Tage. <\/p>\n\n\n\n<p>Schl\u00fcsseldienst Edu k\u00f6nnen Sie unter die Telefonnummer: 0421-425385 erreichen.<\/p>\n\n\n\n<p><\/p>","protected":false},"excerpt":{"rendered":"<p>Unser Schl\u00fcsseldienst bittet Schl\u00fcsselnotdienst in Bremen und Umgebung rund um die Uhr 365 Tage. Schl\u00fcsseldienst Edu k\u00f6nnen Sie unter die Telefonnummer: 0421-425385 erreichen. Das Finden eines guten Schl\u00fcsseldienstes in Bremen kann schwierig sein, da es viele unseri\u00f6se Schl\u00fcsseldienste gibt, die \u00fcberh\u00f6hte Preise verlangen und oft schlechte Arbeit leisten. Schl\u00fcsseldienst Edu in Bremen bittet ein Seri\u00f6se [&hellip;]<\/p>\n","protected":false},"author":2,"featured_media":2152,"parent":0,"menu_order":0,"comment_status":"closed","ping_status":"closed","template":"","meta":{"_uag_custom_page_level_css":"","site-sidebar-layout":"default","site-content-layout":"","ast-site-content-layout":"default","site-content-style":"default","site-sidebar-style":"default","ast-global-header-display":"","ast-banner-title-visibility":"","ast-main-header-display":"","ast-hfb-above-header-display":"","ast-hfb-below-header-display":"","ast-hfb-mobile-header-display":"","site-post-title":"","ast-breadcrumbs-content":"","ast-featured-img":"","footer-sml-layout":"","ast-disable-related-posts":"","theme-transparent-header-meta":"","adv-header-id-meta":"","stick-header-meta":"","header-above-stick-meta":"","header-main-stick-meta":"","header-below-stick-meta":"","astra-migrate-meta-layouts":"default","ast-page-background-enabled":"default","ast-page-background-meta":{"desktop":{"background-color":"","background-image":"","background-repeat":"repeat","background-position":"center center","background-size":"auto","background-attachment":"scroll","background-type":"","background-media":"","overlay-type":"","overlay-color":"","overlay-opacity":"","overlay-gradient":""},"tablet":{"background-color":"","background-image":"","background-repeat":"repeat","background-position":"center center","background-size":"auto","background-attachment":"scroll","background-type":"","background-media":"","overlay-type":"","overlay-color":"","overlay-opacity":"","overlay-gradient":""},"mobile":{"background-color":"","background-image":"","background-repeat":"repeat","background-position":"center center","background-size":"auto","background-attachment":"scroll","background-type":"","background-media":"","overlay-type":"","overlay-color":"","overlay-opacity":"","overlay-gradient":""}},"ast-content-background-meta":{"desktop":{"background-color":"var(--ast-global-color-5)","background-image":"","background-repeat":"repeat","background-position":"center center","background-size":"auto","background-attachment":"scroll","background-type":"","background-media":"","overlay-type":"","overlay-color":"","overlay-opacity":"","overlay-gradient":""},"tablet":{"background-color":"var(--ast-global-color-5)","background-image":"","background-repeat":"repeat","background-position":"center center","background-size":"auto","background-attachment":"scroll","background-type":"","background-media":"","overlay-type":"","overlay-color":"","overlay-opacity":"","overlay-gradient":""},"mobile":{"background-color":"var(--ast-global-color-5)","background-image":"","background-repeat":"repeat","background-position":"center center","background-size":"auto","background-attachment":"scroll","background-type":"","background-media":"","overlay-type":"","overlay-color":"","overlay-opacity":"","overlay-gradient":""}},"footnotes":""},"class_list":["post-2412","page","type-page","status-publish","has-post-thumbnail","hentry"],"yoast_head":"<!-- This site is optimized with the Yoast SEO plugin v27.1.1 - https:\/\/yoast.com\/product\/yoast-seo-wordpress\/ -->\n<title>Schl\u00fcsseldienst Bremen Nord T\u00fcr\u00f6ffnung Festpreis Garantie<\/title>\n<meta name=\"description\" content=\"Schl\u00fcsseldienst Bremen Nord \u2705Schl\u00fcsselnotdienst 24 \u270510-30 Min Vor Ort\u2705 Festpreis Garantie \u2705G\u00fcnstige Notdienst\u2705Mit Erfahrung\u2705 \u260e\ufe0f0421\/425385\" \/>\n<meta name=\"robots\" content=\"index, follow, max-snippet:-1, max-image-preview:large, max-video-preview:-1\" \/>\n<link rel=\"canonical\" href=\"https:\/\/schluesseldienstbremen.org\/en\/schluesseldienst-bremen-nord\/\" \/>\n<meta property=\"og:locale\" content=\"en_US\" \/>\n<meta property=\"og:type\" content=\"article\" \/>\n<meta property=\"og:title\" content=\"Schl\u00fcsseldienst Bremen Nord T\u00fcr\u00f6ffnung Festpreis Garantie\" \/>\n<meta property=\"og:description\" content=\"Schl\u00fcsseldienst Bremen Nord \u2705Schl\u00fcsselnotdienst 24 \u270510-30 Min Vor Ort\u2705 Festpreis Garantie \u2705G\u00fcnstige Notdienst\u2705Mit Erfahrung\u2705 \u260e\ufe0f0421\/425385\" \/>\n<meta property=\"og:url\" content=\"https:\/\/schluesseldienstbremen.org\/en\/schluesseldienst-bremen-nord\/\" \/>\n<meta property=\"og:site_name\" content=\"Schl\u00fcsseldienst Edu\" \/>\n<meta property=\"article:modified_time\" content=\"2023-03-12T18:34:54+00:00\" \/>\n<meta property=\"og:image\" content=\"https:\/\/schluesseldienstbremen.org\/wp-content\/uploads\/2023\/02\/Schluesseldienst-Bremen-Eck-1-1-1024x680.png\" \/>\n\t<meta property=\"og:image:width\" content=\"1024\" \/>\n\t<meta property=\"og:image:height\" content=\"680\" \/>\n\t<meta property=\"og:image:type\" content=\"image\/png\" \/>\n<meta name=\"twitter:card\" content=\"summary_large_image\" \/>\n<meta name=\"twitter:label1\" content=\"Est. reading time\" \/>\n\t<meta name=\"twitter:data1\" content=\"2 minutes\" \/>\n<script type=\"application\/ld+json\" class=\"yoast-schema-graph\">{\"@context\":\"https:\/\/schema.org\",\"@graph\":[{\"@type\":\"WebPage\",\"@id\":\"https:\/\/schluesseldienstbremen.org\/schluesseldienst-bremen-nord\/\",\"url\":\"https:\/\/schluesseldienstbremen.org\/schluesseldienst-bremen-nord\/\",\"name\":\"Schl\u00fcsseldienst Bremen Nord T\u00fcr\u00f6ffnung Festpreis Garantie\",\"isPartOf\":{\"@id\":\"https:\/\/schluesseldienstbremen.org\/#website\"},\"primaryImageOfPage\":{\"@id\":\"https:\/\/schluesseldienstbremen.org\/schluesseldienst-bremen-nord\/#primaryimage\"},\"image\":{\"@id\":\"https:\/\/schluesseldienstbremen.org\/schluesseldienst-bremen-nord\/#primaryimage\"},\"thumbnailUrl\":\"https:\/\/schluesseldienstbremen.org\/wp-content\/uploads\/2023\/02\/Schluesseldienst-Bremen-Eck-1-1.png\",\"datePublished\":\"2023-03-12T18:34:53+00:00\",\"dateModified\":\"2023-03-12T18:34:54+00:00\",\"description\":\"Schl\u00fcsseldienst Bremen Nord \u2705Schl\u00fcsselnotdienst 24 \u270510-30 Min Vor Ort\u2705 Festpreis Garantie \u2705G\u00fcnstige Notdienst\u2705Mit Erfahrung\u2705 \u260e\ufe0f0421\/425385\",\"breadcrumb\":{\"@id\":\"https:\/\/schluesseldienstbremen.org\/schluesseldienst-bremen-nord\/#breadcrumb\"},\"inLanguage\":\"en-US\",\"potentialAction\":[{\"@type\":\"ReadAction\",\"target\":[\"https:\/\/schluesseldienstbremen.org\/schluesseldienst-bremen-nord\/\"]}]},{\"@type\":\"ImageObject\",\"inLanguage\":\"en-US\",\"@id\":\"https:\/\/schluesseldienstbremen.org\/schluesseldienst-bremen-nord\/#primaryimage\",\"url\":\"https:\/\/schluesseldienstbremen.org\/wp-content\/uploads\/2023\/02\/Schluesseldienst-Bremen-Eck-1-1.png\",\"contentUrl\":\"https:\/\/schluesseldienstbremen.org\/wp-content\/uploads\/2023\/02\/Schluesseldienst-Bremen-Eck-1-1.png\",\"width\":1920,\"height\":1275,\"caption\":\"Schl\u00fcsseldienst Edu in Bremen Osterholz\"},{\"@type\":\"BreadcrumbList\",\"@id\":\"https:\/\/schluesseldienstbremen.org\/schluesseldienst-bremen-nord\/#breadcrumb\",\"itemListElement\":[{\"@type\":\"ListItem\",\"position\":1,\"name\":\"Startseite\",\"item\":\"https:\/\/schluesseldienstbremen.org\/\"},{\"@type\":\"ListItem\",\"position\":2,\"name\":\"Schl\u00fcsseldienst Bremen Nord\"}]},{\"@type\":\"WebSite\",\"@id\":\"https:\/\/schluesseldienstbremen.org\/#website\",\"url\":\"https:\/\/schluesseldienstbremen.org\/\",\"name\":\"Schl\u00fcsseldienst Edu\",\"description\":\"Schl\u00fcsseldienst 24 Stunden Festpreis\",\"publisher\":{\"@id\":\"https:\/\/schluesseldienstbremen.org\/#organization\"},\"potentialAction\":[{\"@type\":\"SearchAction\",\"target\":{\"@type\":\"EntryPoint\",\"urlTemplate\":\"https:\/\/schluesseldienstbremen.org\/?s={search_term_string}\"},\"query-input\":{\"@type\":\"PropertyValueSpecification\",\"valueRequired\":true,\"valueName\":\"search_term_string\"}}],\"inLanguage\":\"en-US\"},{\"@type\":\"Organization\",\"@id\":\"https:\/\/schluesseldienstbremen.org\/#organization\",\"name\":\"Schl\u00fcsseldienst-Bremen-Eck\",\"url\":\"https:\/\/schluesseldienstbremen.org\/\",\"logo\":{\"@type\":\"ImageObject\",\"inLanguage\":\"en-US\",\"@id\":\"https:\/\/schluesseldienstbremen.org\/#\/schema\/logo\/image\/\",\"url\":\"https:\/\/schluesseldienstbremen.org\/wp-content\/uploads\/2023\/02\/sweet-cakes-1.png\",\"contentUrl\":\"https:\/\/schluesseldienstbremen.org\/wp-content\/uploads\/2023\/02\/sweet-cakes-1.png\",\"width\":500,\"height\":500,\"caption\":\"Schl\u00fcsseldienst-Bremen-Eck\"},\"image\":{\"@id\":\"https:\/\/schluesseldienstbremen.org\/#\/schema\/logo\/image\/\"},\"sameAs\":[\"https:\/\/instagram.com\/schluesseldienstbremen\"]}]}<\/script>\n<!-- \/ Yoast SEO plugin. -->","yoast_head_json":{"title":"Schl\u00fcsseldienst Bremen Nord T\u00fcr\u00f6ffnung Festpreis Garantie","description":"Schl\u00fcsseldienst Bremen Nord \u2705Schl\u00fcsselnotdienst 24 \u270510-30 Min Vor Ort\u2705 Festpreis Garantie \u2705G\u00fcnstige Notdienst\u2705Mit Erfahrung\u2705 \u260e\ufe0f0421\/425385","robots":{"index":"index","follow":"follow","max-snippet":"max-snippet:-1","max-image-preview":"max-image-preview:large","max-video-preview":"max-video-preview:-1"},"canonical":"https:\/\/schluesseldienstbremen.org\/en\/schluesseldienst-bremen-nord\/","og_locale":"en_US","og_type":"article","og_title":"Schl\u00fcsseldienst Bremen Nord T\u00fcr\u00f6ffnung Festpreis Garantie","og_description":"Schl\u00fcsseldienst Bremen Nord \u2705Schl\u00fcsselnotdienst 24 \u270510-30 Min Vor Ort\u2705 Festpreis Garantie \u2705G\u00fcnstige Notdienst\u2705Mit Erfahrung\u2705 \u260e\ufe0f0421\/425385","og_url":"https:\/\/schluesseldienstbremen.org\/en\/schluesseldienst-bremen-nord\/","og_site_name":"Schl\u00fcsseldienst Edu","article_modified_time":"2023-03-12T18:34:54+00:00","og_image":[{"width":1024,"height":680,"url":"https:\/\/schluesseldienstbremen.org\/wp-content\/uploads\/2023\/02\/Schluesseldienst-Bremen-Eck-1-1-1024x680.png","type":"image\/png"}],"twitter_card":"summary_large_image","twitter_misc":{"Est. reading time":"2 minutes"},"schema":{"@context":"https:\/\/schema.org","@graph":[{"@type":"WebPage","@id":"https:\/\/schluesseldienstbremen.org\/schluesseldienst-bremen-nord\/","url":"https:\/\/schluesseldienstbremen.org\/schluesseldienst-bremen-nord\/","name":"Schl\u00fcsseldienst Bremen Nord T\u00fcr\u00f6ffnung Festpreis Garantie","isPartOf":{"@id":"https:\/\/schluesseldienstbremen.org\/#website"},"primaryImageOfPage":{"@id":"https:\/\/schluesseldienstbremen.org\/schluesseldienst-bremen-nord\/#primaryimage"},"image":{"@id":"https:\/\/schluesseldienstbremen.org\/schluesseldienst-bremen-nord\/#primaryimage"},"thumbnailUrl":"https:\/\/schluesseldienstbremen.org\/wp-content\/uploads\/2023\/02\/Schluesseldienst-Bremen-Eck-1-1.png","datePublished":"2023-03-12T18:34:53+00:00","dateModified":"2023-03-12T18:34:54+00:00","description":"Schl\u00fcsseldienst Bremen Nord \u2705Schl\u00fcsselnotdienst 24 \u270510-30 Min Vor Ort\u2705 Festpreis Garantie \u2705G\u00fcnstige Notdienst\u2705Mit Erfahrung\u2705 \u260e\ufe0f0421\/425385","breadcrumb":{"@id":"https:\/\/schluesseldienstbremen.org\/schluesseldienst-bremen-nord\/#breadcrumb"},"inLanguage":"en-US","potentialAction":[{"@type":"ReadAction","target":["https:\/\/schluesseldienstbremen.org\/schluesseldienst-bremen-nord\/"]}]},{"@type":"ImageObject","inLanguage":"en-US","@id":"https:\/\/schluesseldienstbremen.org\/schluesseldienst-bremen-nord\/#primaryimage","url":"https:\/\/schluesseldienstbremen.org\/wp-content\/uploads\/2023\/02\/Schluesseldienst-Bremen-Eck-1-1.png","contentUrl":"https:\/\/schluesseldienstbremen.org\/wp-content\/uploads\/2023\/02\/Schluesseldienst-Bremen-Eck-1-1.png","width":1920,"height":1275,"caption":"Schl\u00fcsseldienst Edu in Bremen Osterholz"},{"@type":"BreadcrumbList","@id":"https:\/\/schluesseldienstbremen.org\/schluesseldienst-bremen-nord\/#breadcrumb","itemListElement":[{"@type":"ListItem","position":1,"name":"Startseite","item":"https:\/\/schluesseldienstbremen.org\/"},{"@type":"ListItem","position":2,"name":"Schl\u00fcsseldienst Bremen Nord"}]},{"@type":"WebSite","@id":"https:\/\/schluesseldienstbremen.org\/#website","url":"https:\/\/schluesseldienstbremen.org\/","name":"Schl\u00fcsseldienst Edu","description":"Schl\u00fcsseldienst 24 Stunden Festpreis","publisher":{"@id":"https:\/\/schluesseldienstbremen.org\/#organization"},"potentialAction":[{"@type":"SearchAction","target":{"@type":"EntryPoint","urlTemplate":"https:\/\/schluesseldienstbremen.org\/?s={search_term_string}"},"query-input":{"@type":"PropertyValueSpecification","valueRequired":true,"valueName":"search_term_string"}}],"inLanguage":"en-US"},{"@type":"Organization","@id":"https:\/\/schluesseldienstbremen.org\/#organization","name":"Schl\u00fcsseldienst-Bremen-Eck","url":"https:\/\/schluesseldienstbremen.org\/","logo":{"@type":"ImageObject","inLanguage":"en-US","@id":"https:\/\/schluesseldienstbremen.org\/#\/schema\/logo\/image\/","url":"https:\/\/schluesseldienstbremen.org\/wp-content\/uploads\/2023\/02\/sweet-cakes-1.png","contentUrl":"https:\/\/schluesseldienstbremen.org\/wp-content\/uploads\/2023\/02\/sweet-cakes-1.png","width":500,"height":500,"caption":"Schl\u00fcsseldienst-Bremen-Eck"},"image":{"@id":"https:\/\/schluesseldienstbremen.org\/#\/schema\/logo\/image\/"},"sameAs":["https:\/\/instagram.com\/schluesseldienstbremen"]}]}},"uagb_featured_image_src":{"full":["https:\/\/schluesseldienstbremen.org\/wp-content\/uploads\/2023\/02\/Schluesseldienst-Bremen-Eck-1-1.png",1920,1275,false],"thumbnail":["https:\/\/schluesseldienstbremen.org\/wp-content\/uploads\/2023\/02\/Schluesseldienst-Bremen-Eck-1-1-150x150.png",150,150,true],"medium":["https:\/\/schluesseldienstbremen.org\/wp-content\/uploads\/2023\/02\/Schluesseldienst-Bremen-Eck-1-1-300x199.png",300,199,true],"medium_large":["https:\/\/schluesseldienstbremen.org\/wp-content\/uploads\/2023\/02\/Schluesseldienst-Bremen-Eck-1-1-768x510.png",768,510,true],"large":["https:\/\/schluesseldienstbremen.org\/wp-content\/uploads\/2023\/02\/Schluesseldienst-Bremen-Eck-1-1-1024x680.png",1024,680,true],"1536x1536":["https:\/\/schluesseldienstbremen.org\/wp-content\/uploads\/2023\/02\/Schluesseldienst-Bremen-Eck-1-1-1536x1020.png",1536,1020,true],"2048x2048":["https:\/\/schluesseldienstbremen.org\/wp-content\/uploads\/2023\/02\/Schluesseldienst-Bremen-Eck-1-1.png",1920,1275,false],"trp-custom-language-flag":["https:\/\/schluesseldienstbremen.org\/wp-content\/uploads\/2023\/02\/Schluesseldienst-Bremen-Eck-1-1-18x12.png",18,12,true]},"uagb_author_info":{"display_name":"said yah","author_link":"https:\/\/schluesseldienstbremen.org\/en\/author\/said\/"},"uagb_comment_info":0,"uagb_excerpt":"Unser Schl\u00fcsseldienst bittet Schl\u00fcsselnotdienst in Bremen und Umgebung rund um die Uhr 365 Tage. Schl\u00fcsseldienst Edu k\u00f6nnen Sie unter die Telefonnummer: 0421-425385 erreichen. Das Finden eines guten Schl\u00fcsseldienstes in Bremen kann schwierig sein, da es viele unseri\u00f6se Schl\u00fcsseldienste gibt, die \u00fcberh\u00f6hte Preise verlangen und oft schlechte Arbeit leisten. Schl\u00fcsseldienst Edu in Bremen bittet ein Seri\u00f6se&hellip;","_links":{"self":[{"href":"https:\/\/schluesseldienstbremen.org\/en\/wp-json\/wp\/v2\/pages\/2412","targetHints":{"allow":["GET"]}}],"collection":[{"href":"https:\/\/schluesseldienstbremen.org\/en\/wp-json\/wp\/v2\/pages"}],"about":[{"href":"https:\/\/schluesseldienstbremen.org\/en\/wp-json\/wp\/v2\/types\/page"}],"author":[{"embeddable":true,"href":"https:\/\/schluesseldienstbremen.org\/en\/wp-json\/wp\/v2\/users\/2"}],"replies":[{"embeddable":true,"href":"https:\/\/schluesseldienstbremen.org\/en\/wp-json\/wp\/v2\/comments?post=2412"}],"version-history":[{"count":0,"href":"https:\/\/schluesseldienstbremen.org\/en\/wp-json\/wp\/v2\/pages\/2412\/revisions"}],"wp:featuredmedia":[{"embeddable":true,"href":"https:\/\/schluesseldienstbremen.org\/en\/wp-json\/wp\/v2\/media\/2152"}],"wp:attachment":[{"href":"https:\/\/schluesseldienstbremen.org\/en\/wp-json\/wp\/v2\/media?parent=2412"}],"curies":[{"name":"wp","href":"https:\/\/api.w.org\/{rel}","templated":true}]}}