{"id":2436,"date":"2023-03-13T12:48:43","date_gmt":"2023-03-13T12:48:43","guid":{"rendered":"https:\/\/schluesseldienstbremen.org\/?page_id=2436"},"modified":"2026-04-10T15:12:25","modified_gmt":"2026-04-10T15:12:25","slug":"groepelingen","status":"publish","type":"page","link":"https:\/\/schluesseldienstbremen.org\/en\/groepelingen\/","title":{"rendered":"Schl\u00fcsseldienst Gr\u00f6pelingen"},"content":{"rendered":"<p>Schl\u00fcsseldienst Bremen Gr\u00f6pelingen 24h<\/p>\n\n\n\n<p>Unser<a href=\"https:\/\/schluesseldienstbremen.org\/en\/\">Locksmith<\/a> f\u00fcr Bremen Gr\u00f6pelingen ist 24std\u00a0<a href=\"https:\/\/schluesseldienstbremen.org\/en\/\">Schl\u00fcsselnotdienst<\/a>.<\/p>\n\n\n\n<p> 24 Stunden am Tag 365 Tage in Jahr, bei Schl\u00fcssel verlieren oder zu Hause vergessen.<\/p>\n\n\n\n<p> Schl\u00fcsseldienst Edu in Bremen f\u00fcr Hastedt ist 24std am Tag f\u00fcr die Kunden zu erreichen, um eine schnelle und effektive L\u00f6sung f\u00fcr den Zugang zum&nbsp; Ihre Haus Ihnen zu bieten.<\/p>\n\n\n\n<p>Wir sind speziell ausgebildet und ausgestattet, um jede Art von Schloss und T\u00fcr zu \u00f6ffnen.<\/p>\n\n\n\n<h5 class=\"wp-block-heading\"> Schl\u00fcsseldienst Edu in Bremen bietet auch andere Dienstleistungen, Sie k\u00f6nnen auch Zylinderschloss bei uns kaufen oder Schl\u00fcssel nachmachen lassen oder Im Notfall uns unter die Nummer: 0421-425385 anrufen.<\/h5>\n\n\n\n<p>F\u00fcr eine erfolgreiche Schl\u00fcsselnotdienst ist es wichtig, einen qualifizierten Fachmann zu beauftragen, der \u00fcber die notwendigen Werkzeuge und F\u00e4higkeiten verf\u00fcgt, um die T\u00fcr ohne Sch\u00e4den zu \u00f6ffnen.<\/p>\n\n\n\n<p><\/p>\n\n\n\n<p>Ihr Schl\u00fcsselnotdienste Edu in <a href=\"https:\/\/de.wikipedia.org\/wiki\/Bremen\">Bremen<\/a>&nbsp;ist ein Anbieter von Schl\u00fcsselnotdienst in Bremen. Wir sind rund um die Uhr verf\u00fcgbar und k\u00f6nnen innerhalb 10 bis 30 Minuten bei Ihnen sein.<\/p>\n\n\n\n<p> Es ist wichtig, sicherzustellen, dass man einen vertrauensw\u00fcrdigen Schl\u00fcsseldienst ausw\u00e4hlt, um sicherzustellen, dass die T\u00fcr\u00f6ffnung sicher und effektiv durchgef\u00fchrt wird.<\/p>\n\n\n\n<p>Schl\u00fcsseln sind ein wichtiger Bestandteil unseres t\u00e4glichen Lebens und sorgen daf\u00fcr, dass wir Zugang zu unseren H\u00e4usern, Autos und anderen privaten Bereichen haben.<\/p>\n\n\n\n<p>Doch was passiert, wenn wir unseren Schl\u00fcssel verlieren oder unbeabsichtigt im Schloss stecken lassen? Hier kommen Schl\u00fcsseldienste Edu f\u00fcr Gr\u00f6pelingen in Spiel. <strong>Tel: 0421-425385<\/strong><\/p>\n\n\n\n<p>Schl\u00fcsseldienste sind Dienstleister, weil die rund um die Uhr verf\u00fcgbar sind, um Menschen bei Schl\u00fcsselproblemen zu helfen. Sie bieten eine schnelle und effektive L\u00f6sung f\u00fcr den Zugang zu verschlossenen T\u00fcren und Autos.<\/p>\n\n\n\n<p>Schl\u00fcsseldienst Edu ist ausgestattet, mit den neuesten Werkzeugen und Technologien, um jedes Schloss oder jede T\u00fcr ohne Sch\u00e4den zu \u00f6ffnen.<\/p>\n\n\n\n<p>Es ist wichtig und bei der Wahl eines Schl\u00fcsseldienstes auf die Reputation und die Erfahrung zu achten, um sicherzustellen, dass man in guten H\u00e4nden ist. <\/p>\n\n\n\n<p>Schl\u00fcsseldienst  Gr\u00f6pelingen 24h Not\u00f6ffnungen <\/p>\n\n\n\n<p> Rufen Sie uns unter die Tel: 0421-425385 an.<\/p>","protected":false},"excerpt":{"rendered":"<p>Schl\u00fcsseldienst Bremen Gr\u00f6pelingen 24h UnserSchl\u00fcsseldienst f\u00fcr Bremen Gr\u00f6pelingen ist 24std\u00a0Schl\u00fcsselnotdienst. 24 Stunden am Tag 365 Tage in Jahr, bei Schl\u00fcssel verlieren oder zu Hause vergessen. Schl\u00fcsseldienst Edu in Bremen f\u00fcr Hastedt ist 24std am Tag f\u00fcr die Kunden zu erreichen, um eine schnelle und effektive L\u00f6sung f\u00fcr den Zugang zum&nbsp; Ihre Haus Ihnen zu bieten. [&hellip;]<\/p>\n","protected":false},"author":2,"featured_media":2140,"parent":0,"menu_order":0,"comment_status":"closed","ping_status":"closed","template":"","meta":{"_uag_custom_page_level_css":"","site-sidebar-layout":"default","site-content-layout":"","ast-site-content-layout":"default","site-content-style":"default","site-sidebar-style":"default","ast-global-header-display":"","ast-banner-title-visibility":"","ast-main-header-display":"","ast-hfb-above-header-display":"","ast-hfb-below-header-display":"","ast-hfb-mobile-header-display":"","site-post-title":"","ast-breadcrumbs-content":"","ast-featured-img":"","footer-sml-layout":"","ast-disable-related-posts":"","theme-transparent-header-meta":"","adv-header-id-meta":"","stick-header-meta":"","header-above-stick-meta":"","header-main-stick-meta":"","header-below-stick-meta":"","astra-migrate-meta-layouts":"set","ast-page-background-enabled":"default","ast-page-background-meta":{"desktop":{"background-color":"","background-image":"","background-repeat":"repeat","background-position":"center center","background-size":"auto","background-attachment":"scroll","background-type":"","background-media":"","overlay-type":"","overlay-color":"","overlay-opacity":"","overlay-gradient":""},"tablet":{"background-color":"","background-image":"","background-repeat":"repeat","background-position":"center center","background-size":"auto","background-attachment":"scroll","background-type":"","background-media":"","overlay-type":"","overlay-color":"","overlay-opacity":"","overlay-gradient":""},"mobile":{"background-color":"","background-image":"","background-repeat":"repeat","background-position":"center center","background-size":"auto","background-attachment":"scroll","background-type":"","background-media":"","overlay-type":"","overlay-color":"","overlay-opacity":"","overlay-gradient":""}},"ast-content-background-meta":{"desktop":{"background-color":"var(--ast-global-color-5)","background-image":"","background-repeat":"repeat","background-position":"center center","background-size":"auto","background-attachment":"scroll","background-type":"","background-media":"","overlay-type":"","overlay-color":"","overlay-opacity":"","overlay-gradient":""},"tablet":{"background-color":"var(--ast-global-color-5)","background-image":"","background-repeat":"repeat","background-position":"center center","background-size":"auto","background-attachment":"scroll","background-type":"","background-media":"","overlay-type":"","overlay-color":"","overlay-opacity":"","overlay-gradient":""},"mobile":{"background-color":"var(--ast-global-color-5)","background-image":"","background-repeat":"repeat","background-position":"center center","background-size":"auto","background-attachment":"scroll","background-type":"","background-media":"","overlay-type":"","overlay-color":"","overlay-opacity":"","overlay-gradient":""}},"footnotes":""},"class_list":["post-2436","page","type-page","status-publish","has-post-thumbnail","hentry"],"yoast_head":"<!-- This site is optimized with the Yoast SEO plugin v27.1.1 - https:\/\/yoast.com\/product\/yoast-seo-wordpress\/ -->\n<title>Schl\u00fcsseldienst Bremen Gr\u00f6pelingen 24h<\/title>\n<meta name=\"description\" content=\"T\u00fcr\u00f6ffnung Bremen Gr\u00f6pelingen 24h \u2705Schl\u00fcsselnotdienst 24 \u270510-30 Min Vor Ort\u2705 Festpreis Garantie \u2705Mit Erfahrung\u2705 \u260e\ufe0f0421\/425385\" \/>\n<meta name=\"robots\" content=\"index, follow, max-snippet:-1, max-image-preview:large, max-video-preview:-1\" \/>\n<link rel=\"canonical\" href=\"https:\/\/schluesseldienstbremen.org\/en\/groepelingen\/\" \/>\n<meta property=\"og:locale\" content=\"en_US\" \/>\n<meta property=\"og:type\" content=\"article\" \/>\n<meta property=\"og:title\" content=\"Schl\u00fcsseldienst Bremen Gr\u00f6pelingen 24h\" \/>\n<meta property=\"og:description\" content=\"T\u00fcr\u00f6ffnung Bremen Gr\u00f6pelingen 24h \u2705Schl\u00fcsselnotdienst 24 \u270510-30 Min Vor Ort\u2705 Festpreis Garantie \u2705Mit Erfahrung\u2705 \u260e\ufe0f0421\/425385\" \/>\n<meta property=\"og:url\" content=\"https:\/\/schluesseldienstbremen.org\/en\/groepelingen\/\" \/>\n<meta property=\"og:site_name\" content=\"Schl\u00fcsseldienst Edu\" \/>\n<meta property=\"article:modified_time\" content=\"2026-04-10T15:12:25+00:00\" \/>\n<meta property=\"og:image\" content=\"https:\/\/schluesseldienstbremen.org\/wp-content\/uploads\/2023\/03\/Schluesseldienst-7.png\" \/>\n\t<meta property=\"og:image:width\" content=\"500\" \/>\n\t<meta property=\"og:image:height\" content=\"500\" \/>\n\t<meta property=\"og:image:type\" content=\"image\/png\" \/>\n<meta name=\"twitter:card\" content=\"summary_large_image\" \/>\n<meta name=\"twitter:label1\" content=\"Est. reading time\" \/>\n\t<meta name=\"twitter:data1\" content=\"2 minutes\" \/>\n<script type=\"application\/ld+json\" class=\"yoast-schema-graph\">{\"@context\":\"https:\/\/schema.org\",\"@graph\":[{\"@type\":\"WebPage\",\"@id\":\"https:\/\/schluesseldienstbremen.org\/groepelingen\/\",\"url\":\"https:\/\/schluesseldienstbremen.org\/groepelingen\/\",\"name\":\"Schl\u00fcsseldienst Bremen Gr\u00f6pelingen 24h\",\"isPartOf\":{\"@id\":\"https:\/\/schluesseldienstbremen.org\/#website\"},\"primaryImageOfPage\":{\"@id\":\"https:\/\/schluesseldienstbremen.org\/groepelingen\/#primaryimage\"},\"image\":{\"@id\":\"https:\/\/schluesseldienstbremen.org\/groepelingen\/#primaryimage\"},\"thumbnailUrl\":\"https:\/\/schluesseldienstbremen.org\/wp-content\/uploads\/2023\/03\/Schluesseldienst-7.png\",\"datePublished\":\"2023-03-13T12:48:43+00:00\",\"dateModified\":\"2026-04-10T15:12:25+00:00\",\"description\":\"T\u00fcr\u00f6ffnung Bremen Gr\u00f6pelingen 24h \u2705Schl\u00fcsselnotdienst 24 \u270510-30 Min Vor Ort\u2705 Festpreis Garantie \u2705Mit Erfahrung\u2705 \u260e\ufe0f0421\/425385\",\"breadcrumb\":{\"@id\":\"https:\/\/schluesseldienstbremen.org\/groepelingen\/#breadcrumb\"},\"inLanguage\":\"en-US\",\"potentialAction\":[{\"@type\":\"ReadAction\",\"target\":[\"https:\/\/schluesseldienstbremen.org\/groepelingen\/\"]}]},{\"@type\":\"ImageObject\",\"inLanguage\":\"en-US\",\"@id\":\"https:\/\/schluesseldienstbremen.org\/groepelingen\/#primaryimage\",\"url\":\"https:\/\/schluesseldienstbremen.org\/wp-content\/uploads\/2023\/03\/Schluesseldienst-7.png\",\"contentUrl\":\"https:\/\/schluesseldienstbremen.org\/wp-content\/uploads\/2023\/03\/Schluesseldienst-7.png\",\"width\":500,\"height\":500,\"caption\":\"Schl\u00fcsseldienst Edu hat 24\/7 T\u00fcr\u00f6ffnungen\"},{\"@type\":\"BreadcrumbList\",\"@id\":\"https:\/\/schluesseldienstbremen.org\/groepelingen\/#breadcrumb\",\"itemListElement\":[{\"@type\":\"ListItem\",\"position\":1,\"name\":\"Startseite\",\"item\":\"https:\/\/schluesseldienstbremen.org\/\"},{\"@type\":\"ListItem\",\"position\":2,\"name\":\"Schl\u00fcsseldienst Gr\u00f6pelingen\"}]},{\"@type\":\"WebSite\",\"@id\":\"https:\/\/schluesseldienstbremen.org\/#website\",\"url\":\"https:\/\/schluesseldienstbremen.org\/\",\"name\":\"Schl\u00fcsseldienst Edu\",\"description\":\"Schl\u00fcsseldienst 24 Stunden Festpreis\",\"publisher\":{\"@id\":\"https:\/\/schluesseldienstbremen.org\/#organization\"},\"potentialAction\":[{\"@type\":\"SearchAction\",\"target\":{\"@type\":\"EntryPoint\",\"urlTemplate\":\"https:\/\/schluesseldienstbremen.org\/?s={search_term_string}\"},\"query-input\":{\"@type\":\"PropertyValueSpecification\",\"valueRequired\":true,\"valueName\":\"search_term_string\"}}],\"inLanguage\":\"en-US\"},{\"@type\":\"Organization\",\"@id\":\"https:\/\/schluesseldienstbremen.org\/#organization\",\"name\":\"Schl\u00fcsseldienst-Bremen-Eck\",\"url\":\"https:\/\/schluesseldienstbremen.org\/\",\"logo\":{\"@type\":\"ImageObject\",\"inLanguage\":\"en-US\",\"@id\":\"https:\/\/schluesseldienstbremen.org\/#\/schema\/logo\/image\/\",\"url\":\"https:\/\/schluesseldienstbremen.org\/wp-content\/uploads\/2023\/02\/sweet-cakes-1.png\",\"contentUrl\":\"https:\/\/schluesseldienstbremen.org\/wp-content\/uploads\/2023\/02\/sweet-cakes-1.png\",\"width\":500,\"height\":500,\"caption\":\"Schl\u00fcsseldienst-Bremen-Eck\"},\"image\":{\"@id\":\"https:\/\/schluesseldienstbremen.org\/#\/schema\/logo\/image\/\"},\"sameAs\":[\"https:\/\/instagram.com\/schluesseldienstbremen\"]}]}<\/script>\n<!-- \/ Yoast SEO plugin. -->","yoast_head_json":{"title":"Schl\u00fcsseldienst Bremen Gr\u00f6pelingen 24h","description":"T\u00fcr\u00f6ffnung Bremen Gr\u00f6pelingen 24h \u2705Schl\u00fcsselnotdienst 24 \u270510-30 Min Vor Ort\u2705 Festpreis Garantie \u2705Mit Erfahrung\u2705 \u260e\ufe0f0421\/425385","robots":{"index":"index","follow":"follow","max-snippet":"max-snippet:-1","max-image-preview":"max-image-preview:large","max-video-preview":"max-video-preview:-1"},"canonical":"https:\/\/schluesseldienstbremen.org\/en\/groepelingen\/","og_locale":"en_US","og_type":"article","og_title":"Schl\u00fcsseldienst Bremen Gr\u00f6pelingen 24h","og_description":"T\u00fcr\u00f6ffnung Bremen Gr\u00f6pelingen 24h \u2705Schl\u00fcsselnotdienst 24 \u270510-30 Min Vor Ort\u2705 Festpreis Garantie \u2705Mit Erfahrung\u2705 \u260e\ufe0f0421\/425385","og_url":"https:\/\/schluesseldienstbremen.org\/en\/groepelingen\/","og_site_name":"Schl\u00fcsseldienst Edu","article_modified_time":"2026-04-10T15:12:25+00:00","og_image":[{"width":500,"height":500,"url":"https:\/\/schluesseldienstbremen.org\/wp-content\/uploads\/2023\/03\/Schluesseldienst-7.png","type":"image\/png"}],"twitter_card":"summary_large_image","twitter_misc":{"Est. reading time":"2 minutes"},"schema":{"@context":"https:\/\/schema.org","@graph":[{"@type":"WebPage","@id":"https:\/\/schluesseldienstbremen.org\/groepelingen\/","url":"https:\/\/schluesseldienstbremen.org\/groepelingen\/","name":"Schl\u00fcsseldienst Bremen Gr\u00f6pelingen 24h","isPartOf":{"@id":"https:\/\/schluesseldienstbremen.org\/#website"},"primaryImageOfPage":{"@id":"https:\/\/schluesseldienstbremen.org\/groepelingen\/#primaryimage"},"image":{"@id":"https:\/\/schluesseldienstbremen.org\/groepelingen\/#primaryimage"},"thumbnailUrl":"https:\/\/schluesseldienstbremen.org\/wp-content\/uploads\/2023\/03\/Schluesseldienst-7.png","datePublished":"2023-03-13T12:48:43+00:00","dateModified":"2026-04-10T15:12:25+00:00","description":"T\u00fcr\u00f6ffnung Bremen Gr\u00f6pelingen 24h \u2705Schl\u00fcsselnotdienst 24 \u270510-30 Min Vor Ort\u2705 Festpreis Garantie \u2705Mit Erfahrung\u2705 \u260e\ufe0f0421\/425385","breadcrumb":{"@id":"https:\/\/schluesseldienstbremen.org\/groepelingen\/#breadcrumb"},"inLanguage":"en-US","potentialAction":[{"@type":"ReadAction","target":["https:\/\/schluesseldienstbremen.org\/groepelingen\/"]}]},{"@type":"ImageObject","inLanguage":"en-US","@id":"https:\/\/schluesseldienstbremen.org\/groepelingen\/#primaryimage","url":"https:\/\/schluesseldienstbremen.org\/wp-content\/uploads\/2023\/03\/Schluesseldienst-7.png","contentUrl":"https:\/\/schluesseldienstbremen.org\/wp-content\/uploads\/2023\/03\/Schluesseldienst-7.png","width":500,"height":500,"caption":"Schl\u00fcsseldienst Edu hat 24\/7 T\u00fcr\u00f6ffnungen"},{"@type":"BreadcrumbList","@id":"https:\/\/schluesseldienstbremen.org\/groepelingen\/#breadcrumb","itemListElement":[{"@type":"ListItem","position":1,"name":"Startseite","item":"https:\/\/schluesseldienstbremen.org\/"},{"@type":"ListItem","position":2,"name":"Schl\u00fcsseldienst Gr\u00f6pelingen"}]},{"@type":"WebSite","@id":"https:\/\/schluesseldienstbremen.org\/#website","url":"https:\/\/schluesseldienstbremen.org\/","name":"Schl\u00fcsseldienst Edu","description":"Schl\u00fcsseldienst 24 Stunden Festpreis","publisher":{"@id":"https:\/\/schluesseldienstbremen.org\/#organization"},"potentialAction":[{"@type":"SearchAction","target":{"@type":"EntryPoint","urlTemplate":"https:\/\/schluesseldienstbremen.org\/?s={search_term_string}"},"query-input":{"@type":"PropertyValueSpecification","valueRequired":true,"valueName":"search_term_string"}}],"inLanguage":"en-US"},{"@type":"Organization","@id":"https:\/\/schluesseldienstbremen.org\/#organization","name":"Schl\u00fcsseldienst-Bremen-Eck","url":"https:\/\/schluesseldienstbremen.org\/","logo":{"@type":"ImageObject","inLanguage":"en-US","@id":"https:\/\/schluesseldienstbremen.org\/#\/schema\/logo\/image\/","url":"https:\/\/schluesseldienstbremen.org\/wp-content\/uploads\/2023\/02\/sweet-cakes-1.png","contentUrl":"https:\/\/schluesseldienstbremen.org\/wp-content\/uploads\/2023\/02\/sweet-cakes-1.png","width":500,"height":500,"caption":"Schl\u00fcsseldienst-Bremen-Eck"},"image":{"@id":"https:\/\/schluesseldienstbremen.org\/#\/schema\/logo\/image\/"},"sameAs":["https:\/\/instagram.com\/schluesseldienstbremen"]}]}},"uagb_featured_image_src":{"full":["https:\/\/schluesseldienstbremen.org\/wp-content\/uploads\/2023\/03\/Schluesseldienst-7.png",500,500,false],"thumbnail":["https:\/\/schluesseldienstbremen.org\/wp-content\/uploads\/2023\/03\/Schluesseldienst-7-150x150.png",150,150,true],"medium":["https:\/\/schluesseldienstbremen.org\/wp-content\/uploads\/2023\/03\/Schluesseldienst-7-300x300.png",300,300,true],"medium_large":["https:\/\/schluesseldienstbremen.org\/wp-content\/uploads\/2023\/03\/Schluesseldienst-7.png",500,500,false],"large":["https:\/\/schluesseldienstbremen.org\/wp-content\/uploads\/2023\/03\/Schluesseldienst-7.png",500,500,false],"1536x1536":["https:\/\/schluesseldienstbremen.org\/wp-content\/uploads\/2023\/03\/Schluesseldienst-7.png",500,500,false],"2048x2048":["https:\/\/schluesseldienstbremen.org\/wp-content\/uploads\/2023\/03\/Schluesseldienst-7.png",500,500,false],"trp-custom-language-flag":["https:\/\/schluesseldienstbremen.org\/wp-content\/uploads\/2023\/03\/Schluesseldienst-7-12x12.png",12,12,true]},"uagb_author_info":{"display_name":"said yah","author_link":"https:\/\/schluesseldienstbremen.org\/en\/author\/said\/"},"uagb_comment_info":0,"uagb_excerpt":"Schl\u00fcsseldienst Bremen Gr\u00f6pelingen 24h UnserSchl\u00fcsseldienst f\u00fcr Bremen Gr\u00f6pelingen ist 24std\u00a0Schl\u00fcsselnotdienst. 24 Stunden am Tag 365 Tage in Jahr, bei Schl\u00fcssel verlieren oder zu Hause vergessen. Schl\u00fcsseldienst Edu in Bremen f\u00fcr Hastedt ist 24std am Tag f\u00fcr die Kunden zu erreichen, um eine schnelle und effektive L\u00f6sung f\u00fcr den Zugang zum&nbsp; Ihre Haus Ihnen zu bieten.&hellip;","_links":{"self":[{"href":"https:\/\/schluesseldienstbremen.org\/en\/wp-json\/wp\/v2\/pages\/2436","targetHints":{"allow":["GET"]}}],"collection":[{"href":"https:\/\/schluesseldienstbremen.org\/en\/wp-json\/wp\/v2\/pages"}],"about":[{"href":"https:\/\/schluesseldienstbremen.org\/en\/wp-json\/wp\/v2\/types\/page"}],"author":[{"embeddable":true,"href":"https:\/\/schluesseldienstbremen.org\/en\/wp-json\/wp\/v2\/users\/2"}],"replies":[{"embeddable":true,"href":"https:\/\/schluesseldienstbremen.org\/en\/wp-json\/wp\/v2\/comments?post=2436"}],"version-history":[{"count":1,"href":"https:\/\/schluesseldienstbremen.org\/en\/wp-json\/wp\/v2\/pages\/2436\/revisions"}],"predecessor-version":[{"id":6246,"href":"https:\/\/schluesseldienstbremen.org\/en\/wp-json\/wp\/v2\/pages\/2436\/revisions\/6246"}],"wp:featuredmedia":[{"embeddable":true,"href":"https:\/\/schluesseldienstbremen.org\/en\/wp-json\/wp\/v2\/media\/2140"}],"wp:attachment":[{"href":"https:\/\/schluesseldienstbremen.org\/en\/wp-json\/wp\/v2\/media?parent=2436"}],"curies":[{"name":"wp","href":"https:\/\/api.w.org\/{rel}","templated":true}]}}