{"id":2444,"date":"2023-03-13T13:46:08","date_gmt":"2023-03-13T13:46:08","guid":{"rendered":"https:\/\/schluesseldienstbremen.org\/?page_id=2444"},"modified":"2023-03-14T19:09:38","modified_gmt":"2023-03-14T19:09:38","slug":"schluesseldienst-bremen-mitte","status":"publish","type":"page","link":"https:\/\/schluesseldienstbremen.org\/en\/schluesseldienst-bremen-mitte\/","title":{"rendered":"Schl\u00fcsseldienst Bremen Mitte"},"content":{"rendered":"<p><a href=\"https:\/\/schluesseldienstbremen.org\/en\/\">Locksmith<\/a> Bremen Mitte T\u00fcr\u00f6ffnung <\/p>\n\n\n\n<p> <\/p>\n\n\n\n<p>Sicherheit ist ein wesentlicher Bestandteil unserer Leben. Vor allem, wenn es um unser Zuhause oder unsere Gesch\u00e4ftsr\u00e4ume geht, wollen wir sicher sein, dass sie sicher und gesch\u00fctzt sind. Leider kann es vorkommen, dass wir uns selbst aus unseren H\u00e4usern ausschlie\u00dfen oder unsere Schl\u00fcssel verlieren. In solchen Situationen ist es ratsam, einen zuverl\u00e4ssigen Schl\u00fcsseldienst zu kontaktieren, der schnell und professionell helfen kann.<\/p>\n\n\n\n<p>Schl\u00fcsseldienste Edu in<a href=\"https:\/\/de.wikipedia.org\/wiki\/Bremen\"> Bremen<\/a>, ist rund um die Uhr verf\u00fcgbar, um bei Notf\u00e4llen wie verlorenen Schl\u00fcsseln oder kaputten Schl\u00f6ssern zu helfen. Ihr professioneller Schl\u00fcsseldienst Edu kann nicht nur schnell reagieren, sondern auch eine breite Palette von Dienstleistungen anbieten, um Ihre Sicherheit zu gew\u00e4hrleisten.<\/p>\n\n\n\n<p>Zu den Dienstleistungen, Schl\u00fcsseldienst Edu in Bremen anbieten kann, geh\u00f6ren:<\/p>\n\n\n\n<ol class=\"wp-block-list\">\n<li>Notfall-T\u00fcr\u00f6ffnung: Wenn Sie sich selbst ausgesperrt haben, kann Schl\u00fcsseldienst Edu schnell und professionell Ihre T\u00fcr \u00f6ffnen, ohne Sch\u00e4den an Ihrem Schloss oder Ihrer T\u00fcr zu verursachen.<\/li>\n\n\n\n<li>Schlosswechsel: Wenn Sie den Verdacht haben, dass jemand unbefugten Zugang zu Ihrem Haus oder Ihrem Unternehmen hat, kann Schl\u00fcsseldienst Edu Ihr Schloss wechseln, um Ihre Sicherheit zu gew\u00e4hrleisten.<\/li>\n\n\n\n<li>Einbau von Sicherheitsschl\u00f6ssern:  Schl\u00fcsseldienst Edu kann Ihnen helfen, Sicherheitsschl\u00f6sser wie Zylinderschl\u00f6sser oder Panzerriegel zu installieren, um Ihre R\u00e4umlichkeiten sicherer zu machen.<\/li>\n\n\n\n<li>Reparatur von besch\u00e4digten Schl\u00f6ssern: Schl\u00fcsseldienst Edu in Bremen kann besch\u00e4digte Schl\u00f6sser reparieren oder ersetzen, um die Sicherheit Ihres Hauses oder Ihres Unternehmens zu gew\u00e4hrleisten.<\/li>\n\n\n\n<li>Beratung zur Sicherheit:  Schl\u00fcsseldienst EDu in Bremen Osterholz kann Ihnen helfen, Ihre Sicherheitsbed\u00fcrfnisse zu bewerten und Ihnen Empfehlungen geben, wie Sie Ihre R\u00e4umlichkeiten besser sichern k\u00f6nnen.<\/li>\n<\/ol>\n\n\n\n<p>Schl\u00fcsseldienst Bremen Mitte T\u00fcr\u00f6ffnung<\/p>\n\n\n\n<p> Schl\u00fcsseldienst Edu ist 24Std am tag 365 Tage in Jahr auch am Feirtage und Wochenende f\u00fcr sie da.<\/p>\n\n\n\n<p>Rufen Sie uns an: 0421-425385 <\/p>","protected":false},"excerpt":{"rendered":"<p>Schl\u00fcsseldienst Bremen Mitte T\u00fcr\u00f6ffnung Sicherheit ist ein wesentlicher Bestandteil unserer Leben. Vor allem, wenn es um unser Zuhause oder unsere Gesch\u00e4ftsr\u00e4ume geht, wollen wir sicher sein, dass sie sicher und gesch\u00fctzt sind. Leider kann es vorkommen, dass wir uns selbst aus unseren H\u00e4usern ausschlie\u00dfen oder unsere Schl\u00fcssel verlieren. In solchen Situationen ist es ratsam, einen [&hellip;]<\/p>\n","protected":false},"author":2,"featured_media":1777,"parent":0,"menu_order":0,"comment_status":"closed","ping_status":"closed","template":"","meta":{"_uag_custom_page_level_css":"","site-sidebar-layout":"default","site-content-layout":"","ast-site-content-layout":"default","site-content-style":"default","site-sidebar-style":"default","ast-global-header-display":"","ast-banner-title-visibility":"","ast-main-header-display":"","ast-hfb-above-header-display":"","ast-hfb-below-header-display":"","ast-hfb-mobile-header-display":"","site-post-title":"","ast-breadcrumbs-content":"","ast-featured-img":"","footer-sml-layout":"","ast-disable-related-posts":"","theme-transparent-header-meta":"","adv-header-id-meta":"","stick-header-meta":"","header-above-stick-meta":"","header-main-stick-meta":"","header-below-stick-meta":"","astra-migrate-meta-layouts":"default","ast-page-background-enabled":"default","ast-page-background-meta":{"desktop":{"background-color":"","background-image":"","background-repeat":"repeat","background-position":"center center","background-size":"auto","background-attachment":"scroll","background-type":"","background-media":"","overlay-type":"","overlay-color":"","overlay-opacity":"","overlay-gradient":""},"tablet":{"background-color":"","background-image":"","background-repeat":"repeat","background-position":"center center","background-size":"auto","background-attachment":"scroll","background-type":"","background-media":"","overlay-type":"","overlay-color":"","overlay-opacity":"","overlay-gradient":""},"mobile":{"background-color":"","background-image":"","background-repeat":"repeat","background-position":"center center","background-size":"auto","background-attachment":"scroll","background-type":"","background-media":"","overlay-type":"","overlay-color":"","overlay-opacity":"","overlay-gradient":""}},"ast-content-background-meta":{"desktop":{"background-color":"var(--ast-global-color-5)","background-image":"","background-repeat":"repeat","background-position":"center center","background-size":"auto","background-attachment":"scroll","background-type":"","background-media":"","overlay-type":"","overlay-color":"","overlay-opacity":"","overlay-gradient":""},"tablet":{"background-color":"var(--ast-global-color-5)","background-image":"","background-repeat":"repeat","background-position":"center center","background-size":"auto","background-attachment":"scroll","background-type":"","background-media":"","overlay-type":"","overlay-color":"","overlay-opacity":"","overlay-gradient":""},"mobile":{"background-color":"var(--ast-global-color-5)","background-image":"","background-repeat":"repeat","background-position":"center center","background-size":"auto","background-attachment":"scroll","background-type":"","background-media":"","overlay-type":"","overlay-color":"","overlay-opacity":"","overlay-gradient":""}},"footnotes":""},"class_list":["post-2444","page","type-page","status-publish","has-post-thumbnail","hentry"],"yoast_head":"<!-- This site is optimized with the Yoast SEO plugin v27.1.1 - https:\/\/yoast.com\/product\/yoast-seo-wordpress\/ -->\n<title>Schl\u00fcsseldienst Bremen Mitte T\u00fcr\u00f6ffnung 24h, 365 Tage<\/title>\n<meta name=\"description\" content=\"Schl\u00fcsseldienst Bremen Mitte T\u00fcr\u00f6ffnung Bremen 24h \u2705Schl\u00fcsselnotdienst 24 \u270510-30 Min Vor Ort\u2705 Festpreis Garantie\u2705Mit Erfahrung\u2705 \u260e\ufe0f0421\/425385\" \/>\n<meta name=\"robots\" content=\"index, follow, max-snippet:-1, max-image-preview:large, max-video-preview:-1\" \/>\n<link rel=\"canonical\" href=\"https:\/\/schluesseldienstbremen.org\/en\/schluesseldienst-bremen-mitte\/\" \/>\n<meta property=\"og:locale\" content=\"en_US\" \/>\n<meta property=\"og:type\" content=\"article\" \/>\n<meta property=\"og:title\" content=\"Schl\u00fcsseldienst Bremen Mitte T\u00fcr\u00f6ffnung 24h, 365 Tage\" \/>\n<meta property=\"og:description\" content=\"Schl\u00fcsseldienst Bremen Mitte T\u00fcr\u00f6ffnung Bremen 24h \u2705Schl\u00fcsselnotdienst 24 \u270510-30 Min Vor Ort\u2705 Festpreis Garantie\u2705Mit Erfahrung\u2705 \u260e\ufe0f0421\/425385\" \/>\n<meta property=\"og:url\" content=\"https:\/\/schluesseldienstbremen.org\/en\/schluesseldienst-bremen-mitte\/\" \/>\n<meta property=\"og:site_name\" content=\"Schl\u00fcsseldienst Edu\" \/>\n<meta property=\"article:modified_time\" content=\"2023-03-14T19:09:38+00:00\" \/>\n<meta property=\"og:image\" content=\"https:\/\/schluesseldienstbremen.org\/wp-content\/uploads\/2023\/02\/DSC_7722_ver-1024x680.jpg\" \/>\n\t<meta property=\"og:image:width\" content=\"1024\" \/>\n\t<meta property=\"og:image:height\" content=\"680\" \/>\n\t<meta property=\"og:image:type\" content=\"image\/jpeg\" \/>\n<meta name=\"twitter:card\" content=\"summary_large_image\" \/>\n<meta name=\"twitter:label1\" content=\"Est. reading time\" \/>\n\t<meta name=\"twitter:data1\" content=\"2 minutes\" \/>\n<script type=\"application\/ld+json\" class=\"yoast-schema-graph\">{\"@context\":\"https:\/\/schema.org\",\"@graph\":[{\"@type\":\"WebPage\",\"@id\":\"https:\/\/schluesseldienstbremen.org\/schluesseldienst-bremen-mitte\/\",\"url\":\"https:\/\/schluesseldienstbremen.org\/schluesseldienst-bremen-mitte\/\",\"name\":\"Schl\u00fcsseldienst Bremen Mitte T\u00fcr\u00f6ffnung 24h, 365 Tage\",\"isPartOf\":{\"@id\":\"https:\/\/schluesseldienstbremen.org\/#website\"},\"primaryImageOfPage\":{\"@id\":\"https:\/\/schluesseldienstbremen.org\/schluesseldienst-bremen-mitte\/#primaryimage\"},\"image\":{\"@id\":\"https:\/\/schluesseldienstbremen.org\/schluesseldienst-bremen-mitte\/#primaryimage\"},\"thumbnailUrl\":\"https:\/\/schluesseldienstbremen.org\/wp-content\/uploads\/2023\/02\/DSC_7722_ver.jpg\",\"datePublished\":\"2023-03-13T13:46:08+00:00\",\"dateModified\":\"2023-03-14T19:09:38+00:00\",\"description\":\"Schl\u00fcsseldienst Bremen Mitte T\u00fcr\u00f6ffnung Bremen 24h \u2705Schl\u00fcsselnotdienst 24 \u270510-30 Min Vor Ort\u2705 Festpreis Garantie\u2705Mit Erfahrung\u2705 \u260e\ufe0f0421\/425385\",\"breadcrumb\":{\"@id\":\"https:\/\/schluesseldienstbremen.org\/schluesseldienst-bremen-mitte\/#breadcrumb\"},\"inLanguage\":\"en-US\",\"potentialAction\":[{\"@type\":\"ReadAction\",\"target\":[\"https:\/\/schluesseldienstbremen.org\/schluesseldienst-bremen-mitte\/\"]}]},{\"@type\":\"ImageObject\",\"inLanguage\":\"en-US\",\"@id\":\"https:\/\/schluesseldienstbremen.org\/schluesseldienst-bremen-mitte\/#primaryimage\",\"url\":\"https:\/\/schluesseldienstbremen.org\/wp-content\/uploads\/2023\/02\/DSC_7722_ver.jpg\",\"contentUrl\":\"https:\/\/schluesseldienstbremen.org\/wp-content\/uploads\/2023\/02\/DSC_7722_ver.jpg\",\"width\":1920,\"height\":1275,\"caption\":\"Schl\u00fcsseldienst\"},{\"@type\":\"BreadcrumbList\",\"@id\":\"https:\/\/schluesseldienstbremen.org\/schluesseldienst-bremen-mitte\/#breadcrumb\",\"itemListElement\":[{\"@type\":\"ListItem\",\"position\":1,\"name\":\"Startseite\",\"item\":\"https:\/\/schluesseldienstbremen.org\/\"},{\"@type\":\"ListItem\",\"position\":2,\"name\":\"Schl\u00fcsseldienst Bremen Mitte\"}]},{\"@type\":\"WebSite\",\"@id\":\"https:\/\/schluesseldienstbremen.org\/#website\",\"url\":\"https:\/\/schluesseldienstbremen.org\/\",\"name\":\"Schl\u00fcsseldienst Edu\",\"description\":\"Schl\u00fcsseldienst 24 Stunden Festpreis\",\"publisher\":{\"@id\":\"https:\/\/schluesseldienstbremen.org\/#organization\"},\"potentialAction\":[{\"@type\":\"SearchAction\",\"target\":{\"@type\":\"EntryPoint\",\"urlTemplate\":\"https:\/\/schluesseldienstbremen.org\/?s={search_term_string}\"},\"query-input\":{\"@type\":\"PropertyValueSpecification\",\"valueRequired\":true,\"valueName\":\"search_term_string\"}}],\"inLanguage\":\"en-US\"},{\"@type\":\"Organization\",\"@id\":\"https:\/\/schluesseldienstbremen.org\/#organization\",\"name\":\"Schl\u00fcsseldienst-Bremen-Eck\",\"url\":\"https:\/\/schluesseldienstbremen.org\/\",\"logo\":{\"@type\":\"ImageObject\",\"inLanguage\":\"en-US\",\"@id\":\"https:\/\/schluesseldienstbremen.org\/#\/schema\/logo\/image\/\",\"url\":\"https:\/\/schluesseldienstbremen.org\/wp-content\/uploads\/2023\/02\/sweet-cakes-1.png\",\"contentUrl\":\"https:\/\/schluesseldienstbremen.org\/wp-content\/uploads\/2023\/02\/sweet-cakes-1.png\",\"width\":500,\"height\":500,\"caption\":\"Schl\u00fcsseldienst-Bremen-Eck\"},\"image\":{\"@id\":\"https:\/\/schluesseldienstbremen.org\/#\/schema\/logo\/image\/\"},\"sameAs\":[\"https:\/\/instagram.com\/schluesseldienstbremen\"]}]}<\/script>\n<!-- \/ Yoast SEO plugin. -->","yoast_head_json":{"title":"Schl\u00fcsseldienst Bremen Mitte T\u00fcr\u00f6ffnung 24h, 365 Tage","description":"Schl\u00fcsseldienst Bremen Mitte T\u00fcr\u00f6ffnung Bremen 24h \u2705Schl\u00fcsselnotdienst 24 \u270510-30 Min Vor Ort\u2705 Festpreis Garantie\u2705Mit Erfahrung\u2705 \u260e\ufe0f0421\/425385","robots":{"index":"index","follow":"follow","max-snippet":"max-snippet:-1","max-image-preview":"max-image-preview:large","max-video-preview":"max-video-preview:-1"},"canonical":"https:\/\/schluesseldienstbremen.org\/en\/schluesseldienst-bremen-mitte\/","og_locale":"en_US","og_type":"article","og_title":"Schl\u00fcsseldienst Bremen Mitte T\u00fcr\u00f6ffnung 24h, 365 Tage","og_description":"Schl\u00fcsseldienst Bremen Mitte T\u00fcr\u00f6ffnung Bremen 24h \u2705Schl\u00fcsselnotdienst 24 \u270510-30 Min Vor Ort\u2705 Festpreis Garantie\u2705Mit Erfahrung\u2705 \u260e\ufe0f0421\/425385","og_url":"https:\/\/schluesseldienstbremen.org\/en\/schluesseldienst-bremen-mitte\/","og_site_name":"Schl\u00fcsseldienst Edu","article_modified_time":"2023-03-14T19:09:38+00:00","og_image":[{"width":1024,"height":680,"url":"https:\/\/schluesseldienstbremen.org\/wp-content\/uploads\/2023\/02\/DSC_7722_ver-1024x680.jpg","type":"image\/jpeg"}],"twitter_card":"summary_large_image","twitter_misc":{"Est. reading time":"2 minutes"},"schema":{"@context":"https:\/\/schema.org","@graph":[{"@type":"WebPage","@id":"https:\/\/schluesseldienstbremen.org\/schluesseldienst-bremen-mitte\/","url":"https:\/\/schluesseldienstbremen.org\/schluesseldienst-bremen-mitte\/","name":"Schl\u00fcsseldienst Bremen Mitte T\u00fcr\u00f6ffnung 24h, 365 Tage","isPartOf":{"@id":"https:\/\/schluesseldienstbremen.org\/#website"},"primaryImageOfPage":{"@id":"https:\/\/schluesseldienstbremen.org\/schluesseldienst-bremen-mitte\/#primaryimage"},"image":{"@id":"https:\/\/schluesseldienstbremen.org\/schluesseldienst-bremen-mitte\/#primaryimage"},"thumbnailUrl":"https:\/\/schluesseldienstbremen.org\/wp-content\/uploads\/2023\/02\/DSC_7722_ver.jpg","datePublished":"2023-03-13T13:46:08+00:00","dateModified":"2023-03-14T19:09:38+00:00","description":"Schl\u00fcsseldienst Bremen Mitte T\u00fcr\u00f6ffnung Bremen 24h \u2705Schl\u00fcsselnotdienst 24 \u270510-30 Min Vor Ort\u2705 Festpreis Garantie\u2705Mit Erfahrung\u2705 \u260e\ufe0f0421\/425385","breadcrumb":{"@id":"https:\/\/schluesseldienstbremen.org\/schluesseldienst-bremen-mitte\/#breadcrumb"},"inLanguage":"en-US","potentialAction":[{"@type":"ReadAction","target":["https:\/\/schluesseldienstbremen.org\/schluesseldienst-bremen-mitte\/"]}]},{"@type":"ImageObject","inLanguage":"en-US","@id":"https:\/\/schluesseldienstbremen.org\/schluesseldienst-bremen-mitte\/#primaryimage","url":"https:\/\/schluesseldienstbremen.org\/wp-content\/uploads\/2023\/02\/DSC_7722_ver.jpg","contentUrl":"https:\/\/schluesseldienstbremen.org\/wp-content\/uploads\/2023\/02\/DSC_7722_ver.jpg","width":1920,"height":1275,"caption":"Schl\u00fcsseldienst"},{"@type":"BreadcrumbList","@id":"https:\/\/schluesseldienstbremen.org\/schluesseldienst-bremen-mitte\/#breadcrumb","itemListElement":[{"@type":"ListItem","position":1,"name":"Startseite","item":"https:\/\/schluesseldienstbremen.org\/"},{"@type":"ListItem","position":2,"name":"Schl\u00fcsseldienst Bremen Mitte"}]},{"@type":"WebSite","@id":"https:\/\/schluesseldienstbremen.org\/#website","url":"https:\/\/schluesseldienstbremen.org\/","name":"Schl\u00fcsseldienst Edu","description":"Schl\u00fcsseldienst 24 Stunden Festpreis","publisher":{"@id":"https:\/\/schluesseldienstbremen.org\/#organization"},"potentialAction":[{"@type":"SearchAction","target":{"@type":"EntryPoint","urlTemplate":"https:\/\/schluesseldienstbremen.org\/?s={search_term_string}"},"query-input":{"@type":"PropertyValueSpecification","valueRequired":true,"valueName":"search_term_string"}}],"inLanguage":"en-US"},{"@type":"Organization","@id":"https:\/\/schluesseldienstbremen.org\/#organization","name":"Schl\u00fcsseldienst-Bremen-Eck","url":"https:\/\/schluesseldienstbremen.org\/","logo":{"@type":"ImageObject","inLanguage":"en-US","@id":"https:\/\/schluesseldienstbremen.org\/#\/schema\/logo\/image\/","url":"https:\/\/schluesseldienstbremen.org\/wp-content\/uploads\/2023\/02\/sweet-cakes-1.png","contentUrl":"https:\/\/schluesseldienstbremen.org\/wp-content\/uploads\/2023\/02\/sweet-cakes-1.png","width":500,"height":500,"caption":"Schl\u00fcsseldienst-Bremen-Eck"},"image":{"@id":"https:\/\/schluesseldienstbremen.org\/#\/schema\/logo\/image\/"},"sameAs":["https:\/\/instagram.com\/schluesseldienstbremen"]}]}},"uagb_featured_image_src":{"full":["https:\/\/schluesseldienstbremen.org\/wp-content\/uploads\/2023\/02\/DSC_7722_ver.jpg",1920,1275,false],"thumbnail":["https:\/\/schluesseldienstbremen.org\/wp-content\/uploads\/2023\/02\/DSC_7722_ver-150x150.jpg",150,150,true],"medium":["https:\/\/schluesseldienstbremen.org\/wp-content\/uploads\/2023\/02\/DSC_7722_ver-300x199.jpg",300,199,true],"medium_large":["https:\/\/schluesseldienstbremen.org\/wp-content\/uploads\/2023\/02\/DSC_7722_ver-768x510.jpg",768,510,true],"large":["https:\/\/schluesseldienstbremen.org\/wp-content\/uploads\/2023\/02\/DSC_7722_ver-1024x680.jpg",1024,680,true],"1536x1536":["https:\/\/schluesseldienstbremen.org\/wp-content\/uploads\/2023\/02\/DSC_7722_ver-1536x1020.jpg",1536,1020,true],"2048x2048":["https:\/\/schluesseldienstbremen.org\/wp-content\/uploads\/2023\/02\/DSC_7722_ver.jpg",1920,1275,false],"trp-custom-language-flag":["https:\/\/schluesseldienstbremen.org\/wp-content\/uploads\/2023\/02\/DSC_7722_ver.jpg",18,12,false]},"uagb_author_info":{"display_name":"said yah","author_link":"https:\/\/schluesseldienstbremen.org\/en\/author\/said\/"},"uagb_comment_info":0,"uagb_excerpt":"Schl\u00fcsseldienst Bremen Mitte T\u00fcr\u00f6ffnung Sicherheit ist ein wesentlicher Bestandteil unserer Leben. Vor allem, wenn es um unser Zuhause oder unsere Gesch\u00e4ftsr\u00e4ume geht, wollen wir sicher sein, dass sie sicher und gesch\u00fctzt sind. Leider kann es vorkommen, dass wir uns selbst aus unseren H\u00e4usern ausschlie\u00dfen oder unsere Schl\u00fcssel verlieren. In solchen Situationen ist es ratsam, einen&hellip;","_links":{"self":[{"href":"https:\/\/schluesseldienstbremen.org\/en\/wp-json\/wp\/v2\/pages\/2444","targetHints":{"allow":["GET"]}}],"collection":[{"href":"https:\/\/schluesseldienstbremen.org\/en\/wp-json\/wp\/v2\/pages"}],"about":[{"href":"https:\/\/schluesseldienstbremen.org\/en\/wp-json\/wp\/v2\/types\/page"}],"author":[{"embeddable":true,"href":"https:\/\/schluesseldienstbremen.org\/en\/wp-json\/wp\/v2\/users\/2"}],"replies":[{"embeddable":true,"href":"https:\/\/schluesseldienstbremen.org\/en\/wp-json\/wp\/v2\/comments?post=2444"}],"version-history":[{"count":0,"href":"https:\/\/schluesseldienstbremen.org\/en\/wp-json\/wp\/v2\/pages\/2444\/revisions"}],"wp:featuredmedia":[{"embeddable":true,"href":"https:\/\/schluesseldienstbremen.org\/en\/wp-json\/wp\/v2\/media\/1777"}],"wp:attachment":[{"href":"https:\/\/schluesseldienstbremen.org\/en\/wp-json\/wp\/v2\/media?parent=2444"}],"curies":[{"name":"wp","href":"https:\/\/api.w.org\/{rel}","templated":true}]}}