{"id":2495,"date":"2023-03-20T12:18:45","date_gmt":"2023-03-20T12:18:45","guid":{"rendered":"https:\/\/schluesseldienstbremen.org\/?page_id=2495"},"modified":"2023-03-20T12:18:46","modified_gmt":"2023-03-20T12:18:46","slug":"schluesseldienst-bremen-marssel","status":"publish","type":"page","link":"https:\/\/schluesseldienstbremen.org\/en\/schluesseldienst-bremen-marssel\/","title":{"rendered":"Schl\u00fcsseldienst Bremen Mar\u00dfel"},"content":{"rendered":"<p> Schl\u00fcsseldienst Bremen Mar\u00dfel g\u00fcnstig 24h<\/p>\n\n\n\n<p><a href=\"https:\/\/schluesseldienstbremen.org\/en\/\">Locksmith<\/a> Edu Bremen ist seit 25 Jahren Ihre Treue Schl\u00fcsseldienst, wir bitten Schl\u00fcsselnotdienst f\u00fcr 24 Stunden am Tag auch am Wochenende und Feiertagen, al so 356 Tage in Jahr.  Bei Verlust oder Vergessen des Hausschl\u00fcssels ist unser Schl\u00fcsselnotdienst rund um die Uhr f\u00fcr Sie verf\u00fcgbar , um Ihnen eine schnelle und effektive L\u00f6sung f\u00fcr den Zugang zu\u00a0Ihre Geb\u00e4ude zu bieten.<\/p>\n\n\n\n<h5 class=\"wp-block-heading\">Unser Schl\u00fcsselnotdienst in Bremen,&nbsp; bieten auch andere Dienstleistungen wie das Austauschen oder Reparieren von Schl\u00f6ssern an.<\/h5>\n\n\n\n<p>Es ist wichtig f\u00fcr unserm Kunden ein erfolgreicher Schl\u00fcsseldienst mit Erfahrung zu erreichen, einen qualifizierten Fachmann zu beauftragen, der \u00fcber die notwendigen Werkzeuge und F\u00e4higkeiten verf\u00fcgt, um die T\u00fcr sicher und ohne Sch\u00e4den zu \u00f6ffnen.<\/p>\n\n\n\n<p>Ein nicht qualifizierter Versuch, die T\u00fcr selbst zu \u00f6ffnen, kann zu Sch\u00e4den am Haust\u00fcr oder an dem Schloss selbst f\u00fchren und kann auch gef\u00e4hrlich sein.<\/p>\n\n\n\n<p>Unser Schl\u00fcsseldienst in <a href=\"https:\/\/de.wikipedia.org\/wiki\/Bremen\">Bremen<\/a> 24\/7&nbsp;ist ein Anbieter von Schl\u00fcsselnotdienst in Bremen. Wir sind rund um die Uhr verf\u00fcgbar und k\u00f6nnen innerhalb k\u00fcrzester Zeit vor Ort sein, um eine L\u00f6sung zu bieten. Es ist wichtig, sicherzustellen, dass man einen vertrauensw\u00fcrdigen Dienstleister, der eine Fest Ladenlokal hat ausw\u00e4hlt, um sicherzustellen, dass die T\u00fcr\u00f6ffnung sicher und effektiv durchgef\u00fchrt wird. Unsere Adresse lautet. <\/p>\n\n\n\n<p>Schl\u00fcsseln sind ein wichtiger Bestandteil unseres t\u00e4glichen Lebens und sorgen daf\u00fcr, dass wir Zugang zu unseren H\u00e4usern, Autos und anderen privaten Bereichen haben.<\/p>\n\n\n\n<p>Doch was passiert, wenn wir unseren Schl\u00fcssel verlieren oder unbeabsichtigt im zu Hause vergessen? Hier kommen eure Schl\u00fcsseldienste  Bremen ins Spiel.<\/p>\n\n\n\n<p>Schl\u00fcsseldienste sind Dienstleister, weil die rund um die Uhr verf\u00fcgbar sind, um Menschen bei Schl\u00fcsselproblemen zu helfen. Sie bieten eine schnelle und effektive L\u00f6sung f\u00fcr den Zugang zu verschlossenen T\u00fcren und Autos.<\/p>\n\n\n\n<p>Unser Schl\u00fcsseldienst ist ausgestattet, mit den neuesten Werkzeugen und Technologien, um jedes Schloss oder jede T\u00fcr ohne Sch\u00e4den zu \u00f6ffnen.<\/p>\n\n\n\n<p>Es ist wichtig und bei der Wahl eines Schl\u00fcsseldienstes auf die Reputation und die Erfahrung zu achten, um sicherzustellen, dass man in guten H\u00e4nden ist. Daher rufen Sie uns unter die Nummer: 0421-425385 an.<\/p>\n\n\n\n<p>\u00a0Schl\u00fcsseldienst Bremen Mar\u00dfel g\u00fcnstig 24h<\/p>\n\n\n\n<p>Rufen Sie uns an. Tel: 0421-425385<\/p>","protected":false},"excerpt":{"rendered":"<p>Schl\u00fcsseldienst Bremen Mar\u00dfel g\u00fcnstig 24h Schl\u00fcsseldienst Edu Bremen ist seit 25 Jahren Ihre Treue Schl\u00fcsseldienst, wir bitten Schl\u00fcsselnotdienst f\u00fcr 24 Stunden am Tag auch am Wochenende und Feiertagen, al so 356 Tage in Jahr. Bei Verlust oder Vergessen des Hausschl\u00fcssels ist unser Schl\u00fcsselnotdienst rund um die Uhr f\u00fcr Sie verf\u00fcgbar , um Ihnen eine schnelle [&hellip;]<\/p>\n","protected":false},"author":2,"featured_media":1777,"parent":0,"menu_order":0,"comment_status":"closed","ping_status":"closed","template":"","meta":{"_uag_custom_page_level_css":"","site-sidebar-layout":"default","site-content-layout":"","ast-site-content-layout":"default","site-content-style":"default","site-sidebar-style":"default","ast-global-header-display":"","ast-banner-title-visibility":"","ast-main-header-display":"","ast-hfb-above-header-display":"","ast-hfb-below-header-display":"","ast-hfb-mobile-header-display":"","site-post-title":"","ast-breadcrumbs-content":"","ast-featured-img":"","footer-sml-layout":"","ast-disable-related-posts":"","theme-transparent-header-meta":"","adv-header-id-meta":"","stick-header-meta":"","header-above-stick-meta":"","header-main-stick-meta":"","header-below-stick-meta":"","astra-migrate-meta-layouts":"default","ast-page-background-enabled":"default","ast-page-background-meta":{"desktop":{"background-color":"","background-image":"","background-repeat":"repeat","background-position":"center center","background-size":"auto","background-attachment":"scroll","background-type":"","background-media":"","overlay-type":"","overlay-color":"","overlay-opacity":"","overlay-gradient":""},"tablet":{"background-color":"","background-image":"","background-repeat":"repeat","background-position":"center center","background-size":"auto","background-attachment":"scroll","background-type":"","background-media":"","overlay-type":"","overlay-color":"","overlay-opacity":"","overlay-gradient":""},"mobile":{"background-color":"","background-image":"","background-repeat":"repeat","background-position":"center center","background-size":"auto","background-attachment":"scroll","background-type":"","background-media":"","overlay-type":"","overlay-color":"","overlay-opacity":"","overlay-gradient":""}},"ast-content-background-meta":{"desktop":{"background-color":"var(--ast-global-color-5)","background-image":"","background-repeat":"repeat","background-position":"center center","background-size":"auto","background-attachment":"scroll","background-type":"","background-media":"","overlay-type":"","overlay-color":"","overlay-opacity":"","overlay-gradient":""},"tablet":{"background-color":"var(--ast-global-color-5)","background-image":"","background-repeat":"repeat","background-position":"center center","background-size":"auto","background-attachment":"scroll","background-type":"","background-media":"","overlay-type":"","overlay-color":"","overlay-opacity":"","overlay-gradient":""},"mobile":{"background-color":"var(--ast-global-color-5)","background-image":"","background-repeat":"repeat","background-position":"center center","background-size":"auto","background-attachment":"scroll","background-type":"","background-media":"","overlay-type":"","overlay-color":"","overlay-opacity":"","overlay-gradient":""}},"footnotes":""},"class_list":["post-2495","page","type-page","status-publish","has-post-thumbnail","hentry"],"yoast_head":"<!-- This site is optimized with the Yoast SEO plugin v27.1.1 - https:\/\/yoast.com\/product\/yoast-seo-wordpress\/ -->\n<title>Schl\u00fcsseldienst Bremen Mar\u00dfel g\u00fcnstig 24h Festpreis Garantie<\/title>\n<meta name=\"description\" content=\"Schl\u00fcsseldienst Bremen Mar\u00dfel g\u00fcnstig 24h \u2714\ufe0fDer g\u00fcnstige Schl\u00fcsseldienst Bremen 24\/7 Notdienst \u2714\ufe0fin 10-30 Minuten vor Ort\u2714\ufe0f \u260e\ufe0f0421\/425385\" \/>\n<meta name=\"robots\" content=\"index, follow, max-snippet:-1, max-image-preview:large, max-video-preview:-1\" \/>\n<link rel=\"canonical\" href=\"https:\/\/schluesseldienstbremen.org\/en\/schluesseldienst-bremen-marssel\/\" \/>\n<meta property=\"og:locale\" content=\"en_US\" \/>\n<meta property=\"og:type\" content=\"article\" \/>\n<meta property=\"og:title\" content=\"Schl\u00fcsseldienst Bremen Mar\u00dfel g\u00fcnstig 24h Festpreis Garantie\" \/>\n<meta property=\"og:description\" content=\"Schl\u00fcsseldienst Bremen Mar\u00dfel g\u00fcnstig 24h \u2714\ufe0fDer g\u00fcnstige Schl\u00fcsseldienst Bremen 24\/7 Notdienst \u2714\ufe0fin 10-30 Minuten vor Ort\u2714\ufe0f \u260e\ufe0f0421\/425385\" \/>\n<meta property=\"og:url\" content=\"https:\/\/schluesseldienstbremen.org\/en\/schluesseldienst-bremen-marssel\/\" \/>\n<meta property=\"og:site_name\" content=\"Schl\u00fcsseldienst Edu\" \/>\n<meta property=\"article:modified_time\" content=\"2023-03-20T12:18:46+00:00\" \/>\n<meta property=\"og:image\" content=\"https:\/\/schluesseldienstbremen.org\/wp-content\/uploads\/2023\/02\/DSC_7722_ver-1024x680.jpg\" \/>\n\t<meta property=\"og:image:width\" content=\"1024\" \/>\n\t<meta property=\"og:image:height\" content=\"680\" \/>\n\t<meta property=\"og:image:type\" content=\"image\/jpeg\" \/>\n<meta name=\"twitter:card\" content=\"summary_large_image\" \/>\n<meta name=\"twitter:label1\" content=\"Est. reading time\" \/>\n\t<meta name=\"twitter:data1\" content=\"2 minutes\" \/>\n<script type=\"application\/ld+json\" class=\"yoast-schema-graph\">{\"@context\":\"https:\/\/schema.org\",\"@graph\":[{\"@type\":\"WebPage\",\"@id\":\"https:\/\/schluesseldienstbremen.org\/schluesseldienst-bremen-marssel\/\",\"url\":\"https:\/\/schluesseldienstbremen.org\/schluesseldienst-bremen-marssel\/\",\"name\":\"Schl\u00fcsseldienst Bremen Mar\u00dfel g\u00fcnstig 24h Festpreis Garantie\",\"isPartOf\":{\"@id\":\"https:\/\/schluesseldienstbremen.org\/#website\"},\"primaryImageOfPage\":{\"@id\":\"https:\/\/schluesseldienstbremen.org\/schluesseldienst-bremen-marssel\/#primaryimage\"},\"image\":{\"@id\":\"https:\/\/schluesseldienstbremen.org\/schluesseldienst-bremen-marssel\/#primaryimage\"},\"thumbnailUrl\":\"https:\/\/schluesseldienstbremen.org\/wp-content\/uploads\/2023\/02\/DSC_7722_ver.jpg\",\"datePublished\":\"2023-03-20T12:18:45+00:00\",\"dateModified\":\"2023-03-20T12:18:46+00:00\",\"description\":\"Schl\u00fcsseldienst Bremen Mar\u00dfel g\u00fcnstig 24h \u2714\ufe0fDer g\u00fcnstige Schl\u00fcsseldienst Bremen 24\/7 Notdienst \u2714\ufe0fin 10-30 Minuten vor Ort\u2714\ufe0f \u260e\ufe0f0421\/425385\",\"breadcrumb\":{\"@id\":\"https:\/\/schluesseldienstbremen.org\/schluesseldienst-bremen-marssel\/#breadcrumb\"},\"inLanguage\":\"en-US\",\"potentialAction\":[{\"@type\":\"ReadAction\",\"target\":[\"https:\/\/schluesseldienstbremen.org\/schluesseldienst-bremen-marssel\/\"]}]},{\"@type\":\"ImageObject\",\"inLanguage\":\"en-US\",\"@id\":\"https:\/\/schluesseldienstbremen.org\/schluesseldienst-bremen-marssel\/#primaryimage\",\"url\":\"https:\/\/schluesseldienstbremen.org\/wp-content\/uploads\/2023\/02\/DSC_7722_ver.jpg\",\"contentUrl\":\"https:\/\/schluesseldienstbremen.org\/wp-content\/uploads\/2023\/02\/DSC_7722_ver.jpg\",\"width\":1920,\"height\":1275,\"caption\":\"Schl\u00fcsseldienst\"},{\"@type\":\"BreadcrumbList\",\"@id\":\"https:\/\/schluesseldienstbremen.org\/schluesseldienst-bremen-marssel\/#breadcrumb\",\"itemListElement\":[{\"@type\":\"ListItem\",\"position\":1,\"name\":\"Startseite\",\"item\":\"https:\/\/schluesseldienstbremen.org\/\"},{\"@type\":\"ListItem\",\"position\":2,\"name\":\"Schl\u00fcsseldienst Bremen Mar\u00dfel\"}]},{\"@type\":\"WebSite\",\"@id\":\"https:\/\/schluesseldienstbremen.org\/#website\",\"url\":\"https:\/\/schluesseldienstbremen.org\/\",\"name\":\"Schl\u00fcsseldienst Edu\",\"description\":\"Schl\u00fcsseldienst 24 Stunden Festpreis\",\"publisher\":{\"@id\":\"https:\/\/schluesseldienstbremen.org\/#organization\"},\"potentialAction\":[{\"@type\":\"SearchAction\",\"target\":{\"@type\":\"EntryPoint\",\"urlTemplate\":\"https:\/\/schluesseldienstbremen.org\/?s={search_term_string}\"},\"query-input\":{\"@type\":\"PropertyValueSpecification\",\"valueRequired\":true,\"valueName\":\"search_term_string\"}}],\"inLanguage\":\"en-US\"},{\"@type\":\"Organization\",\"@id\":\"https:\/\/schluesseldienstbremen.org\/#organization\",\"name\":\"Schl\u00fcsseldienst-Bremen-Eck\",\"url\":\"https:\/\/schluesseldienstbremen.org\/\",\"logo\":{\"@type\":\"ImageObject\",\"inLanguage\":\"en-US\",\"@id\":\"https:\/\/schluesseldienstbremen.org\/#\/schema\/logo\/image\/\",\"url\":\"https:\/\/schluesseldienstbremen.org\/wp-content\/uploads\/2023\/02\/sweet-cakes-1.png\",\"contentUrl\":\"https:\/\/schluesseldienstbremen.org\/wp-content\/uploads\/2023\/02\/sweet-cakes-1.png\",\"width\":500,\"height\":500,\"caption\":\"Schl\u00fcsseldienst-Bremen-Eck\"},\"image\":{\"@id\":\"https:\/\/schluesseldienstbremen.org\/#\/schema\/logo\/image\/\"},\"sameAs\":[\"https:\/\/instagram.com\/schluesseldienstbremen\"]}]}<\/script>\n<!-- \/ Yoast SEO plugin. -->","yoast_head_json":{"title":"Schl\u00fcsseldienst Bremen Mar\u00dfel g\u00fcnstig 24h Festpreis Garantie","description":"Schl\u00fcsseldienst Bremen Mar\u00dfel g\u00fcnstig 24h \u2714\ufe0fDer g\u00fcnstige Schl\u00fcsseldienst Bremen 24\/7 Notdienst \u2714\ufe0fin 10-30 Minuten vor Ort\u2714\ufe0f \u260e\ufe0f0421\/425385","robots":{"index":"index","follow":"follow","max-snippet":"max-snippet:-1","max-image-preview":"max-image-preview:large","max-video-preview":"max-video-preview:-1"},"canonical":"https:\/\/schluesseldienstbremen.org\/en\/schluesseldienst-bremen-marssel\/","og_locale":"en_US","og_type":"article","og_title":"Schl\u00fcsseldienst Bremen Mar\u00dfel g\u00fcnstig 24h Festpreis Garantie","og_description":"Schl\u00fcsseldienst Bremen Mar\u00dfel g\u00fcnstig 24h \u2714\ufe0fDer g\u00fcnstige Schl\u00fcsseldienst Bremen 24\/7 Notdienst \u2714\ufe0fin 10-30 Minuten vor Ort\u2714\ufe0f \u260e\ufe0f0421\/425385","og_url":"https:\/\/schluesseldienstbremen.org\/en\/schluesseldienst-bremen-marssel\/","og_site_name":"Schl\u00fcsseldienst Edu","article_modified_time":"2023-03-20T12:18:46+00:00","og_image":[{"width":1024,"height":680,"url":"https:\/\/schluesseldienstbremen.org\/wp-content\/uploads\/2023\/02\/DSC_7722_ver-1024x680.jpg","type":"image\/jpeg"}],"twitter_card":"summary_large_image","twitter_misc":{"Est. reading time":"2 minutes"},"schema":{"@context":"https:\/\/schema.org","@graph":[{"@type":"WebPage","@id":"https:\/\/schluesseldienstbremen.org\/schluesseldienst-bremen-marssel\/","url":"https:\/\/schluesseldienstbremen.org\/schluesseldienst-bremen-marssel\/","name":"Schl\u00fcsseldienst Bremen Mar\u00dfel g\u00fcnstig 24h Festpreis Garantie","isPartOf":{"@id":"https:\/\/schluesseldienstbremen.org\/#website"},"primaryImageOfPage":{"@id":"https:\/\/schluesseldienstbremen.org\/schluesseldienst-bremen-marssel\/#primaryimage"},"image":{"@id":"https:\/\/schluesseldienstbremen.org\/schluesseldienst-bremen-marssel\/#primaryimage"},"thumbnailUrl":"https:\/\/schluesseldienstbremen.org\/wp-content\/uploads\/2023\/02\/DSC_7722_ver.jpg","datePublished":"2023-03-20T12:18:45+00:00","dateModified":"2023-03-20T12:18:46+00:00","description":"Schl\u00fcsseldienst Bremen Mar\u00dfel g\u00fcnstig 24h \u2714\ufe0fDer g\u00fcnstige Schl\u00fcsseldienst Bremen 24\/7 Notdienst \u2714\ufe0fin 10-30 Minuten vor Ort\u2714\ufe0f \u260e\ufe0f0421\/425385","breadcrumb":{"@id":"https:\/\/schluesseldienstbremen.org\/schluesseldienst-bremen-marssel\/#breadcrumb"},"inLanguage":"en-US","potentialAction":[{"@type":"ReadAction","target":["https:\/\/schluesseldienstbremen.org\/schluesseldienst-bremen-marssel\/"]}]},{"@type":"ImageObject","inLanguage":"en-US","@id":"https:\/\/schluesseldienstbremen.org\/schluesseldienst-bremen-marssel\/#primaryimage","url":"https:\/\/schluesseldienstbremen.org\/wp-content\/uploads\/2023\/02\/DSC_7722_ver.jpg","contentUrl":"https:\/\/schluesseldienstbremen.org\/wp-content\/uploads\/2023\/02\/DSC_7722_ver.jpg","width":1920,"height":1275,"caption":"Schl\u00fcsseldienst"},{"@type":"BreadcrumbList","@id":"https:\/\/schluesseldienstbremen.org\/schluesseldienst-bremen-marssel\/#breadcrumb","itemListElement":[{"@type":"ListItem","position":1,"name":"Startseite","item":"https:\/\/schluesseldienstbremen.org\/"},{"@type":"ListItem","position":2,"name":"Schl\u00fcsseldienst Bremen Mar\u00dfel"}]},{"@type":"WebSite","@id":"https:\/\/schluesseldienstbremen.org\/#website","url":"https:\/\/schluesseldienstbremen.org\/","name":"Schl\u00fcsseldienst Edu","description":"Schl\u00fcsseldienst 24 Stunden Festpreis","publisher":{"@id":"https:\/\/schluesseldienstbremen.org\/#organization"},"potentialAction":[{"@type":"SearchAction","target":{"@type":"EntryPoint","urlTemplate":"https:\/\/schluesseldienstbremen.org\/?s={search_term_string}"},"query-input":{"@type":"PropertyValueSpecification","valueRequired":true,"valueName":"search_term_string"}}],"inLanguage":"en-US"},{"@type":"Organization","@id":"https:\/\/schluesseldienstbremen.org\/#organization","name":"Schl\u00fcsseldienst-Bremen-Eck","url":"https:\/\/schluesseldienstbremen.org\/","logo":{"@type":"ImageObject","inLanguage":"en-US","@id":"https:\/\/schluesseldienstbremen.org\/#\/schema\/logo\/image\/","url":"https:\/\/schluesseldienstbremen.org\/wp-content\/uploads\/2023\/02\/sweet-cakes-1.png","contentUrl":"https:\/\/schluesseldienstbremen.org\/wp-content\/uploads\/2023\/02\/sweet-cakes-1.png","width":500,"height":500,"caption":"Schl\u00fcsseldienst-Bremen-Eck"},"image":{"@id":"https:\/\/schluesseldienstbremen.org\/#\/schema\/logo\/image\/"},"sameAs":["https:\/\/instagram.com\/schluesseldienstbremen"]}]}},"uagb_featured_image_src":{"full":["https:\/\/schluesseldienstbremen.org\/wp-content\/uploads\/2023\/02\/DSC_7722_ver.jpg",1920,1275,false],"thumbnail":["https:\/\/schluesseldienstbremen.org\/wp-content\/uploads\/2023\/02\/DSC_7722_ver-150x150.jpg",150,150,true],"medium":["https:\/\/schluesseldienstbremen.org\/wp-content\/uploads\/2023\/02\/DSC_7722_ver-300x199.jpg",300,199,true],"medium_large":["https:\/\/schluesseldienstbremen.org\/wp-content\/uploads\/2023\/02\/DSC_7722_ver-768x510.jpg",768,510,true],"large":["https:\/\/schluesseldienstbremen.org\/wp-content\/uploads\/2023\/02\/DSC_7722_ver-1024x680.jpg",1024,680,true],"1536x1536":["https:\/\/schluesseldienstbremen.org\/wp-content\/uploads\/2023\/02\/DSC_7722_ver-1536x1020.jpg",1536,1020,true],"2048x2048":["https:\/\/schluesseldienstbremen.org\/wp-content\/uploads\/2023\/02\/DSC_7722_ver.jpg",1920,1275,false],"trp-custom-language-flag":["https:\/\/schluesseldienstbremen.org\/wp-content\/uploads\/2023\/02\/DSC_7722_ver.jpg",18,12,false]},"uagb_author_info":{"display_name":"said yah","author_link":"https:\/\/schluesseldienstbremen.org\/en\/author\/said\/"},"uagb_comment_info":0,"uagb_excerpt":"Schl\u00fcsseldienst Bremen Mar\u00dfel g\u00fcnstig 24h Schl\u00fcsseldienst Edu Bremen ist seit 25 Jahren Ihre Treue Schl\u00fcsseldienst, wir bitten Schl\u00fcsselnotdienst f\u00fcr 24 Stunden am Tag auch am Wochenende und Feiertagen, al so 356 Tage in Jahr. Bei Verlust oder Vergessen des Hausschl\u00fcssels ist unser Schl\u00fcsselnotdienst rund um die Uhr f\u00fcr Sie verf\u00fcgbar , um Ihnen eine schnelle&hellip;","_links":{"self":[{"href":"https:\/\/schluesseldienstbremen.org\/en\/wp-json\/wp\/v2\/pages\/2495","targetHints":{"allow":["GET"]}}],"collection":[{"href":"https:\/\/schluesseldienstbremen.org\/en\/wp-json\/wp\/v2\/pages"}],"about":[{"href":"https:\/\/schluesseldienstbremen.org\/en\/wp-json\/wp\/v2\/types\/page"}],"author":[{"embeddable":true,"href":"https:\/\/schluesseldienstbremen.org\/en\/wp-json\/wp\/v2\/users\/2"}],"replies":[{"embeddable":true,"href":"https:\/\/schluesseldienstbremen.org\/en\/wp-json\/wp\/v2\/comments?post=2495"}],"version-history":[{"count":0,"href":"https:\/\/schluesseldienstbremen.org\/en\/wp-json\/wp\/v2\/pages\/2495\/revisions"}],"wp:featuredmedia":[{"embeddable":true,"href":"https:\/\/schluesseldienstbremen.org\/en\/wp-json\/wp\/v2\/media\/1777"}],"wp:attachment":[{"href":"https:\/\/schluesseldienstbremen.org\/en\/wp-json\/wp\/v2\/media?parent=2495"}],"curies":[{"name":"wp","href":"https:\/\/api.w.org\/{rel}","templated":true}]}}