{"id":2548,"date":"2023-04-03T14:54:25","date_gmt":"2023-04-03T14:54:25","guid":{"rendered":"https:\/\/schluesseldienstbremen.org\/?page_id=2548"},"modified":"2023-04-03T19:02:15","modified_gmt":"2023-04-03T19:02:15","slug":"preise","status":"publish","type":"page","link":"https:\/\/schluesseldienstbremen.org\/en\/preise\/","title":{"rendered":"Preise-was kostet Schl\u00fcsseldienst in Bremen"},"content":{"rendered":"<p>Preise-was kostet Schl\u00fcsseldienst in Bremen<\/p>\n\n\n\n<p>Die Kosten f\u00fcr einen <a href=\"https:\/\/schluesseldienstbremen.org\/en\/schluesseldienst-bremen-osterholz\/\">Locksmith<\/a> h\u00e4ngen von verschiedenen Faktoren ab, wie zum Beispiel der Uhrzeit, an der der Dienst ben\u00f6tigt wird, der Art des Schlosses, das ge\u00f6ffnet werden muss, der Entfernung zum Einsatzort und der Dringlichkeit des Einsatzes.<\/p>\n\n\n\n<p><strong>Rund um die Uhr \u2013 24 Stunden \/ 7 Tage in der Woche ist Schl\u00fcsseldienst Edu in <a href=\"https:\/\/de.wikipedia.org\/wiki\/Bremen\">Bremen <\/a>telefonisch f\u00fcr Sie erreichbar. Wir geben Ihnen am Telefon unserm Festpreis und Sie d\u00fcrfen entscheiden.<\/strong> <\/p>\n\n\n\n<p><strong>TEL:0421-425385<\/strong><\/p>\n\n\n\n<p>Es ist wichtig, dass Sie vor dem Einsatz eines Schl\u00fcsseldienstes die Kosten kl\u00e4ren, um b\u00f6se \u00dcberraschungen zu vermeiden. Fragen Sie nach einem verbindlichen Kostenvoranschlag, bevor der Schl\u00fcsseldienst mit der Arbeit beginnt, um sicherzustellen, dass die Kosten transparent und fair sind.<\/p>\n\n\n\n<p>Eine faire Schl\u00fcsseldienst zeichnet sich durch mehrere Aspekte aus:<\/p>\n\n\n\n<ol class=\"wp-block-list\">\n<li>Transparenz: Ein fairer Schl\u00fcsseldienst kommuniziert offen und ehrlich \u00fcber seine Dienstleistungen und Preise. Er stellt alle Informationen zur Verf\u00fcgung, die der Kunde ben\u00f6tigt, um eine informierte Entscheidung zu treffen.<\/li>\n\n\n\n<li>Qualit\u00e4t: Ein fairer Schl\u00fcsseldienst liefert eine qualitativ hochwertige Dienstleistung, die den Erwartungen des Kunden entspricht. Er sorgt daf\u00fcr, dass die Arbeit professionell und mit Sorgfalt ausgef\u00fchrt wird.<\/li>\n\n\n\n<li>Kundenorientierung: Ein fairer Schl\u00fcsseldienst ist bestrebt, die Bed\u00fcrfnisse und Anforderungen des Kunden zu verstehen und zu erf\u00fcllen. Er h\u00f6rt aktiv zu, stellt Fragen und gibt Empfehlungen, um sicherzustellen, dass der Kunde mit dem Ergebnis zufrieden ist.<\/li>\n\n\n\n<li>Zuverl\u00e4ssigkeit: Ein fairer Schl\u00fcsseldienst h\u00e4lt seine Versprechen und Termine ein. Er ist p\u00fcnktlich, arbeitet effizient und h\u00e4lt sich an vereinbarte Zeitpl\u00e4ne und Fristen.<\/li>\n\n\n\n<li>Fairness: Ein fairer Schl\u00fcsseldienst behandelt Kunden und Mitarbeiter gerecht und respektvoll. Er verlangt faire Preise.<\/li>\n<\/ol>\n\n\n\n<p>Insgesamt bedeutet faire Schl\u00fcsseldienst, dass der Dienstleister sich um die Bed\u00fcrfnisse und Erwartungen des Kunden k\u00fcmmert und dabei transparent, qualitativ hochwertig, zuverl\u00e4ssig und fair agiert.<\/p>\n\n\n\n<p>Schl\u00fcsseldienst Edu ist 24h erreichbar. Rufen Sie uns unter die <strong>Tel: 0421-425385 <\/strong>an. Schl\u00fcsseldienst Edu<\/p>\n\n\n\n<p>Preise-was kostet Schl\u00fcsseldienst in Bremen .<\/p>","protected":false},"excerpt":{"rendered":"<p>Preise-was kostet Schl\u00fcsseldienst in Bremen Die Kosten f\u00fcr einen Schl\u00fcsseldienst h\u00e4ngen von verschiedenen Faktoren ab, wie zum Beispiel der Uhrzeit, an der der Dienst ben\u00f6tigt wird, der Art des Schlosses, das ge\u00f6ffnet werden muss, der Entfernung zum Einsatzort und der Dringlichkeit des Einsatzes. Rund um die Uhr \u2013 24 Stunden \/ 7 Tage in der [&hellip;]<\/p>\n","protected":false},"author":2,"featured_media":2510,"parent":0,"menu_order":0,"comment_status":"closed","ping_status":"closed","template":"","meta":{"_uag_custom_page_level_css":"","site-sidebar-layout":"default","site-content-layout":"","ast-site-content-layout":"default","site-content-style":"default","site-sidebar-style":"default","ast-global-header-display":"","ast-banner-title-visibility":"","ast-main-header-display":"","ast-hfb-above-header-display":"","ast-hfb-below-header-display":"","ast-hfb-mobile-header-display":"","site-post-title":"","ast-breadcrumbs-content":"","ast-featured-img":"","footer-sml-layout":"","ast-disable-related-posts":"","theme-transparent-header-meta":"","adv-header-id-meta":"","stick-header-meta":"","header-above-stick-meta":"","header-main-stick-meta":"","header-below-stick-meta":"","astra-migrate-meta-layouts":"default","ast-page-background-enabled":"default","ast-page-background-meta":{"desktop":{"background-color":"","background-image":"","background-repeat":"repeat","background-position":"center center","background-size":"auto","background-attachment":"scroll","background-type":"","background-media":"","overlay-type":"","overlay-color":"","overlay-opacity":"","overlay-gradient":""},"tablet":{"background-color":"","background-image":"","background-repeat":"repeat","background-position":"center center","background-size":"auto","background-attachment":"scroll","background-type":"","background-media":"","overlay-type":"","overlay-color":"","overlay-opacity":"","overlay-gradient":""},"mobile":{"background-color":"","background-image":"","background-repeat":"repeat","background-position":"center center","background-size":"auto","background-attachment":"scroll","background-type":"","background-media":"","overlay-type":"","overlay-color":"","overlay-opacity":"","overlay-gradient":""}},"ast-content-background-meta":{"desktop":{"background-color":"var(--ast-global-color-5)","background-image":"","background-repeat":"repeat","background-position":"center center","background-size":"auto","background-attachment":"scroll","background-type":"","background-media":"","overlay-type":"","overlay-color":"","overlay-opacity":"","overlay-gradient":""},"tablet":{"background-color":"var(--ast-global-color-5)","background-image":"","background-repeat":"repeat","background-position":"center center","background-size":"auto","background-attachment":"scroll","background-type":"","background-media":"","overlay-type":"","overlay-color":"","overlay-opacity":"","overlay-gradient":""},"mobile":{"background-color":"var(--ast-global-color-5)","background-image":"","background-repeat":"repeat","background-position":"center center","background-size":"auto","background-attachment":"scroll","background-type":"","background-media":"","overlay-type":"","overlay-color":"","overlay-opacity":"","overlay-gradient":""}},"footnotes":""},"class_list":["post-2548","page","type-page","status-publish","has-post-thumbnail","hentry"],"yoast_head":"<!-- This site is optimized with the Yoast SEO plugin v27.1.1 - https:\/\/yoast.com\/product\/yoast-seo-wordpress\/ -->\n<title>Preise-was kostet Schl\u00fcsseldienst in Bremen Schl\u00fcsseldienst Edu<\/title>\n<meta name=\"description\" content=\"Preise-was kostet Schl\u00fcsseldienst in Bremen \u2705Schl\u00fcsselnotdienst 24 \u270510-30 Min Vor Ort\u2705 Festpreis Garantie \u2705Mit Erfahrung\u2705 \u260e\ufe0f0421\/425385\" \/>\n<meta name=\"robots\" content=\"index, follow, max-snippet:-1, max-image-preview:large, max-video-preview:-1\" \/>\n<link rel=\"canonical\" href=\"https:\/\/schluesseldienstbremen.org\/en\/preise\/\" \/>\n<meta property=\"og:locale\" content=\"en_US\" \/>\n<meta property=\"og:type\" content=\"article\" \/>\n<meta property=\"og:title\" content=\"Preise-was kostet Schl\u00fcsseldienst in Bremen Schl\u00fcsseldienst Edu\" \/>\n<meta property=\"og:description\" content=\"Preise-was kostet Schl\u00fcsseldienst in Bremen \u2705Schl\u00fcsselnotdienst 24 \u270510-30 Min Vor Ort\u2705 Festpreis Garantie \u2705Mit Erfahrung\u2705 \u260e\ufe0f0421\/425385\" \/>\n<meta property=\"og:url\" content=\"https:\/\/schluesseldienstbremen.org\/en\/preise\/\" \/>\n<meta property=\"og:site_name\" content=\"Schl\u00fcsseldienst Edu\" \/>\n<meta property=\"article:modified_time\" content=\"2023-04-03T19:02:15+00:00\" \/>\n<meta property=\"og:image\" content=\"https:\/\/schluesseldienstbremen.org\/wp-content\/uploads\/2023\/03\/Schluesseldienst-fuer-Bremen-Horn-11.png\" \/>\n\t<meta property=\"og:image:width\" content=\"1366\" \/>\n\t<meta property=\"og:image:height\" content=\"768\" \/>\n\t<meta property=\"og:image:type\" content=\"image\/png\" \/>\n<meta name=\"twitter:card\" content=\"summary_large_image\" \/>\n<meta name=\"twitter:label1\" content=\"Est. reading time\" \/>\n\t<meta name=\"twitter:data1\" content=\"2 minutes\" \/>\n<script type=\"application\/ld+json\" class=\"yoast-schema-graph\">{\"@context\":\"https:\/\/schema.org\",\"@graph\":[{\"@type\":\"WebPage\",\"@id\":\"https:\/\/schluesseldienstbremen.org\/preise\/\",\"url\":\"https:\/\/schluesseldienstbremen.org\/preise\/\",\"name\":\"Preise-was kostet Schl\u00fcsseldienst in Bremen Schl\u00fcsseldienst Edu\",\"isPartOf\":{\"@id\":\"https:\/\/schluesseldienstbremen.org\/#website\"},\"primaryImageOfPage\":{\"@id\":\"https:\/\/schluesseldienstbremen.org\/preise\/#primaryimage\"},\"image\":{\"@id\":\"https:\/\/schluesseldienstbremen.org\/preise\/#primaryimage\"},\"thumbnailUrl\":\"https:\/\/schluesseldienstbremen.org\/wp-content\/uploads\/2023\/03\/Schluesseldienst-fuer-Bremen-Horn-11.png\",\"datePublished\":\"2023-04-03T14:54:25+00:00\",\"dateModified\":\"2023-04-03T19:02:15+00:00\",\"description\":\"Preise-was kostet Schl\u00fcsseldienst in Bremen \u2705Schl\u00fcsselnotdienst 24 \u270510-30 Min Vor Ort\u2705 Festpreis Garantie \u2705Mit Erfahrung\u2705 \u260e\ufe0f0421\/425385\",\"breadcrumb\":{\"@id\":\"https:\/\/schluesseldienstbremen.org\/preise\/#breadcrumb\"},\"inLanguage\":\"en-US\",\"potentialAction\":[{\"@type\":\"ReadAction\",\"target\":[\"https:\/\/schluesseldienstbremen.org\/preise\/\"]}]},{\"@type\":\"ImageObject\",\"inLanguage\":\"en-US\",\"@id\":\"https:\/\/schluesseldienstbremen.org\/preise\/#primaryimage\",\"url\":\"https:\/\/schluesseldienstbremen.org\/wp-content\/uploads\/2023\/03\/Schluesseldienst-fuer-Bremen-Horn-11.png\",\"contentUrl\":\"https:\/\/schluesseldienstbremen.org\/wp-content\/uploads\/2023\/03\/Schluesseldienst-fuer-Bremen-Horn-11.png\",\"width\":1366,\"height\":768,\"caption\":\"Schl\u00fcsseldienst Bremen Horn\"},{\"@type\":\"BreadcrumbList\",\"@id\":\"https:\/\/schluesseldienstbremen.org\/preise\/#breadcrumb\",\"itemListElement\":[{\"@type\":\"ListItem\",\"position\":1,\"name\":\"Startseite\",\"item\":\"https:\/\/schluesseldienstbremen.org\/\"},{\"@type\":\"ListItem\",\"position\":2,\"name\":\"Preise-was kostet Schl\u00fcsseldienst in Bremen\"}]},{\"@type\":\"WebSite\",\"@id\":\"https:\/\/schluesseldienstbremen.org\/#website\",\"url\":\"https:\/\/schluesseldienstbremen.org\/\",\"name\":\"Schl\u00fcsseldienst Edu\",\"description\":\"Schl\u00fcsseldienst 24 Stunden Festpreis\",\"publisher\":{\"@id\":\"https:\/\/schluesseldienstbremen.org\/#organization\"},\"potentialAction\":[{\"@type\":\"SearchAction\",\"target\":{\"@type\":\"EntryPoint\",\"urlTemplate\":\"https:\/\/schluesseldienstbremen.org\/?s={search_term_string}\"},\"query-input\":{\"@type\":\"PropertyValueSpecification\",\"valueRequired\":true,\"valueName\":\"search_term_string\"}}],\"inLanguage\":\"en-US\"},{\"@type\":\"Organization\",\"@id\":\"https:\/\/schluesseldienstbremen.org\/#organization\",\"name\":\"Schl\u00fcsseldienst-Bremen-Eck\",\"url\":\"https:\/\/schluesseldienstbremen.org\/\",\"logo\":{\"@type\":\"ImageObject\",\"inLanguage\":\"en-US\",\"@id\":\"https:\/\/schluesseldienstbremen.org\/#\/schema\/logo\/image\/\",\"url\":\"https:\/\/schluesseldienstbremen.org\/wp-content\/uploads\/2023\/02\/sweet-cakes-1.png\",\"contentUrl\":\"https:\/\/schluesseldienstbremen.org\/wp-content\/uploads\/2023\/02\/sweet-cakes-1.png\",\"width\":500,\"height\":500,\"caption\":\"Schl\u00fcsseldienst-Bremen-Eck\"},\"image\":{\"@id\":\"https:\/\/schluesseldienstbremen.org\/#\/schema\/logo\/image\/\"},\"sameAs\":[\"https:\/\/instagram.com\/schluesseldienstbremen\"]}]}<\/script>\n<!-- \/ Yoast SEO plugin. -->","yoast_head_json":{"title":"Preise-was kostet Schl\u00fcsseldienst in Bremen Schl\u00fcsseldienst Edu","description":"Preise-was kostet Schl\u00fcsseldienst in Bremen \u2705Schl\u00fcsselnotdienst 24 \u270510-30 Min Vor Ort\u2705 Festpreis Garantie \u2705Mit Erfahrung\u2705 \u260e\ufe0f0421\/425385","robots":{"index":"index","follow":"follow","max-snippet":"max-snippet:-1","max-image-preview":"max-image-preview:large","max-video-preview":"max-video-preview:-1"},"canonical":"https:\/\/schluesseldienstbremen.org\/en\/preise\/","og_locale":"en_US","og_type":"article","og_title":"Preise-was kostet Schl\u00fcsseldienst in Bremen Schl\u00fcsseldienst Edu","og_description":"Preise-was kostet Schl\u00fcsseldienst in Bremen \u2705Schl\u00fcsselnotdienst 24 \u270510-30 Min Vor Ort\u2705 Festpreis Garantie \u2705Mit Erfahrung\u2705 \u260e\ufe0f0421\/425385","og_url":"https:\/\/schluesseldienstbremen.org\/en\/preise\/","og_site_name":"Schl\u00fcsseldienst Edu","article_modified_time":"2023-04-03T19:02:15+00:00","og_image":[{"width":1366,"height":768,"url":"https:\/\/schluesseldienstbremen.org\/wp-content\/uploads\/2023\/03\/Schluesseldienst-fuer-Bremen-Horn-11.png","type":"image\/png"}],"twitter_card":"summary_large_image","twitter_misc":{"Est. reading time":"2 minutes"},"schema":{"@context":"https:\/\/schema.org","@graph":[{"@type":"WebPage","@id":"https:\/\/schluesseldienstbremen.org\/preise\/","url":"https:\/\/schluesseldienstbremen.org\/preise\/","name":"Preise-was kostet Schl\u00fcsseldienst in Bremen Schl\u00fcsseldienst Edu","isPartOf":{"@id":"https:\/\/schluesseldienstbremen.org\/#website"},"primaryImageOfPage":{"@id":"https:\/\/schluesseldienstbremen.org\/preise\/#primaryimage"},"image":{"@id":"https:\/\/schluesseldienstbremen.org\/preise\/#primaryimage"},"thumbnailUrl":"https:\/\/schluesseldienstbremen.org\/wp-content\/uploads\/2023\/03\/Schluesseldienst-fuer-Bremen-Horn-11.png","datePublished":"2023-04-03T14:54:25+00:00","dateModified":"2023-04-03T19:02:15+00:00","description":"Preise-was kostet Schl\u00fcsseldienst in Bremen \u2705Schl\u00fcsselnotdienst 24 \u270510-30 Min Vor Ort\u2705 Festpreis Garantie \u2705Mit Erfahrung\u2705 \u260e\ufe0f0421\/425385","breadcrumb":{"@id":"https:\/\/schluesseldienstbremen.org\/preise\/#breadcrumb"},"inLanguage":"en-US","potentialAction":[{"@type":"ReadAction","target":["https:\/\/schluesseldienstbremen.org\/preise\/"]}]},{"@type":"ImageObject","inLanguage":"en-US","@id":"https:\/\/schluesseldienstbremen.org\/preise\/#primaryimage","url":"https:\/\/schluesseldienstbremen.org\/wp-content\/uploads\/2023\/03\/Schluesseldienst-fuer-Bremen-Horn-11.png","contentUrl":"https:\/\/schluesseldienstbremen.org\/wp-content\/uploads\/2023\/03\/Schluesseldienst-fuer-Bremen-Horn-11.png","width":1366,"height":768,"caption":"Schl\u00fcsseldienst Bremen Horn"},{"@type":"BreadcrumbList","@id":"https:\/\/schluesseldienstbremen.org\/preise\/#breadcrumb","itemListElement":[{"@type":"ListItem","position":1,"name":"Startseite","item":"https:\/\/schluesseldienstbremen.org\/"},{"@type":"ListItem","position":2,"name":"Preise-was kostet Schl\u00fcsseldienst in Bremen"}]},{"@type":"WebSite","@id":"https:\/\/schluesseldienstbremen.org\/#website","url":"https:\/\/schluesseldienstbremen.org\/","name":"Schl\u00fcsseldienst Edu","description":"Schl\u00fcsseldienst 24 Stunden Festpreis","publisher":{"@id":"https:\/\/schluesseldienstbremen.org\/#organization"},"potentialAction":[{"@type":"SearchAction","target":{"@type":"EntryPoint","urlTemplate":"https:\/\/schluesseldienstbremen.org\/?s={search_term_string}"},"query-input":{"@type":"PropertyValueSpecification","valueRequired":true,"valueName":"search_term_string"}}],"inLanguage":"en-US"},{"@type":"Organization","@id":"https:\/\/schluesseldienstbremen.org\/#organization","name":"Schl\u00fcsseldienst-Bremen-Eck","url":"https:\/\/schluesseldienstbremen.org\/","logo":{"@type":"ImageObject","inLanguage":"en-US","@id":"https:\/\/schluesseldienstbremen.org\/#\/schema\/logo\/image\/","url":"https:\/\/schluesseldienstbremen.org\/wp-content\/uploads\/2023\/02\/sweet-cakes-1.png","contentUrl":"https:\/\/schluesseldienstbremen.org\/wp-content\/uploads\/2023\/02\/sweet-cakes-1.png","width":500,"height":500,"caption":"Schl\u00fcsseldienst-Bremen-Eck"},"image":{"@id":"https:\/\/schluesseldienstbremen.org\/#\/schema\/logo\/image\/"},"sameAs":["https:\/\/instagram.com\/schluesseldienstbremen"]}]}},"uagb_featured_image_src":{"full":["https:\/\/schluesseldienstbremen.org\/wp-content\/uploads\/2023\/03\/Schluesseldienst-fuer-Bremen-Horn-11.png",1366,768,false],"thumbnail":["https:\/\/schluesseldienstbremen.org\/wp-content\/uploads\/2023\/03\/Schluesseldienst-fuer-Bremen-Horn-11-150x150.png",150,150,true],"medium":["https:\/\/schluesseldienstbremen.org\/wp-content\/uploads\/2023\/03\/Schluesseldienst-fuer-Bremen-Horn-11-300x169.png",300,169,true],"medium_large":["https:\/\/schluesseldienstbremen.org\/wp-content\/uploads\/2023\/03\/Schluesseldienst-fuer-Bremen-Horn-11-768x432.png",768,432,true],"large":["https:\/\/schluesseldienstbremen.org\/wp-content\/uploads\/2023\/03\/Schluesseldienst-fuer-Bremen-Horn-11-1024x576.png",1024,576,true],"1536x1536":["https:\/\/schluesseldienstbremen.org\/wp-content\/uploads\/2023\/03\/Schluesseldienst-fuer-Bremen-Horn-11.png",1366,768,false],"2048x2048":["https:\/\/schluesseldienstbremen.org\/wp-content\/uploads\/2023\/03\/Schluesseldienst-fuer-Bremen-Horn-11.png",1366,768,false],"trp-custom-language-flag":["https:\/\/schluesseldienstbremen.org\/wp-content\/uploads\/2023\/03\/Schluesseldienst-fuer-Bremen-Horn-11-18x10.png",18,10,true]},"uagb_author_info":{"display_name":"said yah","author_link":"https:\/\/schluesseldienstbremen.org\/en\/author\/said\/"},"uagb_comment_info":0,"uagb_excerpt":"Preise-was kostet Schl\u00fcsseldienst in Bremen Die Kosten f\u00fcr einen Schl\u00fcsseldienst h\u00e4ngen von verschiedenen Faktoren ab, wie zum Beispiel der Uhrzeit, an der der Dienst ben\u00f6tigt wird, der Art des Schlosses, das ge\u00f6ffnet werden muss, der Entfernung zum Einsatzort und der Dringlichkeit des Einsatzes. Rund um die Uhr \u2013 24 Stunden \/ 7 Tage in der&hellip;","_links":{"self":[{"href":"https:\/\/schluesseldienstbremen.org\/en\/wp-json\/wp\/v2\/pages\/2548","targetHints":{"allow":["GET"]}}],"collection":[{"href":"https:\/\/schluesseldienstbremen.org\/en\/wp-json\/wp\/v2\/pages"}],"about":[{"href":"https:\/\/schluesseldienstbremen.org\/en\/wp-json\/wp\/v2\/types\/page"}],"author":[{"embeddable":true,"href":"https:\/\/schluesseldienstbremen.org\/en\/wp-json\/wp\/v2\/users\/2"}],"replies":[{"embeddable":true,"href":"https:\/\/schluesseldienstbremen.org\/en\/wp-json\/wp\/v2\/comments?post=2548"}],"version-history":[{"count":0,"href":"https:\/\/schluesseldienstbremen.org\/en\/wp-json\/wp\/v2\/pages\/2548\/revisions"}],"wp:featuredmedia":[{"embeddable":true,"href":"https:\/\/schluesseldienstbremen.org\/en\/wp-json\/wp\/v2\/media\/2510"}],"wp:attachment":[{"href":"https:\/\/schluesseldienstbremen.org\/en\/wp-json\/wp\/v2\/media?parent=2548"}],"curies":[{"name":"wp","href":"https:\/\/api.w.org\/{rel}","templated":true}]}}