{"id":2874,"date":"2025-01-23T15:06:26","date_gmt":"2025-01-23T15:06:26","guid":{"rendered":"https:\/\/schluesseldienstbremen.org\/?page_id=2874"},"modified":"2025-01-30T16:05:56","modified_gmt":"2025-01-30T16:05:56","slug":"wie-viel-darf-ein-schluesseldienst-maximal-kosten","status":"publish","type":"page","link":"https:\/\/schluesseldienstbremen.org\/en\/wie-viel-darf-ein-schluesseldienst-maximal-kosten\/","title":{"rendered":"Wie viel darf ein Schl\u00fcsseldienst maximal kosten?"},"content":{"rendered":"<h1 class=\"wp-block-heading\">?<\/h1>\n\n\n\n<p>Wenn die T\u00fcr ins Schloss f\u00e4llt oder der Schl\u00fcssel verloren geht, ist der Anruf beim Schl\u00fcsseldienst oft die einzige L\u00f6sung. Doch wie viel darf ein Schl\u00fcsseldienst maximal kosten, und worauf sollte man achten, um unangenehme \u00dcberraschungen zu vermeiden?<\/p>\n\n\n\n<h2 class=\"wp-block-heading\">Transparenz und faire Preise: So arbeiten wir bei Schl\u00fcsseldienst Edu<\/h2>\n\n\n\n<p>Bei uns, dem <strong>Schl\u00fcsseldienst Edu<\/strong> in Bremen, setzen wir auf <strong>Transparenz und faire Festpreise<\/strong>. Unser Ziel ist es, Ihnen schnell und zuverl\u00e4ssig zu helfen, ohne dass Sie sp\u00e4ter eine \u00fcberh\u00f6hte Rechnung bef\u00fcrchten m\u00fcssen.<\/p>\n\n\n\n<h3 class=\"wp-block-heading\">Was kostet ein seri\u00f6ser Schl\u00fcsseldienst?<\/h3>\n\n\n\n<p>Die Preise f\u00fcr einen Schl\u00fcsseldienst k\u00f6nnen variieren, je nach Tageszeit und Aufwand. Tags\u00fcber, an Werktagen, sollten Sie f\u00fcr eine einfache T\u00fcr\u00f6ffnung zwischen <strong>80 und 150 Euro<\/strong> einplanen. Nachts, an Wochenenden oder Feiertagen k\u00f6nnen die Kosten h\u00f6her liegen, jedoch sind Preise \u00fcber <strong>250 bis 300 Euro<\/strong> oft nicht gerechtfertigt.<\/p>\n\n\n\n<p>Leider gibt es auch schwarze Schafe in der Branche, die mit versteckten Kosten oder \u00fcberh\u00f6hten Preisen arbeiten. Daher ist es wichtig, vorab nach einem Festpreis zu fragen.<\/p>\n\n\n\n<h3 class=\"wp-block-heading\">Unsere Festpreisgarantie<\/h3>\n\n\n\n<p>Beim <strong>Schl\u00fcsseldienst Edu<\/strong> arbeiten wir ausschlie\u00dflich mit <strong>klar kommunizierten Festpreisen<\/strong>, die Sie bereits am Telefon erfahren. So wissen Sie von Anfang an, welche Kosten auf Sie zukommen, und k\u00f6nnen sich darauf verlassen, dass keine versteckten Geb\u00fchren entstehen.<\/p>\n\n\n\n<h3 class=\"wp-block-heading\">Warum sind Festpreise wichtig?<\/h3>\n\n\n\n<p>Festpreise bieten Ihnen Sicherheit und Vertrauen. Gerade in stressigen Situationen, wie einer verschlossenen T\u00fcr, m\u00f6chten wir Ihnen die Sorge um die Kosten nehmen. Unser kompetentes Team sorgt daf\u00fcr, dass die Arbeit schnell und professionell erledigt wird \u2013 zu einem Preis, der fair und transparent ist.<\/p>\n\n\n\n<h3 class=\"wp-block-heading\">Schl\u00fcsseldienst Edu: Ihr Partner in <a href=\"https:\/\/de.wikipedia.org\/wiki\/Bremen\">Bremen<\/a><\/h3>\n\n\n\n<p>Wir sind rund um die Uhr f\u00fcr Sie da und bieten unseren <strong>24\/7-Notdienst<\/strong> in Bremen und Umgebung an. Egal, ob es sich um eine zugefallene T\u00fcr, einen verlorenen Schl\u00fcssel oder einen defekten Schlie\u00dfzylinder handelt, Sie k\u00f6nnen sich auf unseren zuverl\u00e4ssigen Service verlassen.<\/p>\n\n\n\n<h4 class=\"wp-block-heading\">Warum Sie uns w\u00e4hlen sollten:<\/h4>\n\n\n\n<ul class=\"wp-block-list\">\n<li><strong>Festpreisgarantie<\/strong> ohne versteckte Kosten<\/li>\n\n\n\n<li><strong>Erreichbarkeit<\/strong> rund um die Uhr<\/li>\n\n\n\n<li>Schnelle und professionelle Hilfe<\/li>\n\n\n\n<li>Lokaler Service aus Bremen<\/li>\n<\/ul>\n\n\n\n<h3 class=\"wp-block-heading\">Kontaktieren Sie uns<\/h3>\n\n\n\n<p>Rufen Sie uns einfach unter <strong>0421-425385<\/strong> an, und wir helfen Ihnen schnell und zuverl\u00e4ssig weiter. Bei uns steht Ihre Zufriedenheit im Mittelpunkt \u2013 ohne b\u00f6se \u00dcberraschungen bei der Rechnung.<\/p>\n\n\n\n<p><strong>Schl\u00fcsseldienst Edu<\/strong> \u2013 Ihr vertrauensvoller Partner f\u00fcr T\u00fcr\u00f6ffnungen in Bremen.<\/p>\n\n\n\n<h1 class=\"wp-block-heading\">Wie viel darf ein Schl\u00fcsseldienst maximal kosten?<\/h1>\n\n\n\n<p>Wenn die T\u00fcr ins Schloss f\u00e4llt oder der Schl\u00fcssel verloren geht, ist der Anruf beim Schl\u00fcsseldienst oft die einzige L\u00f6sung. Doch wie viel darf ein Schl\u00fcsseldienst maximal kosten, und worauf sollte man achten, um unangenehme \u00dcberraschungen zu vermeiden?<\/p>\n\n\n\n<h2 class=\"wp-block-heading\">Transparenz und faire Preise: So arbeiten wir bei Schl\u00fcsseldienst Edu<\/h2>\n\n\n\n<p>Bei uns, dem <strong>Schl\u00fcsseldienst Edu<\/strong> in Bremen, setzen wir auf <strong>Transparenz und faire Festpreise<\/strong>. Unser Ziel ist es, Ihnen schnell und zuverl\u00e4ssig zu helfen, ohne dass Sie sp\u00e4ter eine \u00fcberh\u00f6hte Rechnung bef\u00fcrchten m\u00fcssen.<\/p>\n\n\n\n<h3 class=\"wp-block-heading\">Was kostet ein seri\u00f6ser Schl\u00fcsseldienst?<\/h3>\n\n\n\n<p>Die Preise f\u00fcr einen Schl\u00fcsseldienst k\u00f6nnen variieren, je nach Tageszeit und Aufwand. Tags\u00fcber, an Werktagen, sollten Sie f\u00fcr eine einfache T\u00fcr\u00f6ffnung zwischen <strong>80 und 150 Euro<\/strong> einplanen. Nachts, an Wochenenden oder Feiertagen k\u00f6nnen die Kosten h\u00f6her liegen, jedoch sind Preise \u00fcber <strong>250 bis 300 Euro<\/strong> oft nicht gerechtfertigt.<\/p>\n\n\n\n<p>Leider gibt es auch schwarze Schafe in der Branche, die mit versteckten Kosten oder \u00fcberh\u00f6hten Preisen arbeiten. Daher ist es wichtig, vorab nach einem Festpreis zu fragen.<\/p>\n\n\n\n<h3 class=\"wp-block-heading\">Unsere Festpreisgarantie<\/h3>\n\n\n\n<p>Beim <strong>Schl\u00fcsseldienst Edu<\/strong> arbeiten wir ausschlie\u00dflich mit <strong>klar kommunizierten Festpreisen<\/strong>, die Sie bereits am Telefon erfahren. So wissen Sie von Anfang an, welche Kosten auf Sie zukommen, und k\u00f6nnen sich darauf verlassen, dass keine versteckten Geb\u00fchren entstehen.<\/p>\n\n\n\n<h3 class=\"wp-block-heading\">Warum sind Festpreise wichtig?<\/h3>\n\n\n\n<p>Festpreise bieten Ihnen Sicherheit und Vertrauen. Gerade in stressigen Situationen, wie einer verschlossenen T\u00fcr, m\u00f6chten wir Ihnen die Sorge um die Kosten nehmen. Unser kompetentes Team sorgt daf\u00fcr, dass die Arbeit schnell und professionell erledigt wird \u2013 zu einem Preis, der fair und transparent ist.<\/p>\n\n\n\n<h3 class=\"wp-block-heading\"><a href=\"https:\/\/schluesseldienstbremen.org\/en\/\">Schl\u00fcsseldienst Edu<\/a>: Ihr Partner in Bremen<\/h3>\n\n\n\n<p>Wir sind rund um die Uhr f\u00fcr Sie da und bieten unseren <strong>24\/7-Notdienst<\/strong> in Bremen und Umgebung an. Egal, ob es sich um eine zugefallene T\u00fcr, einen verlorenen Schl\u00fcssel oder einen defekten Schlie\u00dfzylinder handelt, Sie k\u00f6nnen sich auf unseren zuverl\u00e4ssigen Service verlassen.<\/p>\n\n\n\n<h4 class=\"wp-block-heading\">Warum Sie uns w\u00e4hlen sollten:<\/h4>\n\n\n\n<ul class=\"wp-block-list\">\n<li><strong>Festpreisgarantie<\/strong> ohne versteckte Kosten<\/li>\n\n\n\n<li><strong>Erreichbarkeit<\/strong> rund um die Uhr<\/li>\n\n\n\n<li>Schnelle und professionelle Hilfe<\/li>\n\n\n\n<li>Lokaler Service aus Bremen<\/li>\n<\/ul>\n\n\n\n<h3 class=\"wp-block-heading\">Kontaktieren Sie uns<\/h3>\n\n\n\n<p>Rufen Sie uns einfach unter <strong>0421-425385<\/strong> an, und wir helfen Ihnen schnell und zuverl\u00e4ssig weiter. Bei uns steht Ihre Zufriedenheit im Mittelpunkt \u2013 ohne b\u00f6se \u00dcberraschungen bei der Rechnung.<\/p>\n\n\n\n<p><strong>Schl\u00fcsseldienst Edu<\/strong> \u2013 Ihr vertrauensvoller Partner f\u00fcr T\u00fcr\u00f6ffnungen in Bremen.<\/p>\n\n\n\n<p><\/p>","protected":false},"excerpt":{"rendered":"<p>? Wenn die T\u00fcr ins Schloss f\u00e4llt oder der Schl\u00fcssel verloren geht, ist der Anruf beim Schl\u00fcsseldienst oft die einzige L\u00f6sung. Doch wie viel darf ein Schl\u00fcsseldienst maximal kosten, und worauf sollte man achten, um unangenehme \u00dcberraschungen zu vermeiden? Transparenz und faire Preise: So arbeiten wir bei Schl\u00fcsseldienst Edu Bei uns, dem Schl\u00fcsseldienst Edu in [&hellip;]<\/p>\n","protected":false},"author":2,"featured_media":2805,"parent":0,"menu_order":0,"comment_status":"closed","ping_status":"closed","template":"","meta":{"_uag_custom_page_level_css":"","site-sidebar-layout":"default","site-content-layout":"","ast-site-content-layout":"default","site-content-style":"default","site-sidebar-style":"default","ast-global-header-display":"","ast-banner-title-visibility":"","ast-main-header-display":"","ast-hfb-above-header-display":"","ast-hfb-below-header-display":"","ast-hfb-mobile-header-display":"","site-post-title":"","ast-breadcrumbs-content":"","ast-featured-img":"","footer-sml-layout":"","ast-disable-related-posts":"","theme-transparent-header-meta":"","adv-header-id-meta":"","stick-header-meta":"","header-above-stick-meta":"","header-main-stick-meta":"","header-below-stick-meta":"","astra-migrate-meta-layouts":"default","ast-page-background-enabled":"default","ast-page-background-meta":{"desktop":{"background-color":"","background-image":"","background-repeat":"repeat","background-position":"center center","background-size":"auto","background-attachment":"scroll","background-type":"","background-media":"","overlay-type":"","overlay-color":"","overlay-opacity":"","overlay-gradient":""},"tablet":{"background-color":"","background-image":"","background-repeat":"repeat","background-position":"center center","background-size":"auto","background-attachment":"scroll","background-type":"","background-media":"","overlay-type":"","overlay-color":"","overlay-opacity":"","overlay-gradient":""},"mobile":{"background-color":"","background-image":"","background-repeat":"repeat","background-position":"center center","background-size":"auto","background-attachment":"scroll","background-type":"","background-media":"","overlay-type":"","overlay-color":"","overlay-opacity":"","overlay-gradient":""}},"ast-content-background-meta":{"desktop":{"background-color":"var(--ast-global-color-5)","background-image":"","background-repeat":"repeat","background-position":"center center","background-size":"auto","background-attachment":"scroll","background-type":"","background-media":"","overlay-type":"","overlay-color":"","overlay-opacity":"","overlay-gradient":""},"tablet":{"background-color":"var(--ast-global-color-5)","background-image":"","background-repeat":"repeat","background-position":"center center","background-size":"auto","background-attachment":"scroll","background-type":"","background-media":"","overlay-type":"","overlay-color":"","overlay-opacity":"","overlay-gradient":""},"mobile":{"background-color":"var(--ast-global-color-5)","background-image":"","background-repeat":"repeat","background-position":"center center","background-size":"auto","background-attachment":"scroll","background-type":"","background-media":"","overlay-type":"","overlay-color":"","overlay-opacity":"","overlay-gradient":""}},"footnotes":""},"class_list":["post-2874","page","type-page","status-publish","has-post-thumbnail","hentry"],"yoast_head":"<!-- This site is optimized with the Yoast SEO plugin v27.1.1 - https:\/\/yoast.com\/product\/yoast-seo-wordpress\/ -->\n<title>Wie viel darf ein Schl\u00fcsseldienst maximal kosten? - Schl\u00fcsseldienst Edu<\/title>\n<meta name=\"description\" content=\"Wie viel darf ein Schl\u00fcsseldienst maximal kosten?\u2705Schl\u00fcsselnotdienst 24\/7 Bremen \u270510-30 Min Vor Ort\u2705 Festpreis Garantie \u2705 \u260e\ufe0f0421\/425385\" \/>\n<meta name=\"robots\" content=\"index, follow, max-snippet:-1, max-image-preview:large, max-video-preview:-1\" \/>\n<link rel=\"canonical\" href=\"https:\/\/schluesseldienstbremen.org\/en\/wie-viel-darf-ein-schluesseldienst-maximal-kosten\/\" \/>\n<meta property=\"og:locale\" content=\"en_US\" \/>\n<meta property=\"og:type\" content=\"article\" \/>\n<meta property=\"og:title\" content=\"Wie viel darf ein Schl\u00fcsseldienst maximal kosten? - Schl\u00fcsseldienst Edu\" \/>\n<meta property=\"og:description\" content=\"Wie viel darf ein Schl\u00fcsseldienst maximal kosten?\u2705Schl\u00fcsselnotdienst 24\/7 Bremen \u270510-30 Min Vor Ort\u2705 Festpreis Garantie \u2705 \u260e\ufe0f0421\/425385\" \/>\n<meta property=\"og:url\" content=\"https:\/\/schluesseldienstbremen.org\/en\/wie-viel-darf-ein-schluesseldienst-maximal-kosten\/\" \/>\n<meta property=\"og:site_name\" content=\"Schl\u00fcsseldienst Edu\" \/>\n<meta property=\"article:modified_time\" content=\"2025-01-30T16:05:56+00:00\" \/>\n<meta property=\"og:image\" content=\"https:\/\/schluesseldienstbremen.org\/wp-content\/uploads\/2025\/01\/Schluesseldienst_Bremen_Laden_Optimized.png\" \/>\n\t<meta property=\"og:image:width\" content=\"1366\" \/>\n\t<meta property=\"og:image:height\" content=\"768\" \/>\n\t<meta property=\"og:image:type\" content=\"image\/png\" \/>\n<meta name=\"twitter:card\" content=\"summary_large_image\" \/>\n<meta name=\"twitter:label1\" content=\"Est. reading time\" \/>\n\t<meta name=\"twitter:data1\" content=\"5 minutes\" \/>\n<script type=\"application\/ld+json\" class=\"yoast-schema-graph\">{\"@context\":\"https:\/\/schema.org\",\"@graph\":[{\"@type\":\"WebPage\",\"@id\":\"https:\/\/schluesseldienstbremen.org\/wie-viel-darf-ein-schluesseldienst-maximal-kosten\/\",\"url\":\"https:\/\/schluesseldienstbremen.org\/wie-viel-darf-ein-schluesseldienst-maximal-kosten\/\",\"name\":\"Wie viel darf ein Schl\u00fcsseldienst maximal kosten? - Schl\u00fcsseldienst Edu\",\"isPartOf\":{\"@id\":\"https:\/\/schluesseldienstbremen.org\/#website\"},\"primaryImageOfPage\":{\"@id\":\"https:\/\/schluesseldienstbremen.org\/wie-viel-darf-ein-schluesseldienst-maximal-kosten\/#primaryimage\"},\"image\":{\"@id\":\"https:\/\/schluesseldienstbremen.org\/wie-viel-darf-ein-schluesseldienst-maximal-kosten\/#primaryimage\"},\"thumbnailUrl\":\"https:\/\/schluesseldienstbremen.org\/wp-content\/uploads\/2025\/01\/Schluesseldienst_Bremen_Laden_Optimized.png\",\"datePublished\":\"2025-01-23T15:06:26+00:00\",\"dateModified\":\"2025-01-30T16:05:56+00:00\",\"description\":\"Wie viel darf ein Schl\u00fcsseldienst maximal kosten?\u2705Schl\u00fcsselnotdienst 24\/7 Bremen \u270510-30 Min Vor Ort\u2705 Festpreis Garantie \u2705 \u260e\ufe0f0421\/425385\",\"breadcrumb\":{\"@id\":\"https:\/\/schluesseldienstbremen.org\/wie-viel-darf-ein-schluesseldienst-maximal-kosten\/#breadcrumb\"},\"inLanguage\":\"en-US\",\"potentialAction\":[{\"@type\":\"ReadAction\",\"target\":[\"https:\/\/schluesseldienstbremen.org\/wie-viel-darf-ein-schluesseldienst-maximal-kosten\/\"]}]},{\"@type\":\"ImageObject\",\"inLanguage\":\"en-US\",\"@id\":\"https:\/\/schluesseldienstbremen.org\/wie-viel-darf-ein-schluesseldienst-maximal-kosten\/#primaryimage\",\"url\":\"https:\/\/schluesseldienstbremen.org\/wp-content\/uploads\/2025\/01\/Schluesseldienst_Bremen_Laden_Optimized.png\",\"contentUrl\":\"https:\/\/schluesseldienstbremen.org\/wp-content\/uploads\/2025\/01\/Schluesseldienst_Bremen_Laden_Optimized.png\",\"width\":1366,\"height\":768,\"caption\":\"Schl\u00fcsseldienst Edu Schl\u00fcsselnotdienst 24\/7\"},{\"@type\":\"BreadcrumbList\",\"@id\":\"https:\/\/schluesseldienstbremen.org\/wie-viel-darf-ein-schluesseldienst-maximal-kosten\/#breadcrumb\",\"itemListElement\":[{\"@type\":\"ListItem\",\"position\":1,\"name\":\"Startseite\",\"item\":\"https:\/\/schluesseldienstbremen.org\/\"},{\"@type\":\"ListItem\",\"position\":2,\"name\":\"Wie viel darf ein Schl\u00fcsseldienst maximal kosten?\"}]},{\"@type\":\"WebSite\",\"@id\":\"https:\/\/schluesseldienstbremen.org\/#website\",\"url\":\"https:\/\/schluesseldienstbremen.org\/\",\"name\":\"Schl\u00fcsseldienst Edu\",\"description\":\"Schl\u00fcsseldienst 24 Stunden Festpreis\",\"publisher\":{\"@id\":\"https:\/\/schluesseldienstbremen.org\/#organization\"},\"potentialAction\":[{\"@type\":\"SearchAction\",\"target\":{\"@type\":\"EntryPoint\",\"urlTemplate\":\"https:\/\/schluesseldienstbremen.org\/?s={search_term_string}\"},\"query-input\":{\"@type\":\"PropertyValueSpecification\",\"valueRequired\":true,\"valueName\":\"search_term_string\"}}],\"inLanguage\":\"en-US\"},{\"@type\":\"Organization\",\"@id\":\"https:\/\/schluesseldienstbremen.org\/#organization\",\"name\":\"Schl\u00fcsseldienst-Bremen-Eck\",\"url\":\"https:\/\/schluesseldienstbremen.org\/\",\"logo\":{\"@type\":\"ImageObject\",\"inLanguage\":\"en-US\",\"@id\":\"https:\/\/schluesseldienstbremen.org\/#\/schema\/logo\/image\/\",\"url\":\"https:\/\/schluesseldienstbremen.org\/wp-content\/uploads\/2023\/02\/sweet-cakes-1.png\",\"contentUrl\":\"https:\/\/schluesseldienstbremen.org\/wp-content\/uploads\/2023\/02\/sweet-cakes-1.png\",\"width\":500,\"height\":500,\"caption\":\"Schl\u00fcsseldienst-Bremen-Eck\"},\"image\":{\"@id\":\"https:\/\/schluesseldienstbremen.org\/#\/schema\/logo\/image\/\"},\"sameAs\":[\"https:\/\/instagram.com\/schluesseldienstbremen\"]}]}<\/script>\n<!-- \/ Yoast SEO plugin. -->","yoast_head_json":{"title":"Wie viel darf ein Schl\u00fcsseldienst maximal kosten? - Schl\u00fcsseldienst Edu","description":"Wie viel darf ein Schl\u00fcsseldienst maximal kosten?\u2705Schl\u00fcsselnotdienst 24\/7 Bremen \u270510-30 Min Vor Ort\u2705 Festpreis Garantie \u2705 \u260e\ufe0f0421\/425385","robots":{"index":"index","follow":"follow","max-snippet":"max-snippet:-1","max-image-preview":"max-image-preview:large","max-video-preview":"max-video-preview:-1"},"canonical":"https:\/\/schluesseldienstbremen.org\/en\/wie-viel-darf-ein-schluesseldienst-maximal-kosten\/","og_locale":"en_US","og_type":"article","og_title":"Wie viel darf ein Schl\u00fcsseldienst maximal kosten? - Schl\u00fcsseldienst Edu","og_description":"Wie viel darf ein Schl\u00fcsseldienst maximal kosten?\u2705Schl\u00fcsselnotdienst 24\/7 Bremen \u270510-30 Min Vor Ort\u2705 Festpreis Garantie \u2705 \u260e\ufe0f0421\/425385","og_url":"https:\/\/schluesseldienstbremen.org\/en\/wie-viel-darf-ein-schluesseldienst-maximal-kosten\/","og_site_name":"Schl\u00fcsseldienst Edu","article_modified_time":"2025-01-30T16:05:56+00:00","og_image":[{"width":1366,"height":768,"url":"https:\/\/schluesseldienstbremen.org\/wp-content\/uploads\/2025\/01\/Schluesseldienst_Bremen_Laden_Optimized.png","type":"image\/png"}],"twitter_card":"summary_large_image","twitter_misc":{"Est. reading time":"5 minutes"},"schema":{"@context":"https:\/\/schema.org","@graph":[{"@type":"WebPage","@id":"https:\/\/schluesseldienstbremen.org\/wie-viel-darf-ein-schluesseldienst-maximal-kosten\/","url":"https:\/\/schluesseldienstbremen.org\/wie-viel-darf-ein-schluesseldienst-maximal-kosten\/","name":"Wie viel darf ein Schl\u00fcsseldienst maximal kosten? - Schl\u00fcsseldienst Edu","isPartOf":{"@id":"https:\/\/schluesseldienstbremen.org\/#website"},"primaryImageOfPage":{"@id":"https:\/\/schluesseldienstbremen.org\/wie-viel-darf-ein-schluesseldienst-maximal-kosten\/#primaryimage"},"image":{"@id":"https:\/\/schluesseldienstbremen.org\/wie-viel-darf-ein-schluesseldienst-maximal-kosten\/#primaryimage"},"thumbnailUrl":"https:\/\/schluesseldienstbremen.org\/wp-content\/uploads\/2025\/01\/Schluesseldienst_Bremen_Laden_Optimized.png","datePublished":"2025-01-23T15:06:26+00:00","dateModified":"2025-01-30T16:05:56+00:00","description":"Wie viel darf ein Schl\u00fcsseldienst maximal kosten?\u2705Schl\u00fcsselnotdienst 24\/7 Bremen \u270510-30 Min Vor Ort\u2705 Festpreis Garantie \u2705 \u260e\ufe0f0421\/425385","breadcrumb":{"@id":"https:\/\/schluesseldienstbremen.org\/wie-viel-darf-ein-schluesseldienst-maximal-kosten\/#breadcrumb"},"inLanguage":"en-US","potentialAction":[{"@type":"ReadAction","target":["https:\/\/schluesseldienstbremen.org\/wie-viel-darf-ein-schluesseldienst-maximal-kosten\/"]}]},{"@type":"ImageObject","inLanguage":"en-US","@id":"https:\/\/schluesseldienstbremen.org\/wie-viel-darf-ein-schluesseldienst-maximal-kosten\/#primaryimage","url":"https:\/\/schluesseldienstbremen.org\/wp-content\/uploads\/2025\/01\/Schluesseldienst_Bremen_Laden_Optimized.png","contentUrl":"https:\/\/schluesseldienstbremen.org\/wp-content\/uploads\/2025\/01\/Schluesseldienst_Bremen_Laden_Optimized.png","width":1366,"height":768,"caption":"Schl\u00fcsseldienst Edu Schl\u00fcsselnotdienst 24\/7"},{"@type":"BreadcrumbList","@id":"https:\/\/schluesseldienstbremen.org\/wie-viel-darf-ein-schluesseldienst-maximal-kosten\/#breadcrumb","itemListElement":[{"@type":"ListItem","position":1,"name":"Startseite","item":"https:\/\/schluesseldienstbremen.org\/"},{"@type":"ListItem","position":2,"name":"Wie viel darf ein Schl\u00fcsseldienst maximal kosten?"}]},{"@type":"WebSite","@id":"https:\/\/schluesseldienstbremen.org\/#website","url":"https:\/\/schluesseldienstbremen.org\/","name":"Schl\u00fcsseldienst Edu","description":"Schl\u00fcsseldienst 24 Stunden Festpreis","publisher":{"@id":"https:\/\/schluesseldienstbremen.org\/#organization"},"potentialAction":[{"@type":"SearchAction","target":{"@type":"EntryPoint","urlTemplate":"https:\/\/schluesseldienstbremen.org\/?s={search_term_string}"},"query-input":{"@type":"PropertyValueSpecification","valueRequired":true,"valueName":"search_term_string"}}],"inLanguage":"en-US"},{"@type":"Organization","@id":"https:\/\/schluesseldienstbremen.org\/#organization","name":"Schl\u00fcsseldienst-Bremen-Eck","url":"https:\/\/schluesseldienstbremen.org\/","logo":{"@type":"ImageObject","inLanguage":"en-US","@id":"https:\/\/schluesseldienstbremen.org\/#\/schema\/logo\/image\/","url":"https:\/\/schluesseldienstbremen.org\/wp-content\/uploads\/2023\/02\/sweet-cakes-1.png","contentUrl":"https:\/\/schluesseldienstbremen.org\/wp-content\/uploads\/2023\/02\/sweet-cakes-1.png","width":500,"height":500,"caption":"Schl\u00fcsseldienst-Bremen-Eck"},"image":{"@id":"https:\/\/schluesseldienstbremen.org\/#\/schema\/logo\/image\/"},"sameAs":["https:\/\/instagram.com\/schluesseldienstbremen"]}]}},"uagb_featured_image_src":{"full":["https:\/\/schluesseldienstbremen.org\/wp-content\/uploads\/2025\/01\/Schluesseldienst_Bremen_Laden_Optimized.png",1366,768,false],"thumbnail":["https:\/\/schluesseldienstbremen.org\/wp-content\/uploads\/2025\/01\/Schluesseldienst_Bremen_Laden_Optimized-150x150.png",150,150,true],"medium":["https:\/\/schluesseldienstbremen.org\/wp-content\/uploads\/2025\/01\/Schluesseldienst_Bremen_Laden_Optimized-300x169.png",300,169,true],"medium_large":["https:\/\/schluesseldienstbremen.org\/wp-content\/uploads\/2025\/01\/Schluesseldienst_Bremen_Laden_Optimized-768x432.png",768,432,true],"large":["https:\/\/schluesseldienstbremen.org\/wp-content\/uploads\/2025\/01\/Schluesseldienst_Bremen_Laden_Optimized-1024x576.png",1024,576,true],"1536x1536":["https:\/\/schluesseldienstbremen.org\/wp-content\/uploads\/2025\/01\/Schluesseldienst_Bremen_Laden_Optimized.png",1366,768,false],"2048x2048":["https:\/\/schluesseldienstbremen.org\/wp-content\/uploads\/2025\/01\/Schluesseldienst_Bremen_Laden_Optimized.png",1366,768,false],"trp-custom-language-flag":["https:\/\/schluesseldienstbremen.org\/wp-content\/uploads\/2025\/01\/Schluesseldienst_Bremen_Laden_Optimized-18x10.png",18,10,true]},"uagb_author_info":{"display_name":"said yah","author_link":"https:\/\/schluesseldienstbremen.org\/en\/author\/said\/"},"uagb_comment_info":0,"uagb_excerpt":"? Wenn die T\u00fcr ins Schloss f\u00e4llt oder der Schl\u00fcssel verloren geht, ist der Anruf beim Schl\u00fcsseldienst oft die einzige L\u00f6sung. Doch wie viel darf ein Schl\u00fcsseldienst maximal kosten, und worauf sollte man achten, um unangenehme \u00dcberraschungen zu vermeiden? Transparenz und faire Preise: So arbeiten wir bei Schl\u00fcsseldienst Edu Bei uns, dem Schl\u00fcsseldienst Edu in&hellip;","_links":{"self":[{"href":"https:\/\/schluesseldienstbremen.org\/en\/wp-json\/wp\/v2\/pages\/2874","targetHints":{"allow":["GET"]}}],"collection":[{"href":"https:\/\/schluesseldienstbremen.org\/en\/wp-json\/wp\/v2\/pages"}],"about":[{"href":"https:\/\/schluesseldienstbremen.org\/en\/wp-json\/wp\/v2\/types\/page"}],"author":[{"embeddable":true,"href":"https:\/\/schluesseldienstbremen.org\/en\/wp-json\/wp\/v2\/users\/2"}],"replies":[{"embeddable":true,"href":"https:\/\/schluesseldienstbremen.org\/en\/wp-json\/wp\/v2\/comments?post=2874"}],"version-history":[{"count":2,"href":"https:\/\/schluesseldienstbremen.org\/en\/wp-json\/wp\/v2\/pages\/2874\/revisions"}],"predecessor-version":[{"id":2880,"href":"https:\/\/schluesseldienstbremen.org\/en\/wp-json\/wp\/v2\/pages\/2874\/revisions\/2880"}],"wp:featuredmedia":[{"embeddable":true,"href":"https:\/\/schluesseldienstbremen.org\/en\/wp-json\/wp\/v2\/media\/2805"}],"wp:attachment":[{"href":"https:\/\/schluesseldienstbremen.org\/en\/wp-json\/wp\/v2\/media?parent=2874"}],"curies":[{"name":"wp","href":"https:\/\/api.w.org\/{rel}","templated":true}]}}