{"id":2881,"date":"2025-01-27T16:14:08","date_gmt":"2025-01-27T16:14:08","guid":{"rendered":"https:\/\/schluesseldienstbremen.org\/?page_id=2881"},"modified":"2025-01-27T16:14:31","modified_gmt":"2025-01-27T16:14:31","slug":"schluesseldienst-edu-bremen-ihr-zuverlaessiger-partner-rund-um-schluessel-und-schloesser","status":"publish","type":"page","link":"https:\/\/schluesseldienstbremen.org\/en\/schluesseldienst-edu-bremen-ihr-zuverlaessiger-partner-rund-um-schluessel-und-schloesser\/","title":{"rendered":"Schl\u00fcsseldienst Edu Bremen \u2013 Ihr zuverl\u00e4ssiger Partner rund um Schl\u00fcssel und Schl\u00f6sser"},"content":{"rendered":"<p><strong>seri\u00f6sen Schl\u00fcsseldienst in Bremen<\/strong> <\/p>\n\n\n\n<p>Willkommen bei <strong>Schl\u00fcsseldienst Edu<\/strong>, Ihrem vertrauensw\u00fcrdigen Partner in Bremen f\u00fcr alle Belange rund um Schl\u00fcssel, Schl\u00f6sser und Sicherheitstechnik. Mit langj\u00e4hriger Erfahrung, einem 24\/7-Notdienst und einem professionellen Team stehen wir Ihnen jederzeit zur Seite, wenn Sie schnelle und kompetente Hilfe ben\u00f6tigen.<\/p>\n\n\n\n<p><strong>Unsere Leistungen \u2013 Schnell, professionell und preiswert<\/strong><\/p>\n\n\n\n<p>Wir bei <strong>Schl\u00fcsseldienst Edu Bremen<\/strong> bieten eine breite Palette an Dienstleistungen an, um Ihre Sicherheit zu gew\u00e4hrleisten:<\/p>\n\n\n\n<ul class=\"wp-block-list\">\n<li><strong>T\u00fcr\u00f6ffnungen<\/strong>: Ob zugefallene T\u00fcren, verlorene Schl\u00fcssel oder defekte Schl\u00f6sser \u2013 wir \u00f6ffnen jede T\u00fcr schnell und ohne Besch\u00e4digung.<\/li>\n\n\n\n<li><strong>Notdienst<\/strong>: Unser Schl\u00fcsselnotdienst ist rund um die Uhr f\u00fcr Sie da, auch an Wochenenden und Feiertagen. Sie erreichen uns unter <strong>0421-425385<\/strong>.<\/li>\n\n\n\n<li><strong>Schlosswechsel<\/strong>: Wir bieten hochwertige Schlie\u00dfsysteme, die maximale Sicherheit f\u00fcr Ihr Zuhause oder Ihr Unternehmen garantieren.<\/li>\n\n\n\n<li><strong>Sicherheitsberatung<\/strong>: Unsere Experten beraten Sie zu modernen Sicherheitsl\u00f6sungen wie Einbruchschutz, Alarmanlagen und Schlie\u00dfanlagen.<\/li>\n<\/ul>\n\n\n\n<p><strong>Warum Schl\u00fcsseldienst Edu in Bremen?<\/strong><\/p>\n\n\n\n<p>Wenn Sie einen <strong>seri\u00f6sen Schl\u00fcsseldienst in <a href=\"https:\/\/de.wikipedia.org\/wiki\/Bremen\">Bremen<\/a><\/strong> suchen, sind wir Ihre erste Wahl. Bei uns steht <strong>Kundenzufriedenheit<\/strong> an erster Stelle. Wir garantieren transparente Preise ohne versteckte Kosten und informieren Sie vorab \u00fcber alle anfallenden Geb\u00fchren.<br>Dank modernster Technik und geschultem Personal sind wir in der Lage, jedes Problem effizient und zuverl\u00e4ssig zu l\u00f6sen. Unser Standort in Bremen erm\u00f6glicht es uns, in k\u00fcrzester Zeit bei Ihnen zu sein, egal ob in der Stadt oder im Umland.<\/p>\n\n\n\n<p><strong>Kontaktieren Sie uns!<\/strong><\/p>\n\n\n\n<p>Z\u00f6gern Sie nicht, uns zu kontaktieren, wenn Sie unseren<a href=\"https:\/\/schluesseldienstbremen.org\/en\/\"> <strong>Locksmith <\/strong><\/a><strong>in Bremen<\/strong> ben\u00f6tigen. Rufen Sie uns unter <strong>0421-425385<\/strong> an oder besuchen Sie unsere Website <a href=\"https:\/\/schluesseldienstbremen.org\/en\/\">www.schluesseldienstbremen.org<\/a>, um mehr \u00fcber unsere Dienstleistungen zu erfahren. Vertrauen Sie auf <strong>Schl\u00fcsseldienst Edu<\/strong> \u2013 Ihre Sicherheit ist unser Anliegen!<\/p>\n\n\n\n<p><strong>Unsere Versprechen \u2013 Qualit\u00e4t und Vertrauen<\/strong><\/p>\n\n\n\n<p>Bei <strong>Schl\u00fcsseldienst Edu Bremen<\/strong> legen wir gro\u00dfen Wert auf Professionalit\u00e4t, Schnelligkeit und faire Preise. Egal, ob Sie sich ausgesperrt haben oder Ihre Sicherheitstechnik aufr\u00fcsten m\u00f6chten \u2013 wir sind Ihr verl\u00e4sslicher Partner. Vertrauen Sie unserem Erfahrungen.<\/p>\n\n\n\n<p><\/p>\n\n\n\n<p><\/p>","protected":false},"excerpt":{"rendered":"<p>seri\u00f6sen Schl\u00fcsseldienst in Bremen Willkommen bei Schl\u00fcsseldienst Edu, Ihrem vertrauensw\u00fcrdigen Partner in Bremen f\u00fcr alle Belange rund um Schl\u00fcssel, Schl\u00f6sser und Sicherheitstechnik. Mit langj\u00e4hriger Erfahrung, einem 24\/7-Notdienst und einem professionellen Team stehen wir Ihnen jederzeit zur Seite, wenn Sie schnelle und kompetente Hilfe ben\u00f6tigen. Unsere Leistungen \u2013 Schnell, professionell und preiswert Wir bei Schl\u00fcsseldienst Edu [&hellip;]<\/p>\n","protected":false},"author":2,"featured_media":2140,"parent":0,"menu_order":0,"comment_status":"closed","ping_status":"closed","template":"","meta":{"_uag_custom_page_level_css":"","site-sidebar-layout":"default","site-content-layout":"","ast-site-content-layout":"default","site-content-style":"default","site-sidebar-style":"default","ast-global-header-display":"","ast-banner-title-visibility":"","ast-main-header-display":"","ast-hfb-above-header-display":"","ast-hfb-below-header-display":"","ast-hfb-mobile-header-display":"","site-post-title":"","ast-breadcrumbs-content":"","ast-featured-img":"","footer-sml-layout":"","ast-disable-related-posts":"","theme-transparent-header-meta":"","adv-header-id-meta":"","stick-header-meta":"","header-above-stick-meta":"","header-main-stick-meta":"","header-below-stick-meta":"","astra-migrate-meta-layouts":"default","ast-page-background-enabled":"default","ast-page-background-meta":{"desktop":{"background-color":"","background-image":"","background-repeat":"repeat","background-position":"center center","background-size":"auto","background-attachment":"scroll","background-type":"","background-media":"","overlay-type":"","overlay-color":"","overlay-opacity":"","overlay-gradient":""},"tablet":{"background-color":"","background-image":"","background-repeat":"repeat","background-position":"center center","background-size":"auto","background-attachment":"scroll","background-type":"","background-media":"","overlay-type":"","overlay-color":"","overlay-opacity":"","overlay-gradient":""},"mobile":{"background-color":"","background-image":"","background-repeat":"repeat","background-position":"center center","background-size":"auto","background-attachment":"scroll","background-type":"","background-media":"","overlay-type":"","overlay-color":"","overlay-opacity":"","overlay-gradient":""}},"ast-content-background-meta":{"desktop":{"background-color":"var(--ast-global-color-5)","background-image":"","background-repeat":"repeat","background-position":"center center","background-size":"auto","background-attachment":"scroll","background-type":"","background-media":"","overlay-type":"","overlay-color":"","overlay-opacity":"","overlay-gradient":""},"tablet":{"background-color":"var(--ast-global-color-5)","background-image":"","background-repeat":"repeat","background-position":"center center","background-size":"auto","background-attachment":"scroll","background-type":"","background-media":"","overlay-type":"","overlay-color":"","overlay-opacity":"","overlay-gradient":""},"mobile":{"background-color":"var(--ast-global-color-5)","background-image":"","background-repeat":"repeat","background-position":"center center","background-size":"auto","background-attachment":"scroll","background-type":"","background-media":"","overlay-type":"","overlay-color":"","overlay-opacity":"","overlay-gradient":""}},"footnotes":""},"class_list":["post-2881","page","type-page","status-publish","has-post-thumbnail","hentry"],"yoast_head":"<!-- This site is optimized with the Yoast SEO plugin v27.1.1 - https:\/\/yoast.com\/product\/yoast-seo-wordpress\/ -->\n<title>seri\u00f6sen Schl\u00fcsseldienst in Bremen<\/title>\n<meta name=\"description\" content=\"seri\u00f6sen Schl\u00fcsseldienst in Bremen \u2705Schl\u00fcsselnotdienst 24\/7 Bremen \u270510-30 Min Vor Ort\u2705 Festpreis Garantie\u2705Tel:0421\/425385\" \/>\n<meta name=\"robots\" content=\"index, follow, max-snippet:-1, max-image-preview:large, max-video-preview:-1\" \/>\n<link rel=\"canonical\" href=\"https:\/\/schluesseldienstbremen.org\/en\/schluesseldienst-edu-bremen-ihr-zuverlaessiger-partner-rund-um-schluessel-und-schloesser\/\" \/>\n<meta property=\"og:locale\" content=\"en_US\" \/>\n<meta property=\"og:type\" content=\"article\" \/>\n<meta property=\"og:title\" content=\"seri\u00f6sen Schl\u00fcsseldienst in Bremen\" \/>\n<meta property=\"og:description\" content=\"seri\u00f6sen Schl\u00fcsseldienst in Bremen \u2705Schl\u00fcsselnotdienst 24\/7 Bremen \u270510-30 Min Vor Ort\u2705 Festpreis Garantie\u2705Tel:0421\/425385\" \/>\n<meta property=\"og:url\" content=\"https:\/\/schluesseldienstbremen.org\/en\/schluesseldienst-edu-bremen-ihr-zuverlaessiger-partner-rund-um-schluessel-und-schloesser\/\" \/>\n<meta property=\"og:site_name\" content=\"Schl\u00fcsseldienst Edu\" \/>\n<meta property=\"article:modified_time\" content=\"2025-01-27T16:14:31+00:00\" \/>\n<meta property=\"og:image\" content=\"https:\/\/schluesseldienstbremen.org\/wp-content\/uploads\/2023\/03\/Schluesseldienst-7.png\" \/>\n\t<meta property=\"og:image:width\" content=\"500\" \/>\n\t<meta property=\"og:image:height\" content=\"500\" \/>\n\t<meta property=\"og:image:type\" content=\"image\/png\" \/>\n<meta name=\"twitter:card\" content=\"summary_large_image\" \/>\n<meta name=\"twitter:label1\" content=\"Est. reading time\" \/>\n\t<meta name=\"twitter:data1\" content=\"2 minutes\" \/>\n<script type=\"application\/ld+json\" class=\"yoast-schema-graph\">{\"@context\":\"https:\/\/schema.org\",\"@graph\":[{\"@type\":\"WebPage\",\"@id\":\"https:\/\/schluesseldienstbremen.org\/schluesseldienst-edu-bremen-ihr-zuverlaessiger-partner-rund-um-schluessel-und-schloesser\/\",\"url\":\"https:\/\/schluesseldienstbremen.org\/schluesseldienst-edu-bremen-ihr-zuverlaessiger-partner-rund-um-schluessel-und-schloesser\/\",\"name\":\"seri\u00f6sen Schl\u00fcsseldienst in Bremen\",\"isPartOf\":{\"@id\":\"https:\/\/schluesseldienstbremen.org\/#website\"},\"primaryImageOfPage\":{\"@id\":\"https:\/\/schluesseldienstbremen.org\/schluesseldienst-edu-bremen-ihr-zuverlaessiger-partner-rund-um-schluessel-und-schloesser\/#primaryimage\"},\"image\":{\"@id\":\"https:\/\/schluesseldienstbremen.org\/schluesseldienst-edu-bremen-ihr-zuverlaessiger-partner-rund-um-schluessel-und-schloesser\/#primaryimage\"},\"thumbnailUrl\":\"https:\/\/schluesseldienstbremen.org\/wp-content\/uploads\/2023\/03\/Schluesseldienst-7.png\",\"datePublished\":\"2025-01-27T16:14:08+00:00\",\"dateModified\":\"2025-01-27T16:14:31+00:00\",\"description\":\"seri\u00f6sen Schl\u00fcsseldienst in Bremen \u2705Schl\u00fcsselnotdienst 24\/7 Bremen \u270510-30 Min Vor Ort\u2705 Festpreis Garantie\u2705Tel:0421\/425385\",\"breadcrumb\":{\"@id\":\"https:\/\/schluesseldienstbremen.org\/schluesseldienst-edu-bremen-ihr-zuverlaessiger-partner-rund-um-schluessel-und-schloesser\/#breadcrumb\"},\"inLanguage\":\"en-US\",\"potentialAction\":[{\"@type\":\"ReadAction\",\"target\":[\"https:\/\/schluesseldienstbremen.org\/schluesseldienst-edu-bremen-ihr-zuverlaessiger-partner-rund-um-schluessel-und-schloesser\/\"]}]},{\"@type\":\"ImageObject\",\"inLanguage\":\"en-US\",\"@id\":\"https:\/\/schluesseldienstbremen.org\/schluesseldienst-edu-bremen-ihr-zuverlaessiger-partner-rund-um-schluessel-und-schloesser\/#primaryimage\",\"url\":\"https:\/\/schluesseldienstbremen.org\/wp-content\/uploads\/2023\/03\/Schluesseldienst-7.png\",\"contentUrl\":\"https:\/\/schluesseldienstbremen.org\/wp-content\/uploads\/2023\/03\/Schluesseldienst-7.png\",\"width\":500,\"height\":500,\"caption\":\"Schl\u00fcsseldienst Edu hat 24\/7 T\u00fcr\u00f6ffnungen\"},{\"@type\":\"BreadcrumbList\",\"@id\":\"https:\/\/schluesseldienstbremen.org\/schluesseldienst-edu-bremen-ihr-zuverlaessiger-partner-rund-um-schluessel-und-schloesser\/#breadcrumb\",\"itemListElement\":[{\"@type\":\"ListItem\",\"position\":1,\"name\":\"Startseite\",\"item\":\"https:\/\/schluesseldienstbremen.org\/\"},{\"@type\":\"ListItem\",\"position\":2,\"name\":\"Schl\u00fcsseldienst Edu Bremen \u2013 Ihr zuverl\u00e4ssiger Partner rund um Schl\u00fcssel und Schl\u00f6sser\"}]},{\"@type\":\"WebSite\",\"@id\":\"https:\/\/schluesseldienstbremen.org\/#website\",\"url\":\"https:\/\/schluesseldienstbremen.org\/\",\"name\":\"Schl\u00fcsseldienst Edu\",\"description\":\"Schl\u00fcsseldienst 24 Stunden Festpreis\",\"publisher\":{\"@id\":\"https:\/\/schluesseldienstbremen.org\/#organization\"},\"potentialAction\":[{\"@type\":\"SearchAction\",\"target\":{\"@type\":\"EntryPoint\",\"urlTemplate\":\"https:\/\/schluesseldienstbremen.org\/?s={search_term_string}\"},\"query-input\":{\"@type\":\"PropertyValueSpecification\",\"valueRequired\":true,\"valueName\":\"search_term_string\"}}],\"inLanguage\":\"en-US\"},{\"@type\":\"Organization\",\"@id\":\"https:\/\/schluesseldienstbremen.org\/#organization\",\"name\":\"Schl\u00fcsseldienst-Bremen-Eck\",\"url\":\"https:\/\/schluesseldienstbremen.org\/\",\"logo\":{\"@type\":\"ImageObject\",\"inLanguage\":\"en-US\",\"@id\":\"https:\/\/schluesseldienstbremen.org\/#\/schema\/logo\/image\/\",\"url\":\"https:\/\/schluesseldienstbremen.org\/wp-content\/uploads\/2023\/02\/sweet-cakes-1.png\",\"contentUrl\":\"https:\/\/schluesseldienstbremen.org\/wp-content\/uploads\/2023\/02\/sweet-cakes-1.png\",\"width\":500,\"height\":500,\"caption\":\"Schl\u00fcsseldienst-Bremen-Eck\"},\"image\":{\"@id\":\"https:\/\/schluesseldienstbremen.org\/#\/schema\/logo\/image\/\"},\"sameAs\":[\"https:\/\/instagram.com\/schluesseldienstbremen\"]}]}<\/script>\n<!-- \/ Yoast SEO plugin. -->","yoast_head_json":{"title":"seri\u00f6sen Schl\u00fcsseldienst in Bremen","description":"seri\u00f6sen Schl\u00fcsseldienst in Bremen \u2705Schl\u00fcsselnotdienst 24\/7 Bremen \u270510-30 Min Vor Ort\u2705 Festpreis Garantie\u2705Tel:0421\/425385","robots":{"index":"index","follow":"follow","max-snippet":"max-snippet:-1","max-image-preview":"max-image-preview:large","max-video-preview":"max-video-preview:-1"},"canonical":"https:\/\/schluesseldienstbremen.org\/en\/schluesseldienst-edu-bremen-ihr-zuverlaessiger-partner-rund-um-schluessel-und-schloesser\/","og_locale":"en_US","og_type":"article","og_title":"seri\u00f6sen Schl\u00fcsseldienst in Bremen","og_description":"seri\u00f6sen Schl\u00fcsseldienst in Bremen \u2705Schl\u00fcsselnotdienst 24\/7 Bremen \u270510-30 Min Vor Ort\u2705 Festpreis Garantie\u2705Tel:0421\/425385","og_url":"https:\/\/schluesseldienstbremen.org\/en\/schluesseldienst-edu-bremen-ihr-zuverlaessiger-partner-rund-um-schluessel-und-schloesser\/","og_site_name":"Schl\u00fcsseldienst Edu","article_modified_time":"2025-01-27T16:14:31+00:00","og_image":[{"width":500,"height":500,"url":"https:\/\/schluesseldienstbremen.org\/wp-content\/uploads\/2023\/03\/Schluesseldienst-7.png","type":"image\/png"}],"twitter_card":"summary_large_image","twitter_misc":{"Est. reading time":"2 minutes"},"schema":{"@context":"https:\/\/schema.org","@graph":[{"@type":"WebPage","@id":"https:\/\/schluesseldienstbremen.org\/schluesseldienst-edu-bremen-ihr-zuverlaessiger-partner-rund-um-schluessel-und-schloesser\/","url":"https:\/\/schluesseldienstbremen.org\/schluesseldienst-edu-bremen-ihr-zuverlaessiger-partner-rund-um-schluessel-und-schloesser\/","name":"seri\u00f6sen Schl\u00fcsseldienst in Bremen","isPartOf":{"@id":"https:\/\/schluesseldienstbremen.org\/#website"},"primaryImageOfPage":{"@id":"https:\/\/schluesseldienstbremen.org\/schluesseldienst-edu-bremen-ihr-zuverlaessiger-partner-rund-um-schluessel-und-schloesser\/#primaryimage"},"image":{"@id":"https:\/\/schluesseldienstbremen.org\/schluesseldienst-edu-bremen-ihr-zuverlaessiger-partner-rund-um-schluessel-und-schloesser\/#primaryimage"},"thumbnailUrl":"https:\/\/schluesseldienstbremen.org\/wp-content\/uploads\/2023\/03\/Schluesseldienst-7.png","datePublished":"2025-01-27T16:14:08+00:00","dateModified":"2025-01-27T16:14:31+00:00","description":"seri\u00f6sen Schl\u00fcsseldienst in Bremen \u2705Schl\u00fcsselnotdienst 24\/7 Bremen \u270510-30 Min Vor Ort\u2705 Festpreis Garantie\u2705Tel:0421\/425385","breadcrumb":{"@id":"https:\/\/schluesseldienstbremen.org\/schluesseldienst-edu-bremen-ihr-zuverlaessiger-partner-rund-um-schluessel-und-schloesser\/#breadcrumb"},"inLanguage":"en-US","potentialAction":[{"@type":"ReadAction","target":["https:\/\/schluesseldienstbremen.org\/schluesseldienst-edu-bremen-ihr-zuverlaessiger-partner-rund-um-schluessel-und-schloesser\/"]}]},{"@type":"ImageObject","inLanguage":"en-US","@id":"https:\/\/schluesseldienstbremen.org\/schluesseldienst-edu-bremen-ihr-zuverlaessiger-partner-rund-um-schluessel-und-schloesser\/#primaryimage","url":"https:\/\/schluesseldienstbremen.org\/wp-content\/uploads\/2023\/03\/Schluesseldienst-7.png","contentUrl":"https:\/\/schluesseldienstbremen.org\/wp-content\/uploads\/2023\/03\/Schluesseldienst-7.png","width":500,"height":500,"caption":"Schl\u00fcsseldienst Edu hat 24\/7 T\u00fcr\u00f6ffnungen"},{"@type":"BreadcrumbList","@id":"https:\/\/schluesseldienstbremen.org\/schluesseldienst-edu-bremen-ihr-zuverlaessiger-partner-rund-um-schluessel-und-schloesser\/#breadcrumb","itemListElement":[{"@type":"ListItem","position":1,"name":"Startseite","item":"https:\/\/schluesseldienstbremen.org\/"},{"@type":"ListItem","position":2,"name":"Schl\u00fcsseldienst Edu Bremen \u2013 Ihr zuverl\u00e4ssiger Partner rund um Schl\u00fcssel und Schl\u00f6sser"}]},{"@type":"WebSite","@id":"https:\/\/schluesseldienstbremen.org\/#website","url":"https:\/\/schluesseldienstbremen.org\/","name":"Schl\u00fcsseldienst Edu","description":"Schl\u00fcsseldienst 24 Stunden Festpreis","publisher":{"@id":"https:\/\/schluesseldienstbremen.org\/#organization"},"potentialAction":[{"@type":"SearchAction","target":{"@type":"EntryPoint","urlTemplate":"https:\/\/schluesseldienstbremen.org\/?s={search_term_string}"},"query-input":{"@type":"PropertyValueSpecification","valueRequired":true,"valueName":"search_term_string"}}],"inLanguage":"en-US"},{"@type":"Organization","@id":"https:\/\/schluesseldienstbremen.org\/#organization","name":"Schl\u00fcsseldienst-Bremen-Eck","url":"https:\/\/schluesseldienstbremen.org\/","logo":{"@type":"ImageObject","inLanguage":"en-US","@id":"https:\/\/schluesseldienstbremen.org\/#\/schema\/logo\/image\/","url":"https:\/\/schluesseldienstbremen.org\/wp-content\/uploads\/2023\/02\/sweet-cakes-1.png","contentUrl":"https:\/\/schluesseldienstbremen.org\/wp-content\/uploads\/2023\/02\/sweet-cakes-1.png","width":500,"height":500,"caption":"Schl\u00fcsseldienst-Bremen-Eck"},"image":{"@id":"https:\/\/schluesseldienstbremen.org\/#\/schema\/logo\/image\/"},"sameAs":["https:\/\/instagram.com\/schluesseldienstbremen"]}]}},"uagb_featured_image_src":{"full":["https:\/\/schluesseldienstbremen.org\/wp-content\/uploads\/2023\/03\/Schluesseldienst-7.png",500,500,false],"thumbnail":["https:\/\/schluesseldienstbremen.org\/wp-content\/uploads\/2023\/03\/Schluesseldienst-7-150x150.png",150,150,true],"medium":["https:\/\/schluesseldienstbremen.org\/wp-content\/uploads\/2023\/03\/Schluesseldienst-7-300x300.png",300,300,true],"medium_large":["https:\/\/schluesseldienstbremen.org\/wp-content\/uploads\/2023\/03\/Schluesseldienst-7.png",500,500,false],"large":["https:\/\/schluesseldienstbremen.org\/wp-content\/uploads\/2023\/03\/Schluesseldienst-7.png",500,500,false],"1536x1536":["https:\/\/schluesseldienstbremen.org\/wp-content\/uploads\/2023\/03\/Schluesseldienst-7.png",500,500,false],"2048x2048":["https:\/\/schluesseldienstbremen.org\/wp-content\/uploads\/2023\/03\/Schluesseldienst-7.png",500,500,false],"trp-custom-language-flag":["https:\/\/schluesseldienstbremen.org\/wp-content\/uploads\/2023\/03\/Schluesseldienst-7-12x12.png",12,12,true]},"uagb_author_info":{"display_name":"said yah","author_link":"https:\/\/schluesseldienstbremen.org\/en\/author\/said\/"},"uagb_comment_info":0,"uagb_excerpt":"seri\u00f6sen Schl\u00fcsseldienst in Bremen Willkommen bei Schl\u00fcsseldienst Edu, Ihrem vertrauensw\u00fcrdigen Partner in Bremen f\u00fcr alle Belange rund um Schl\u00fcssel, Schl\u00f6sser und Sicherheitstechnik. Mit langj\u00e4hriger Erfahrung, einem 24\/7-Notdienst und einem professionellen Team stehen wir Ihnen jederzeit zur Seite, wenn Sie schnelle und kompetente Hilfe ben\u00f6tigen. Unsere Leistungen \u2013 Schnell, professionell und preiswert Wir bei Schl\u00fcsseldienst Edu&hellip;","_links":{"self":[{"href":"https:\/\/schluesseldienstbremen.org\/en\/wp-json\/wp\/v2\/pages\/2881","targetHints":{"allow":["GET"]}}],"collection":[{"href":"https:\/\/schluesseldienstbremen.org\/en\/wp-json\/wp\/v2\/pages"}],"about":[{"href":"https:\/\/schluesseldienstbremen.org\/en\/wp-json\/wp\/v2\/types\/page"}],"author":[{"embeddable":true,"href":"https:\/\/schluesseldienstbremen.org\/en\/wp-json\/wp\/v2\/users\/2"}],"replies":[{"embeddable":true,"href":"https:\/\/schluesseldienstbremen.org\/en\/wp-json\/wp\/v2\/comments?post=2881"}],"version-history":[{"count":1,"href":"https:\/\/schluesseldienstbremen.org\/en\/wp-json\/wp\/v2\/pages\/2881\/revisions"}],"predecessor-version":[{"id":2884,"href":"https:\/\/schluesseldienstbremen.org\/en\/wp-json\/wp\/v2\/pages\/2881\/revisions\/2884"}],"wp:featuredmedia":[{"embeddable":true,"href":"https:\/\/schluesseldienstbremen.org\/en\/wp-json\/wp\/v2\/media\/2140"}],"wp:attachment":[{"href":"https:\/\/schluesseldienstbremen.org\/en\/wp-json\/wp\/v2\/media?parent=2881"}],"curies":[{"name":"wp","href":"https:\/\/api.w.org\/{rel}","templated":true}]}}