{"id":2885,"date":"2025-01-28T15:01:30","date_gmt":"2025-01-28T15:01:30","guid":{"rendered":"https:\/\/schluesseldienstbremen.org\/?page_id=2885"},"modified":"2025-01-28T15:01:32","modified_gmt":"2025-01-28T15:01:32","slug":"was-kostet-eine-tueroeffnung-durch-einen-schluesseldienst","status":"publish","type":"page","link":"https:\/\/schluesseldienstbremen.org\/en\/was-kostet-eine-tueroeffnung-durch-einen-schluesseldienst\/","title":{"rendered":"Was kostet eine T\u00fcr\u00f6ffnung durch einen Schl\u00fcsseldienst?"},"content":{"rendered":"<p>Was kostet eine T\u00fcr\u00f6ffnung durch einen Schl\u00fcsseldienst?<\/p>\n\n\n\n<p>Wenn die T\u00fcr pl\u00f6tzlich ins Schloss f\u00e4llt, der Schl\u00fcssel verloren geht oder abbricht, wird der Schl\u00fcsseldienst zur Rettung. Doch viele fragen sich: <strong>Was kostet eine T\u00fcr\u00f6ffnung durch einen Schl\u00fcsseldienst?<\/strong> Die Antwort h\u00e4ngt von verschiedenen Faktoren ab, wie der Art der T\u00fcr\u00f6ffnung, der Tageszeit und dem Anbieter.<\/p>\n\n\n\n<h3 class=\"wp-block-heading\"><strong>Die Kosten f\u00fcr eine T\u00fcr\u00f6ffnung<\/strong><\/h3>\n\n\n\n<p>Im Durchschnitt kostet eine T\u00fcr\u00f6ffnung durch einen seri\u00f6sen Schl\u00fcsseldienst tags\u00fcber etwa <strong>70 bis 150 Euro<\/strong>, je nach Aufwand. Bei einem Notdienst in der Nacht, an Wochenenden oder Feiertagen k\u00f6nnen die Kosten auf <strong>150 bis 300 Euro<\/strong> steigen. Wenn die T\u00fcr nur zugefallen ist, reicht oft eine einfache, besch\u00e4digungsfreie \u00d6ffnung aus, die g\u00fcnstiger ist. Bei verriegelten T\u00fcren oder defekten Schl\u00f6ssern k\u00f6nnen zus\u00e4tzliche Kosten f\u00fcr den Schlosswechsel entstehen, die zwischen <strong>30 und 200 Euro<\/strong> liegen, abh\u00e4ngig von der Qualit\u00e4t des neuen Schlosses.<\/p>\n\n\n\n<h3 class=\"wp-block-heading\"><strong>Transparenz bei Schl\u00fcsseldienst Edu in <a href=\"https:\/\/de.wikipedia.org\/wiki\/Bremen\">Bremen<\/a><\/strong><\/h3>\n\n\n\n<p>Bei <strong>Schl\u00fcsseldienst Edu<\/strong> legen wir gro\u00dfen Wert auf <strong>faire und transparente Preise<\/strong>. Wir informieren unsere Kunden immer vorab \u00fcber die Kosten, sodass keine versteckten Geb\u00fchren entstehen. F\u00fcr eine einfache T\u00fcr\u00f6ffnung berechnen wir einen festen, \u00fcbersichtlichen Betrag. Unsere <strong>Erfahrung aus 26 Jahren<\/strong> garantiert eine schnelle und fachgerechte L\u00f6sung \u2013 ohne Sch\u00e4den an der T\u00fcr.<\/p>\n\n\n\n<h3 class=\"wp-block-heading\"><strong>Warum Schl\u00fcsseldienst Edu?<\/strong><\/h3>\n\n\n\n<p>Neben T\u00fcr\u00f6ffnungen bieten wir auch <strong>Schlosswechsel<\/strong>, <strong>Einbruchschutz<\/strong> und die <strong>Programmierung sowie Reparatur von Autoschl\u00fcsseln<\/strong> an. Unsere <strong>moderne Ausr\u00fcstung<\/strong> und unser geschultes Team erm\u00f6glichen es, jede Herausforderung zu meistern. Wir sind <strong>24\/7 f\u00fcr Sie da<\/strong>, egal ob am Tag oder in der Nacht.<\/p>\n\n\n\n<p>Vertrauen Sie auf einen <strong>seri\u00f6sen Schl\u00fcsseldienst in Bremen<\/strong>.<a href=\"https:\/\/schluesseldienstbremen.org\/en\/\"> <strong>Schl\u00fcsseldienst Edu<\/strong><\/a> steht f\u00fcr Qualit\u00e4t, Zuverl\u00e4ssigkeit und faire Preise \u2013 seit \u00fcber zwei Jahrzehnten!<\/p>\n\n\n\n<p>4o<\/p>","protected":false},"excerpt":{"rendered":"<p>Was kostet eine T\u00fcr\u00f6ffnung durch einen Schl\u00fcsseldienst? Wenn die T\u00fcr pl\u00f6tzlich ins Schloss f\u00e4llt, der Schl\u00fcssel verloren geht oder abbricht, wird der Schl\u00fcsseldienst zur Rettung. Doch viele fragen sich: Was kostet eine T\u00fcr\u00f6ffnung durch einen Schl\u00fcsseldienst? Die Antwort h\u00e4ngt von verschiedenen Faktoren ab, wie der Art der T\u00fcr\u00f6ffnung, der Tageszeit und dem Anbieter. Die Kosten [&hellip;]<\/p>\n","protected":false},"author":2,"featured_media":2805,"parent":0,"menu_order":0,"comment_status":"closed","ping_status":"closed","template":"","meta":{"_uag_custom_page_level_css":"","site-sidebar-layout":"default","site-content-layout":"","ast-site-content-layout":"default","site-content-style":"default","site-sidebar-style":"default","ast-global-header-display":"","ast-banner-title-visibility":"","ast-main-header-display":"","ast-hfb-above-header-display":"","ast-hfb-below-header-display":"","ast-hfb-mobile-header-display":"","site-post-title":"","ast-breadcrumbs-content":"","ast-featured-img":"","footer-sml-layout":"","ast-disable-related-posts":"","theme-transparent-header-meta":"","adv-header-id-meta":"","stick-header-meta":"","header-above-stick-meta":"","header-main-stick-meta":"","header-below-stick-meta":"","astra-migrate-meta-layouts":"default","ast-page-background-enabled":"default","ast-page-background-meta":{"desktop":{"background-color":"","background-image":"","background-repeat":"repeat","background-position":"center center","background-size":"auto","background-attachment":"scroll","background-type":"","background-media":"","overlay-type":"","overlay-color":"","overlay-opacity":"","overlay-gradient":""},"tablet":{"background-color":"","background-image":"","background-repeat":"repeat","background-position":"center center","background-size":"auto","background-attachment":"scroll","background-type":"","background-media":"","overlay-type":"","overlay-color":"","overlay-opacity":"","overlay-gradient":""},"mobile":{"background-color":"","background-image":"","background-repeat":"repeat","background-position":"center center","background-size":"auto","background-attachment":"scroll","background-type":"","background-media":"","overlay-type":"","overlay-color":"","overlay-opacity":"","overlay-gradient":""}},"ast-content-background-meta":{"desktop":{"background-color":"var(--ast-global-color-5)","background-image":"","background-repeat":"repeat","background-position":"center center","background-size":"auto","background-attachment":"scroll","background-type":"","background-media":"","overlay-type":"","overlay-color":"","overlay-opacity":"","overlay-gradient":""},"tablet":{"background-color":"var(--ast-global-color-5)","background-image":"","background-repeat":"repeat","background-position":"center center","background-size":"auto","background-attachment":"scroll","background-type":"","background-media":"","overlay-type":"","overlay-color":"","overlay-opacity":"","overlay-gradient":""},"mobile":{"background-color":"var(--ast-global-color-5)","background-image":"","background-repeat":"repeat","background-position":"center center","background-size":"auto","background-attachment":"scroll","background-type":"","background-media":"","overlay-type":"","overlay-color":"","overlay-opacity":"","overlay-gradient":""}},"footnotes":""},"class_list":["post-2885","page","type-page","status-publish","has-post-thumbnail","hentry"],"yoast_head":"<!-- This site is optimized with the Yoast SEO plugin v27.1.1 - https:\/\/yoast.com\/product\/yoast-seo-wordpress\/ -->\n<title>Was kostet eine T\u00fcr\u00f6ffnung durch einen Schl\u00fcsseldienst? - Schl\u00fcsseldienst Edu<\/title>\n<meta name=\"description\" content=\"Was kostet eine T\u00fcr\u00f6ffnung durch einen Schl\u00fcsseldienst?\u2705Schl\u00fcsselnotdienst 24\/7 Bremen \u270510-30 Min Vor Ort\u2705 Festpreis Garantie \u260e\ufe0f0421\/425385\" \/>\n<meta name=\"robots\" content=\"index, follow, max-snippet:-1, max-image-preview:large, max-video-preview:-1\" \/>\n<link rel=\"canonical\" href=\"https:\/\/schluesseldienstbremen.org\/en\/was-kostet-eine-tueroeffnung-durch-einen-schluesseldienst\/\" \/>\n<meta property=\"og:locale\" content=\"en_US\" \/>\n<meta property=\"og:type\" content=\"article\" \/>\n<meta property=\"og:title\" content=\"Was kostet eine T\u00fcr\u00f6ffnung durch einen Schl\u00fcsseldienst? - Schl\u00fcsseldienst Edu\" \/>\n<meta property=\"og:description\" content=\"Was kostet eine T\u00fcr\u00f6ffnung durch einen Schl\u00fcsseldienst?\u2705Schl\u00fcsselnotdienst 24\/7 Bremen \u270510-30 Min Vor Ort\u2705 Festpreis Garantie \u260e\ufe0f0421\/425385\" \/>\n<meta property=\"og:url\" content=\"https:\/\/schluesseldienstbremen.org\/en\/was-kostet-eine-tueroeffnung-durch-einen-schluesseldienst\/\" \/>\n<meta property=\"og:site_name\" content=\"Schl\u00fcsseldienst Edu\" \/>\n<meta property=\"article:modified_time\" content=\"2025-01-28T15:01:32+00:00\" \/>\n<meta property=\"og:image\" content=\"https:\/\/schluesseldienstbremen.org\/wp-content\/uploads\/2025\/01\/Schluesseldienst_Bremen_Laden_Optimized.png\" \/>\n\t<meta property=\"og:image:width\" content=\"1366\" \/>\n\t<meta property=\"og:image:height\" content=\"768\" \/>\n\t<meta property=\"og:image:type\" content=\"image\/png\" \/>\n<meta name=\"twitter:card\" content=\"summary_large_image\" \/>\n<meta name=\"twitter:label1\" content=\"Est. reading time\" \/>\n\t<meta name=\"twitter:data1\" content=\"2 minutes\" \/>\n<script type=\"application\/ld+json\" class=\"yoast-schema-graph\">{\"@context\":\"https:\/\/schema.org\",\"@graph\":[{\"@type\":\"WebPage\",\"@id\":\"https:\/\/schluesseldienstbremen.org\/was-kostet-eine-tueroeffnung-durch-einen-schluesseldienst\/\",\"url\":\"https:\/\/schluesseldienstbremen.org\/was-kostet-eine-tueroeffnung-durch-einen-schluesseldienst\/\",\"name\":\"Was kostet eine T\u00fcr\u00f6ffnung durch einen Schl\u00fcsseldienst? - Schl\u00fcsseldienst Edu\",\"isPartOf\":{\"@id\":\"https:\/\/schluesseldienstbremen.org\/#website\"},\"primaryImageOfPage\":{\"@id\":\"https:\/\/schluesseldienstbremen.org\/was-kostet-eine-tueroeffnung-durch-einen-schluesseldienst\/#primaryimage\"},\"image\":{\"@id\":\"https:\/\/schluesseldienstbremen.org\/was-kostet-eine-tueroeffnung-durch-einen-schluesseldienst\/#primaryimage\"},\"thumbnailUrl\":\"https:\/\/schluesseldienstbremen.org\/wp-content\/uploads\/2025\/01\/Schluesseldienst_Bremen_Laden_Optimized.png\",\"datePublished\":\"2025-01-28T15:01:30+00:00\",\"dateModified\":\"2025-01-28T15:01:32+00:00\",\"description\":\"Was kostet eine T\u00fcr\u00f6ffnung durch einen Schl\u00fcsseldienst?\u2705Schl\u00fcsselnotdienst 24\/7 Bremen \u270510-30 Min Vor Ort\u2705 Festpreis Garantie \u260e\ufe0f0421\/425385\",\"breadcrumb\":{\"@id\":\"https:\/\/schluesseldienstbremen.org\/was-kostet-eine-tueroeffnung-durch-einen-schluesseldienst\/#breadcrumb\"},\"inLanguage\":\"en-US\",\"potentialAction\":[{\"@type\":\"ReadAction\",\"target\":[\"https:\/\/schluesseldienstbremen.org\/was-kostet-eine-tueroeffnung-durch-einen-schluesseldienst\/\"]}]},{\"@type\":\"ImageObject\",\"inLanguage\":\"en-US\",\"@id\":\"https:\/\/schluesseldienstbremen.org\/was-kostet-eine-tueroeffnung-durch-einen-schluesseldienst\/#primaryimage\",\"url\":\"https:\/\/schluesseldienstbremen.org\/wp-content\/uploads\/2025\/01\/Schluesseldienst_Bremen_Laden_Optimized.png\",\"contentUrl\":\"https:\/\/schluesseldienstbremen.org\/wp-content\/uploads\/2025\/01\/Schluesseldienst_Bremen_Laden_Optimized.png\",\"width\":1366,\"height\":768,\"caption\":\"Schl\u00fcsseldienst Edu Schl\u00fcsselnotdienst 24\/7\"},{\"@type\":\"BreadcrumbList\",\"@id\":\"https:\/\/schluesseldienstbremen.org\/was-kostet-eine-tueroeffnung-durch-einen-schluesseldienst\/#breadcrumb\",\"itemListElement\":[{\"@type\":\"ListItem\",\"position\":1,\"name\":\"Startseite\",\"item\":\"https:\/\/schluesseldienstbremen.org\/\"},{\"@type\":\"ListItem\",\"position\":2,\"name\":\"Was kostet eine T\u00fcr\u00f6ffnung durch einen Schl\u00fcsseldienst?\"}]},{\"@type\":\"WebSite\",\"@id\":\"https:\/\/schluesseldienstbremen.org\/#website\",\"url\":\"https:\/\/schluesseldienstbremen.org\/\",\"name\":\"Schl\u00fcsseldienst Edu\",\"description\":\"Schl\u00fcsseldienst 24 Stunden Festpreis\",\"publisher\":{\"@id\":\"https:\/\/schluesseldienstbremen.org\/#organization\"},\"potentialAction\":[{\"@type\":\"SearchAction\",\"target\":{\"@type\":\"EntryPoint\",\"urlTemplate\":\"https:\/\/schluesseldienstbremen.org\/?s={search_term_string}\"},\"query-input\":{\"@type\":\"PropertyValueSpecification\",\"valueRequired\":true,\"valueName\":\"search_term_string\"}}],\"inLanguage\":\"en-US\"},{\"@type\":\"Organization\",\"@id\":\"https:\/\/schluesseldienstbremen.org\/#organization\",\"name\":\"Schl\u00fcsseldienst-Bremen-Eck\",\"url\":\"https:\/\/schluesseldienstbremen.org\/\",\"logo\":{\"@type\":\"ImageObject\",\"inLanguage\":\"en-US\",\"@id\":\"https:\/\/schluesseldienstbremen.org\/#\/schema\/logo\/image\/\",\"url\":\"https:\/\/schluesseldienstbremen.org\/wp-content\/uploads\/2023\/02\/sweet-cakes-1.png\",\"contentUrl\":\"https:\/\/schluesseldienstbremen.org\/wp-content\/uploads\/2023\/02\/sweet-cakes-1.png\",\"width\":500,\"height\":500,\"caption\":\"Schl\u00fcsseldienst-Bremen-Eck\"},\"image\":{\"@id\":\"https:\/\/schluesseldienstbremen.org\/#\/schema\/logo\/image\/\"},\"sameAs\":[\"https:\/\/instagram.com\/schluesseldienstbremen\"]}]}<\/script>\n<!-- \/ Yoast SEO plugin. -->","yoast_head_json":{"title":"Was kostet eine T\u00fcr\u00f6ffnung durch einen Schl\u00fcsseldienst? - Schl\u00fcsseldienst Edu","description":"Was kostet eine T\u00fcr\u00f6ffnung durch einen Schl\u00fcsseldienst?\u2705Schl\u00fcsselnotdienst 24\/7 Bremen \u270510-30 Min Vor Ort\u2705 Festpreis Garantie \u260e\ufe0f0421\/425385","robots":{"index":"index","follow":"follow","max-snippet":"max-snippet:-1","max-image-preview":"max-image-preview:large","max-video-preview":"max-video-preview:-1"},"canonical":"https:\/\/schluesseldienstbremen.org\/en\/was-kostet-eine-tueroeffnung-durch-einen-schluesseldienst\/","og_locale":"en_US","og_type":"article","og_title":"Was kostet eine T\u00fcr\u00f6ffnung durch einen Schl\u00fcsseldienst? - Schl\u00fcsseldienst Edu","og_description":"Was kostet eine T\u00fcr\u00f6ffnung durch einen Schl\u00fcsseldienst?\u2705Schl\u00fcsselnotdienst 24\/7 Bremen \u270510-30 Min Vor Ort\u2705 Festpreis Garantie \u260e\ufe0f0421\/425385","og_url":"https:\/\/schluesseldienstbremen.org\/en\/was-kostet-eine-tueroeffnung-durch-einen-schluesseldienst\/","og_site_name":"Schl\u00fcsseldienst Edu","article_modified_time":"2025-01-28T15:01:32+00:00","og_image":[{"width":1366,"height":768,"url":"https:\/\/schluesseldienstbremen.org\/wp-content\/uploads\/2025\/01\/Schluesseldienst_Bremen_Laden_Optimized.png","type":"image\/png"}],"twitter_card":"summary_large_image","twitter_misc":{"Est. reading time":"2 minutes"},"schema":{"@context":"https:\/\/schema.org","@graph":[{"@type":"WebPage","@id":"https:\/\/schluesseldienstbremen.org\/was-kostet-eine-tueroeffnung-durch-einen-schluesseldienst\/","url":"https:\/\/schluesseldienstbremen.org\/was-kostet-eine-tueroeffnung-durch-einen-schluesseldienst\/","name":"Was kostet eine T\u00fcr\u00f6ffnung durch einen Schl\u00fcsseldienst? - Schl\u00fcsseldienst Edu","isPartOf":{"@id":"https:\/\/schluesseldienstbremen.org\/#website"},"primaryImageOfPage":{"@id":"https:\/\/schluesseldienstbremen.org\/was-kostet-eine-tueroeffnung-durch-einen-schluesseldienst\/#primaryimage"},"image":{"@id":"https:\/\/schluesseldienstbremen.org\/was-kostet-eine-tueroeffnung-durch-einen-schluesseldienst\/#primaryimage"},"thumbnailUrl":"https:\/\/schluesseldienstbremen.org\/wp-content\/uploads\/2025\/01\/Schluesseldienst_Bremen_Laden_Optimized.png","datePublished":"2025-01-28T15:01:30+00:00","dateModified":"2025-01-28T15:01:32+00:00","description":"Was kostet eine T\u00fcr\u00f6ffnung durch einen Schl\u00fcsseldienst?\u2705Schl\u00fcsselnotdienst 24\/7 Bremen \u270510-30 Min Vor Ort\u2705 Festpreis Garantie \u260e\ufe0f0421\/425385","breadcrumb":{"@id":"https:\/\/schluesseldienstbremen.org\/was-kostet-eine-tueroeffnung-durch-einen-schluesseldienst\/#breadcrumb"},"inLanguage":"en-US","potentialAction":[{"@type":"ReadAction","target":["https:\/\/schluesseldienstbremen.org\/was-kostet-eine-tueroeffnung-durch-einen-schluesseldienst\/"]}]},{"@type":"ImageObject","inLanguage":"en-US","@id":"https:\/\/schluesseldienstbremen.org\/was-kostet-eine-tueroeffnung-durch-einen-schluesseldienst\/#primaryimage","url":"https:\/\/schluesseldienstbremen.org\/wp-content\/uploads\/2025\/01\/Schluesseldienst_Bremen_Laden_Optimized.png","contentUrl":"https:\/\/schluesseldienstbremen.org\/wp-content\/uploads\/2025\/01\/Schluesseldienst_Bremen_Laden_Optimized.png","width":1366,"height":768,"caption":"Schl\u00fcsseldienst Edu Schl\u00fcsselnotdienst 24\/7"},{"@type":"BreadcrumbList","@id":"https:\/\/schluesseldienstbremen.org\/was-kostet-eine-tueroeffnung-durch-einen-schluesseldienst\/#breadcrumb","itemListElement":[{"@type":"ListItem","position":1,"name":"Startseite","item":"https:\/\/schluesseldienstbremen.org\/"},{"@type":"ListItem","position":2,"name":"Was kostet eine T\u00fcr\u00f6ffnung durch einen Schl\u00fcsseldienst?"}]},{"@type":"WebSite","@id":"https:\/\/schluesseldienstbremen.org\/#website","url":"https:\/\/schluesseldienstbremen.org\/","name":"Schl\u00fcsseldienst Edu","description":"Schl\u00fcsseldienst 24 Stunden Festpreis","publisher":{"@id":"https:\/\/schluesseldienstbremen.org\/#organization"},"potentialAction":[{"@type":"SearchAction","target":{"@type":"EntryPoint","urlTemplate":"https:\/\/schluesseldienstbremen.org\/?s={search_term_string}"},"query-input":{"@type":"PropertyValueSpecification","valueRequired":true,"valueName":"search_term_string"}}],"inLanguage":"en-US"},{"@type":"Organization","@id":"https:\/\/schluesseldienstbremen.org\/#organization","name":"Schl\u00fcsseldienst-Bremen-Eck","url":"https:\/\/schluesseldienstbremen.org\/","logo":{"@type":"ImageObject","inLanguage":"en-US","@id":"https:\/\/schluesseldienstbremen.org\/#\/schema\/logo\/image\/","url":"https:\/\/schluesseldienstbremen.org\/wp-content\/uploads\/2023\/02\/sweet-cakes-1.png","contentUrl":"https:\/\/schluesseldienstbremen.org\/wp-content\/uploads\/2023\/02\/sweet-cakes-1.png","width":500,"height":500,"caption":"Schl\u00fcsseldienst-Bremen-Eck"},"image":{"@id":"https:\/\/schluesseldienstbremen.org\/#\/schema\/logo\/image\/"},"sameAs":["https:\/\/instagram.com\/schluesseldienstbremen"]}]}},"uagb_featured_image_src":{"full":["https:\/\/schluesseldienstbremen.org\/wp-content\/uploads\/2025\/01\/Schluesseldienst_Bremen_Laden_Optimized.png",1366,768,false],"thumbnail":["https:\/\/schluesseldienstbremen.org\/wp-content\/uploads\/2025\/01\/Schluesseldienst_Bremen_Laden_Optimized-150x150.png",150,150,true],"medium":["https:\/\/schluesseldienstbremen.org\/wp-content\/uploads\/2025\/01\/Schluesseldienst_Bremen_Laden_Optimized-300x169.png",300,169,true],"medium_large":["https:\/\/schluesseldienstbremen.org\/wp-content\/uploads\/2025\/01\/Schluesseldienst_Bremen_Laden_Optimized-768x432.png",768,432,true],"large":["https:\/\/schluesseldienstbremen.org\/wp-content\/uploads\/2025\/01\/Schluesseldienst_Bremen_Laden_Optimized-1024x576.png",1024,576,true],"1536x1536":["https:\/\/schluesseldienstbremen.org\/wp-content\/uploads\/2025\/01\/Schluesseldienst_Bremen_Laden_Optimized.png",1366,768,false],"2048x2048":["https:\/\/schluesseldienstbremen.org\/wp-content\/uploads\/2025\/01\/Schluesseldienst_Bremen_Laden_Optimized.png",1366,768,false],"trp-custom-language-flag":["https:\/\/schluesseldienstbremen.org\/wp-content\/uploads\/2025\/01\/Schluesseldienst_Bremen_Laden_Optimized-18x10.png",18,10,true]},"uagb_author_info":{"display_name":"said yah","author_link":"https:\/\/schluesseldienstbremen.org\/en\/author\/said\/"},"uagb_comment_info":0,"uagb_excerpt":"Was kostet eine T\u00fcr\u00f6ffnung durch einen Schl\u00fcsseldienst? Wenn die T\u00fcr pl\u00f6tzlich ins Schloss f\u00e4llt, der Schl\u00fcssel verloren geht oder abbricht, wird der Schl\u00fcsseldienst zur Rettung. Doch viele fragen sich: Was kostet eine T\u00fcr\u00f6ffnung durch einen Schl\u00fcsseldienst? Die Antwort h\u00e4ngt von verschiedenen Faktoren ab, wie der Art der T\u00fcr\u00f6ffnung, der Tageszeit und dem Anbieter. Die Kosten&hellip;","_links":{"self":[{"href":"https:\/\/schluesseldienstbremen.org\/en\/wp-json\/wp\/v2\/pages\/2885","targetHints":{"allow":["GET"]}}],"collection":[{"href":"https:\/\/schluesseldienstbremen.org\/en\/wp-json\/wp\/v2\/pages"}],"about":[{"href":"https:\/\/schluesseldienstbremen.org\/en\/wp-json\/wp\/v2\/types\/page"}],"author":[{"embeddable":true,"href":"https:\/\/schluesseldienstbremen.org\/en\/wp-json\/wp\/v2\/users\/2"}],"replies":[{"embeddable":true,"href":"https:\/\/schluesseldienstbremen.org\/en\/wp-json\/wp\/v2\/comments?post=2885"}],"version-history":[{"count":1,"href":"https:\/\/schluesseldienstbremen.org\/en\/wp-json\/wp\/v2\/pages\/2885\/revisions"}],"predecessor-version":[{"id":2888,"href":"https:\/\/schluesseldienstbremen.org\/en\/wp-json\/wp\/v2\/pages\/2885\/revisions\/2888"}],"wp:featuredmedia":[{"embeddable":true,"href":"https:\/\/schluesseldienstbremen.org\/en\/wp-json\/wp\/v2\/media\/2805"}],"wp:attachment":[{"href":"https:\/\/schluesseldienstbremen.org\/en\/wp-json\/wp\/v2\/media?parent=2885"}],"curies":[{"name":"wp","href":"https:\/\/api.w.org\/{rel}","templated":true}]}}